{"id":116287,"date":"2025-12-01T07:31:39","date_gmt":"2025-12-01T00:31:39","guid":{"rendered":"https:\/\/trading.hhg.vn\/product\/mo-dun-ngan-keo-ben-trong-140-320-intrastoris\/"},"modified":"2025-12-01T07:31:57","modified_gmt":"2025-12-01T00:31:57","slug":"mo-dun-ngan-keo-ben-trong-140-320-intrastoris","status":"publish","type":"product","link":"https:\/\/trading.hhg.vn\/en\/s\u1ea3n-ph\u1ea9m\/mo-dun-ngan-keo-ben-trong-140-320-intrastoris\/","title":{"rendered":"M\u00f4-\u0111un ng\u0103n k\u00e9o b\u00ean trong 140\/320 IntraStoris"},"content":{"rendered":"","protected":false},"excerpt":{"rendered":"<p>IntraStoris 140\/320 kh\u00f4ng ch\u1ec9 l\u00e0 m\u00f4-\u0111un ng\u0103n k\u00e9o, m\u00e0 c\u00f2n l\u00e0 tuy\u00ean ng\u00f4n v\u1ec1 s\u1ef1 tinh t\u1ebf v\u00e0 t\u1ed1i \u01b0u. Thi\u1ebft k\u1ebf \u1ea9n m\u00ecnh \u0111\u1ea7y duy\u00ean d\u00e1ng, h\u00f2a quy\u1ec7n tuy\u1ec7t \u0111\u1ed1i v\u00e0o kh\u00f4ng gian, ki\u1ebfn t\u1ea1o v\u1ebb \u0111\u1eb9p li\u1ec1n m\u1ea1ch v\u00e0 sang tr\u1ecdng. M\u1ed7i thao t\u00e1c m\u1edf\/\u0111\u00f3ng \u0111\u1ec1u m\u01b0\u1ee3t m\u00e0 b\u1ea5t ng\u1edd, g\u1ee3i c\u1ea3m gi\u00e1c \u0111\u1eb3ng c\u1ea5p qua t\u1eebng c\u1eed ch\u1ec9. IntraStoris bi\u1ebfn vi\u1ec7c c\u1ea5t tr\u1eef th\u00e0nh tr\u1ea3i nghi\u1ec7m ngh\u1ec7 thu\u1eadt, n\u01a1i c\u00f4ng n\u0103ng v\u00e0 th\u1ea9m m\u1ef9 c\u00f9ng th\u0103ng hoa, mang l\u1ea1i s\u1ef1 ti\u1ec7n nghi ho\u00e0n h\u1ea3o v\u00e0 kh\u01a1i ngu\u1ed3n c\u1ea3m h\u1ee9ng cho kh\u00f4ng gian s\u1ed1ng c\u1ee7a b\u1ea1n.<\/p>\n","protected":false},"featured_media":26200,"comment_status":"open","ping_status":"closed","template":"","meta":{"_acf_changed":false},"product_cat":[869],"product_tag":[],"class_list":{"0":"post-116287","1":"product","2":"type-product","3":"status-publish","4":"has-post-thumbnail","6":"product_cat-khay-chia-ngan","7":"pa_mau-sac-go-oc-cho","9":"first","10":"instock","11":"shipping-taxable","12":"product-type-simple"},"acf":[],"featured_media_urls":{"thumbnail":["https:\/\/trading.hhg.vn\/wp-content\/uploads\/2025\/11\/154__hpr05824_tif-150x150.png",150,150,true],"medium":["https:\/\/trading.hhg.vn\/wp-content\/uploads\/2025\/11\/154__hpr05824_tif-262x300.png",262,300,true],"medium_large":["https:\/\/trading.hhg.vn\/wp-content\/uploads\/2025\/11\/154__hpr05824_tif-768x878.png",768,878,true],"large":["https:\/\/trading.hhg.vn\/wp-content\/uploads\/2025\/11\/154__hpr05824_tif-896x1024.png",896,1024,true],"1536x1536":["https:\/\/trading.hhg.vn\/wp-content\/uploads\/2025\/11\/154__hpr05824_tif-1344x1536.png",1344,1536,true],"2048x2048":["https:\/\/trading.hhg.vn\/wp-content\/uploads\/2025\/11\/154__hpr05824_tif.png",1440,1646,false],"woocommerce_thumbnail":["https:\/\/trading.hhg.vn\/wp-content\/uploads\/2025\/11\/154__hpr05824_tif-600x600.png",600,600,true],"woocommerce_single":["https:\/\/trading.hhg.vn\/wp-content\/uploads\/2025\/11\/154__hpr05824_tif-1200x1372.png",1200,1372,true],"woocommerce_gallery_thumbnail":["https:\/\/trading.hhg.vn\/wp-content\/uploads\/2025\/11\/154__hpr05824_tif-150x171.png",150,171,true],"portfolio_item-thumbnail":["https:\/\/trading.hhg.vn\/wp-content\/uploads\/2025\/11\/154__hpr05824_tif.png",350,400,false],"portfolio_item-thumbnail@2x":["https:\/\/trading.hhg.vn\/wp-content\/uploads\/2025\/11\/154__hpr05824_tif.png",700,800,false],"portfolio_item-masonry":["https:\/\/trading.hhg.vn\/wp-content\/uploads\/2025\/11\/154__hpr05824_tif.png",600,686,false],"portfolio_item-masonry@2x":["https:\/\/trading.hhg.vn\/wp-content\/uploads\/2025\/11\/154__hpr05824_tif.png",1200,1372,false],"portfolio_item-thumbnail_cinema":["https:\/\/trading.hhg.vn\/wp-content\/uploads\/2025\/11\/154__hpr05824_tif.png",293,335,false],"portfolio_item-thumbnail_portrait":["https:\/\/trading.hhg.vn\/wp-content\/uploads\/2025\/11\/154__hpr05824_tif.png",600,686,false],"portfolio_item-thumbnail_portrait@2x":["https:\/\/trading.hhg.vn\/wp-content\/uploads\/2025\/11\/154__hpr05824_tif.png",1200,1372,false],"portfolio_item-thumbnail_square":["https:\/\/trading.hhg.vn\/wp-content\/uploads\/2025\/11\/154__hpr05824_tif.png",700,800,false]},"_links":{"self":[{"href":"https:\/\/trading.hhg.vn\/en\/wp-json\/wp\/v2\/product\/116287","targetHints":{"allow":["GET"]}}],"collection":[{"href":"https:\/\/trading.hhg.vn\/en\/wp-json\/wp\/v2\/product"}],"about":[{"href":"https:\/\/trading.hhg.vn\/en\/wp-json\/wp\/v2\/types\/product"}],"replies":[{"embeddable":true,"href":"https:\/\/trading.hhg.vn\/en\/wp-json\/wp\/v2\/comments?post=116287"}],"version-history":[{"count":0,"href":"https:\/\/trading.hhg.vn\/en\/wp-json\/wp\/v2\/product\/116287\/revisions"}],"wp:featuredmedia":[{"embeddable":true,"href":"https:\/\/trading.hhg.vn\/en\/wp-json\/wp\/v2\/media\/26200"}],"wp:attachment":[{"href":"https:\/\/trading.hhg.vn\/en\/wp-json\/wp\/v2\/media?parent=116287"}],"wp:term":[{"taxonomy":"product_cat","embeddable":true,"href":"https:\/\/trading.hhg.vn\/en\/wp-json\/wp\/v2\/product_cat?post=116287"},{"taxonomy":"product_tag","embeddable":true,"href":"https:\/\/trading.hhg.vn\/en\/wp-json\/wp\/v2\/product_tag?post=116287"}],"curies":[{"name":"wp","href":"https:\/\/api.w.org\/{rel}","templated":true}]}}