{"id":116309,"date":"2025-12-01T07:33:43","date_gmt":"2025-12-01T00:33:43","guid":{"rendered":"https:\/\/trading.hhg.vn\/product\/bo-dieu-nhiet-sen-tam-gan-tuong-ecostat-1001-cl-2\/"},"modified":"2026-01-28T07:42:57","modified_gmt":"2026-01-28T00:42:57","slug":"bo-dieu-nhiet-sen-tam-gan-tuong-ecostat-1001-cl-2","status":"publish","type":"product","link":"https:\/\/trading.hhg.vn\/en\/s\u1ea3n-ph\u1ea9m\/bo-dieu-nhiet-sen-tam-gan-tuong-ecostat-1001-cl-2\/","title":{"rendered":"B\u1ed9 \u0111i\u1ec1u nhi\u1ec7t sen t\u1eafm g\u1eafn t\u01b0\u1eddng Ecostat 1001 CL"},"content":{"rendered":"","protected":false},"excerpt":{"rendered":"<p>Th\u0103ng hoa c\u00f9ng Ecostat 1001 CL \u2013 ki\u1ec7t t\u00e1c t\u1ed1i gi\u1ea3n ki\u1ebfn t\u1ea1o tr\u1ea3i nghi\u1ec7m t\u1eafm g\u1ed9i \u0111\u1ec9nh cao. Tinh t\u1ebf trong t\u1eebng \u0111\u01b0\u1eddng n\u00e9t, b\u1ed9 \u0111i\u1ec1u nhi\u1ec7t sen t\u1eafm n\u00e0y kh\u00f4ng ch\u1ec9 l\u00e0 thi\u1ebft b\u1ecb n\u1ed9i th\u1ea5t m\u00e0 c\u00f2n l\u00e0 \u0111i\u1ec3m nh\u1ea5n sang tr\u1ecdng cho kh\u00f4ng gian ph\u00f2ng t\u1eafm c\u1ee7a b\u1ea1n. C\u00f4ng n\u0103ng \u01b0u vi\u1ec7t, d\u1ec5 d\u00e0ng \u0111i\u1ec1u ch\u1ec9nh nhi\u1ec7t \u0111\u1ed9 v\u00e0 l\u01b0u l\u01b0\u1ee3ng n\u01b0\u1edbc ch\u00ednh x\u00e1c \u0111\u1ebfn kinh ng\u1ea1c, mang \u0111\u1ebfn d\u00f2ng ch\u1ea3y \u00eam \u00e1i, n\u00e2ng niu l\u00e0n da. Ecostat 1001 CL l\u00e0 s\u1ef1 giao thoa ho\u00e0n h\u1ea3o gi\u1eefa thi\u1ebft k\u1ebf \u0111\u1eb3ng c\u1ea5p v\u00e0 ti\u1ec7n \u00edch v\u01b0\u1ee3t tr\u1ed9i, \u0111\u1ec3 m\u1ed7i kho\u1ea3nh kh\u1eafc d\u01b0\u1edbi v\u00f2i sen l\u00e0 m\u1ed9t li\u1ec7u tr\u00ecnh th\u01b0 gi\u00e3n tuy\u1ec7t \u0111\u1ed1i, \u0111\u00e1nh th\u1ee9c m\u1ecdi gi\u00e1c quan.<\/p>\n","protected":false},"featured_media":116307,"comment_status":"open","ping_status":"closed","template":"","meta":{"_acf_changed":false},"product_cat":[847],"product_tag":[],"class_list":{"0":"post-116309","1":"product","2":"type-product","3":"status-publish","4":"has-post-thumbnail","6":"product_cat-bo-dieu-nhiet-2","7":"pa_mau-sac-chrome","9":"first","10":"instock","11":"shipping-taxable","12":"purchasable","13":"product-type-simple"},"acf":[],"featured_media_urls":{"thumbnail":["https:\/\/trading.hhg.vn\/wp-content\/uploads\/2025\/12\/154__hpa01815_tif-150x150.png",150,150,true],"medium":["https:\/\/trading.hhg.vn\/wp-content\/uploads\/2025\/12\/154__hpa01815_tif-262x300.png",262,300,true],"medium_large":["https:\/\/trading.hhg.vn\/wp-content\/uploads\/2025\/12\/154__hpa01815_tif-768x878.png",768,878,true],"large":["https:\/\/trading.hhg.vn\/wp-content\/uploads\/2025\/12\/154__hpa01815_tif-896x1024.png",896,1024,true],"1536x1536":["https:\/\/trading.hhg.vn\/wp-content\/uploads\/2025\/12\/154__hpa01815_tif-1344x1536.png",1344,1536,true],"2048x2048":["https:\/\/trading.hhg.vn\/wp-content\/uploads\/2025\/12\/154__hpa01815_tif.png",1440,1646,false],"woocommerce_thumbnail":["https:\/\/trading.hhg.vn\/wp-content\/uploads\/2025\/12\/154__hpa01815_tif-600x600.png",600,600,true],"woocommerce_single":["https:\/\/trading.hhg.vn\/wp-content\/uploads\/2025\/12\/154__hpa01815_tif-1200x1372.png",1200,1372,true],"woocommerce_gallery_thumbnail":["https:\/\/trading.hhg.vn\/wp-content\/uploads\/2025\/12\/154__hpa01815_tif-150x171.png",150,171,true],"portfolio_item-thumbnail":["https:\/\/trading.hhg.vn\/wp-content\/uploads\/2025\/12\/154__hpa01815_tif.png",350,400,false],"portfolio_item-thumbnail@2x":["https:\/\/trading.hhg.vn\/wp-content\/uploads\/2025\/12\/154__hpa01815_tif.png",700,800,false],"portfolio_item-masonry":["https:\/\/trading.hhg.vn\/wp-content\/uploads\/2025\/12\/154__hpa01815_tif.png",600,686,false],"portfolio_item-masonry@2x":["https:\/\/trading.hhg.vn\/wp-content\/uploads\/2025\/12\/154__hpa01815_tif.png",1200,1372,false],"portfolio_item-thumbnail_cinema":["https:\/\/trading.hhg.vn\/wp-content\/uploads\/2025\/12\/154__hpa01815_tif.png",293,335,false],"portfolio_item-thumbnail_portrait":["https:\/\/trading.hhg.vn\/wp-content\/uploads\/2025\/12\/154__hpa01815_tif.png",600,686,false],"portfolio_item-thumbnail_portrait@2x":["https:\/\/trading.hhg.vn\/wp-content\/uploads\/2025\/12\/154__hpa01815_tif.png",1200,1372,false],"portfolio_item-thumbnail_square":["https:\/\/trading.hhg.vn\/wp-content\/uploads\/2025\/12\/154__hpa01815_tif.png",700,800,false]},"_links":{"self":[{"href":"https:\/\/trading.hhg.vn\/en\/wp-json\/wp\/v2\/product\/116309","targetHints":{"allow":["GET"]}}],"collection":[{"href":"https:\/\/trading.hhg.vn\/en\/wp-json\/wp\/v2\/product"}],"about":[{"href":"https:\/\/trading.hhg.vn\/en\/wp-json\/wp\/v2\/types\/product"}],"replies":[{"embeddable":true,"href":"https:\/\/trading.hhg.vn\/en\/wp-json\/wp\/v2\/comments?post=116309"}],"version-history":[{"count":1,"href":"https:\/\/trading.hhg.vn\/en\/wp-json\/wp\/v2\/product\/116309\/revisions"}],"predecessor-version":[{"id":117910,"href":"https:\/\/trading.hhg.vn\/en\/wp-json\/wp\/v2\/product\/116309\/revisions\/117910"}],"wp:featuredmedia":[{"embeddable":true,"href":"https:\/\/trading.hhg.vn\/en\/wp-json\/wp\/v2\/media\/116307"}],"wp:attachment":[{"href":"https:\/\/trading.hhg.vn\/en\/wp-json\/wp\/v2\/media?parent=116309"}],"wp:term":[{"taxonomy":"product_cat","embeddable":true,"href":"https:\/\/trading.hhg.vn\/en\/wp-json\/wp\/v2\/product_cat?post=116309"},{"taxonomy":"product_tag","embeddable":true,"href":"https:\/\/trading.hhg.vn\/en\/wp-json\/wp\/v2\/product_tag?post=116309"}],"curies":[{"name":"wp","href":"https:\/\/api.w.org\/{rel}","templated":true}]}}