{"id":116574,"date":"2025-12-01T07:43:10","date_gmt":"2025-12-01T00:43:10","guid":{"rendered":"https:\/\/trading.hhg.vn\/?post_type=product&#038;p=116574"},"modified":"2026-01-28T07:46:56","modified_gmt":"2026-01-28T00:46:56","slug":"gia-treo-khan-tam-addstoris-q","status":"publish","type":"product","link":"https:\/\/trading.hhg.vn\/en\/s\u1ea3n-ph\u1ea9m\/gia-treo-khan-tam-addstoris-q\/","title":{"rendered":"Gi\u00e1 treo kh\u0103n t\u1eafm AddStoris Q"},"content":{"rendered":"<p><img fetchpriority=\"high\" decoding=\"async\" class=\"alignnone wp-image-7559 aligncenter\" src=\"https:\/\/trading.hhg.vn\/wp-content\/uploads\/2025\/11\/AddStoris.jpg\" alt=\"\" width=\"606\" height=\"454\" \/>Hansgrohe AddStoris \u0111\u01b0\u1ee3c thi\u1ebft k\u1ebf theo tri\u1ebft l\u00fd t\u1ed1i gi\u1ea3n, \u0111\u1ed3ng b\u1ed9 v\u00e0 tinh t\u1ebf, mang \u0111\u1ebfn gi\u1ea3i ph\u00e1p ph\u1ee5 ki\u1ec7n ph\u00f2ng t\u1eafm to\u00e0n di\u1ec7n cho m\u1ecdi phong c\u00e1ch n\u1ed9i th\u1ea5t. V\u1edbi \u0111\u01b0\u1eddng n\u00e9t h\u00ecnh h\u1ecdc r\u00f5 r\u00e0ng, t\u1ef7 l\u1ec7 c\u00e2n \u0111\u1ed1i v\u00e0 b\u1ec1 m\u1eb7t ho\u00e0n thi\u1ec7n cao c\u1ea5p, AddStoris gi\u00fap t\u1ea1o n\u00ean m\u1ed9t kh\u00f4ng gian t\u1eafm g\u1ecdn g\u00e0ng, hi\u1ec7n \u0111\u1ea1i v\u00e0 th\u1ea9m m\u1ef9 tuy\u1ec7t \u0111\u1ed1i. <\/p>\n<p>C\u00f3 hai ki\u1ec3u d\u00e1ng ch\u00ednh: hansgrohe AddStoris mang thi\u1ebft k\u1ebf t\u1ed1i gi\u1ea3n, gi\u00fap t\u1ed1i \u01b0u kh\u00f4ng gian l\u01b0u tr\u1eef ph\u00f2ng t\u1eafm; AddStoris Q n\u1ed5i b\u1eadt v\u1edbi \u0111\u01b0\u1eddng n\u00e9t vu\u00f4ng v\u1ee9c, hi\u1ec7n \u0111\u1ea1i t\u1ea1o \u0111i\u1ec3m nh\u1ea5n th\u1ea9m m\u1ef9.<\/p>\n","protected":false},"excerpt":{"rendered":"<p>Gi\u00e1 treo kh\u0103n AddStoris Q kh\u00f4ng ch\u1ec9 l\u00e0 v\u1eadt d\u1ee5ng, m\u00e0 l\u00e0 \u0111i\u1ec3m nh\u1ea5n tinh t\u1ebf cho kh\u00f4ng gian ph\u00f2ng t\u1eafm \u0111\u01b0\u01a1ng \u0111\u1ea1i. V\u1edbi thi\u1ebft k\u1ebf t\u1ed1i gi\u1ea3n, \u0111\u01b0\u1eddng n\u00e9t vu\u00f4ng v\u1eafn thanh l\u1ecbch, s\u1ea3n ph\u1ea9m d\u1ec5 d\u00e0ng h\u00f2a quy\u1ec7n c\u00f9ng m\u1ecdi phong c\u00e1ch n\u1ed9i th\u1ea5t. Ch\u1ea5t li\u1ec7u cao c\u1ea5p \u0111\u1ea3m b\u1ea3o \u0111\u1ed9 b\u1ec1n v\u01b0\u1ee3t tr\u1ed9i, ch\u1ed1ng \u0103n m\u00f2n hi\u1ec7u qu\u1ea3. Kh\u1ea3 n\u0103ng ch\u1ecbu l\u1ef1c t\u1ed1i \u01b0u c\u00f9ng v\u1edbi s\u1ef1 l\u1eafp \u0111\u1eb7t ti\u1ec7n l\u1ee3i, AddStoris Q mang \u0111\u1ebfn tr\u1ea3i nghi\u1ec7m s\u1eed d\u1ee5ng ho\u00e0n h\u1ea3o, n\u00e2ng t\u1ea7m ti\u1ec7n nghi v\u00e0 v\u1ebb \u0111\u1eb9p sang tr\u1ecdng cho ng\u00f4i nh\u00e0 b\u1ea1n.<\/p>\n","protected":false},"featured_media":116653,"comment_status":"open","ping_status":"closed","template":"","meta":{"_acf_changed":false},"product_cat":[871,918,919,77],"product_tag":[],"class_list":{"0":"post-116574","1":"product","2":"type-product","3":"status-publish","4":"has-post-thumbnail","6":"product_cat-phu-kien-bon-tam","7":"product_cat-phu-kien-rua-tay","8":"product_cat-phu-kien-sen-tam","9":"product_cat-phu-kien-phong-tam","10":"pa_mau-sac-chrome","11":"pa_mau-sac-chrome-den-xuoc","12":"pa_mau-sac-den-mo","13":"pa_mau-sac-dong-xuoc","14":"pa_mau-sac-trang-mo","15":"pa_mau-sac-vang-bong","17":"first","18":"instock","19":"shipping-taxable","20":"product-type-variable"},"acf":[],"featured_media_urls":{"thumbnail":["https:\/\/trading.hhg.vn\/wp-content\/uploads\/2025\/12\/154__hpr02898_tif-150x150.png",150,150,true],"medium":["https:\/\/trading.hhg.vn\/wp-content\/uploads\/2025\/12\/154__hpr02898_tif-262x300.png",262,300,true],"medium_large":["https:\/\/trading.hhg.vn\/wp-content\/uploads\/2025\/12\/154__hpr02898_tif-768x878.png",768,878,true],"large":["https:\/\/trading.hhg.vn\/wp-content\/uploads\/2025\/12\/154__hpr02898_tif-896x1024.png",896,1024,true],"1536x1536":["https:\/\/trading.hhg.vn\/wp-content\/uploads\/2025\/12\/154__hpr02898_tif-1344x1536.png",1344,1536,true],"2048x2048":["https:\/\/trading.hhg.vn\/wp-content\/uploads\/2025\/12\/154__hpr02898_tif.png",1440,1646,false],"woocommerce_thumbnail":["https:\/\/trading.hhg.vn\/wp-content\/uploads\/2025\/12\/154__hpr02898_tif-600x600.png",600,600,true],"woocommerce_single":["https:\/\/trading.hhg.vn\/wp-content\/uploads\/2025\/12\/154__hpr02898_tif-1200x1372.png",1200,1372,true],"woocommerce_gallery_thumbnail":["https:\/\/trading.hhg.vn\/wp-content\/uploads\/2025\/12\/154__hpr02898_tif-150x171.png",150,171,true],"portfolio_item-thumbnail":["https:\/\/trading.hhg.vn\/wp-content\/uploads\/2025\/12\/154__hpr02898_tif.png",350,400,false],"portfolio_item-thumbnail@2x":["https:\/\/trading.hhg.vn\/wp-content\/uploads\/2025\/12\/154__hpr02898_tif.png",700,800,false],"portfolio_item-masonry":["https:\/\/trading.hhg.vn\/wp-content\/uploads\/2025\/12\/154__hpr02898_tif.png",600,686,false],"portfolio_item-masonry@2x":["https:\/\/trading.hhg.vn\/wp-content\/uploads\/2025\/12\/154__hpr02898_tif.png",1200,1372,false],"portfolio_item-thumbnail_cinema":["https:\/\/trading.hhg.vn\/wp-content\/uploads\/2025\/12\/154__hpr02898_tif.png",293,335,false],"portfolio_item-thumbnail_portrait":["https:\/\/trading.hhg.vn\/wp-content\/uploads\/2025\/12\/154__hpr02898_tif.png",600,686,false],"portfolio_item-thumbnail_portrait@2x":["https:\/\/trading.hhg.vn\/wp-content\/uploads\/2025\/12\/154__hpr02898_tif.png",1200,1372,false],"portfolio_item-thumbnail_square":["https:\/\/trading.hhg.vn\/wp-content\/uploads\/2025\/12\/154__hpr02898_tif.png",700,800,false]},"_links":{"self":[{"href":"https:\/\/trading.hhg.vn\/en\/wp-json\/wp\/v2\/product\/116574","targetHints":{"allow":["GET"]}}],"collection":[{"href":"https:\/\/trading.hhg.vn\/en\/wp-json\/wp\/v2\/product"}],"about":[{"href":"https:\/\/trading.hhg.vn\/en\/wp-json\/wp\/v2\/types\/product"}],"replies":[{"embeddable":true,"href":"https:\/\/trading.hhg.vn\/en\/wp-json\/wp\/v2\/comments?post=116574"}],"version-history":[{"count":1,"href":"https:\/\/trading.hhg.vn\/en\/wp-json\/wp\/v2\/product\/116574\/revisions"}],"predecessor-version":[{"id":116655,"href":"https:\/\/trading.hhg.vn\/en\/wp-json\/wp\/v2\/product\/116574\/revisions\/116655"}],"wp:featuredmedia":[{"embeddable":true,"href":"https:\/\/trading.hhg.vn\/en\/wp-json\/wp\/v2\/media\/116653"}],"wp:attachment":[{"href":"https:\/\/trading.hhg.vn\/en\/wp-json\/wp\/v2\/media?parent=116574"}],"wp:term":[{"taxonomy":"product_cat","embeddable":true,"href":"https:\/\/trading.hhg.vn\/en\/wp-json\/wp\/v2\/product_cat?post=116574"},{"taxonomy":"product_tag","embeddable":true,"href":"https:\/\/trading.hhg.vn\/en\/wp-json\/wp\/v2\/product_tag?post=116574"}],"curies":[{"name":"wp","href":"https:\/\/api.w.org\/{rel}","templated":true}]}}