{"id":11835,"date":"2025-11-11T20:27:38","date_gmt":"2025-11-11T13:27:38","guid":{"rendered":"https:\/\/trading.hhg.vn\/?post_type=product&#038;p=11835"},"modified":"2026-01-28T07:49:51","modified_gmt":"2026-01-28T00:49:51","slug":"binh-dung-xa-phong-sua-rua-tay","status":"publish","type":"product","link":"https:\/\/trading.hhg.vn\/en\/s\u1ea3n-ph\u1ea9m\/binh-dung-xa-phong-sua-rua-tay\/","title":{"rendered":"B\u00ecnh \u0111\u1ef1ng x\u00e0 ph\u00f2ng \/ s\u1eefa r\u1eeda tay"},"content":{"rendered":"","protected":false},"excerpt":{"rendered":"<p>N\u00e2ng t\u1ea7m kh\u00f4ng gian s\u1ed1ng v\u1edbi B\u00ecnh \u0111\u1ef1ng x\u00e0 ph\u00f2ng\/s\u1eefa r\u1eeda tay cao c\u1ea5p. T\u1eebng \u0111\u01b0\u1eddng n\u00e9t thi\u1ebft k\u1ebf tinh x\u1ea3o, t\u1ed1i gi\u1ea3n nh\u01b0ng \u0111\u1ea7y sang tr\u1ecdng, d\u1ec5 d\u00e0ng h\u00f2a m\u00ecnh v\u00e0o m\u1ecdi phong c\u00e1ch n\u1ed9i th\u1ea5t. Ch\u1ea5t li\u1ec7u b\u1ec1n b\u1ec9 \u0111\u01b0\u1ee3c tuy\u1ec3n ch\u1ecdn k\u1ef9 l\u01b0\u1ee1ng, \u0111\u1ea3m b\u1ea3o tu\u1ed5i th\u1ecd v\u01b0\u1ee3t tr\u1ed9i v\u00e0 c\u1ea3m gi\u00e1c c\u1ea7m n\u1eafm ch\u1eafc ch\u1eafn, \u00eam \u00e1i. C\u01a1 ch\u1ebf b\u01a1m m\u01b0\u1ee3t m\u00e0, \u0111\u1ecbnh l\u01b0\u1ee3ng ho\u00e0n h\u1ea3o cho m\u1ed7i l\u1ea7n s\u1eed d\u1ee5ng, mang \u0111\u1ebfn tr\u1ea3i nghi\u1ec7m ti\u1ec7n nghi, v\u1ec7 sinh t\u1ed1i \u01b0u, gi\u00fap b\u1ea1n t\u1eadn h\u01b0\u1edfng tr\u1ecdn v\u1eb9n t\u1eebng kho\u1ea3nh kh\u1eafc th\u01b0 th\u00e1i.<\/p>\n","protected":false},"featured_media":11867,"comment_status":"open","ping_status":"closed","template":"","meta":{"_acf_changed":false},"product_cat":[77],"product_tag":[],"class_list":{"0":"post-11835","1":"product","2":"type-product","3":"status-publish","4":"has-post-thumbnail","6":"product_cat-phu-kien-phong-tam","7":"pa_mau-sac-chrome","8":"pa_mau-sac-thep-khong-gi","10":"first","11":"instock","12":"shipping-taxable","13":"purchasable","14":"product-type-variable"},"acf":[],"featured_media_urls":{"thumbnail":["https:\/\/trading.hhg.vn\/wp-content\/uploads\/2025\/11\/154__apu80310_tif-150x150.png",150,150,true],"medium":["https:\/\/trading.hhg.vn\/wp-content\/uploads\/2025\/11\/154__apu80310_tif-263x300.png",263,300,true],"medium_large":["https:\/\/trading.hhg.vn\/wp-content\/uploads\/2025\/11\/154__apu80310_tif-768x878.png",768,878,true],"large":["https:\/\/trading.hhg.vn\/wp-content\/uploads\/2025\/11\/154__apu80310_tif-896x1024.png",896,1024,true],"1536x1536":["https:\/\/trading.hhg.vn\/wp-content\/uploads\/2025\/11\/154__apu80310_tif.png",1260,1440,false],"2048x2048":["https:\/\/trading.hhg.vn\/wp-content\/uploads\/2025\/11\/154__apu80310_tif.png",1260,1440,false],"woocommerce_thumbnail":["https:\/\/trading.hhg.vn\/wp-content\/uploads\/2025\/11\/154__apu80310_tif-600x600.png",600,600,true],"woocommerce_single":["https:\/\/trading.hhg.vn\/wp-content\/uploads\/2025\/11\/154__apu80310_tif-1200x1371.png",1200,1371,true],"woocommerce_gallery_thumbnail":["https:\/\/trading.hhg.vn\/wp-content\/uploads\/2025\/11\/154__apu80310_tif-150x171.png",150,171,true],"portfolio_item-thumbnail":["https:\/\/trading.hhg.vn\/wp-content\/uploads\/2025\/11\/154__apu80310_tif.png",350,400,false],"portfolio_item-thumbnail@2x":["https:\/\/trading.hhg.vn\/wp-content\/uploads\/2025\/11\/154__apu80310_tif.png",700,800,false],"portfolio_item-masonry":["https:\/\/trading.hhg.vn\/wp-content\/uploads\/2025\/11\/154__apu80310_tif.png",600,686,false],"portfolio_item-masonry@2x":["https:\/\/trading.hhg.vn\/wp-content\/uploads\/2025\/11\/154__apu80310_tif.png",1200,1371,false],"portfolio_item-thumbnail_cinema":["https:\/\/trading.hhg.vn\/wp-content\/uploads\/2025\/11\/154__apu80310_tif.png",293,335,false],"portfolio_item-thumbnail_portrait":["https:\/\/trading.hhg.vn\/wp-content\/uploads\/2025\/11\/154__apu80310_tif.png",600,686,false],"portfolio_item-thumbnail_portrait@2x":["https:\/\/trading.hhg.vn\/wp-content\/uploads\/2025\/11\/154__apu80310_tif.png",1200,1371,false],"portfolio_item-thumbnail_square":["https:\/\/trading.hhg.vn\/wp-content\/uploads\/2025\/11\/154__apu80310_tif.png",700,800,false]},"_links":{"self":[{"href":"https:\/\/trading.hhg.vn\/en\/wp-json\/wp\/v2\/product\/11835","targetHints":{"allow":["GET"]}}],"collection":[{"href":"https:\/\/trading.hhg.vn\/en\/wp-json\/wp\/v2\/product"}],"about":[{"href":"https:\/\/trading.hhg.vn\/en\/wp-json\/wp\/v2\/types\/product"}],"replies":[{"embeddable":true,"href":"https:\/\/trading.hhg.vn\/en\/wp-json\/wp\/v2\/comments?post=11835"}],"version-history":[{"count":1,"href":"https:\/\/trading.hhg.vn\/en\/wp-json\/wp\/v2\/product\/11835\/revisions"}],"predecessor-version":[{"id":11869,"href":"https:\/\/trading.hhg.vn\/en\/wp-json\/wp\/v2\/product\/11835\/revisions\/11869"}],"wp:featuredmedia":[{"embeddable":true,"href":"https:\/\/trading.hhg.vn\/en\/wp-json\/wp\/v2\/media\/11867"}],"wp:attachment":[{"href":"https:\/\/trading.hhg.vn\/en\/wp-json\/wp\/v2\/media?parent=11835"}],"wp:term":[{"taxonomy":"product_cat","embeddable":true,"href":"https:\/\/trading.hhg.vn\/en\/wp-json\/wp\/v2\/product_cat?post=11835"},{"taxonomy":"product_tag","embeddable":true,"href":"https:\/\/trading.hhg.vn\/en\/wp-json\/wp\/v2\/product_tag?post=11835"}],"curies":[{"name":"wp","href":"https:\/\/api.w.org\/{rel}","templated":true}]}}