{"id":119270,"date":"2025-12-09T23:54:39","date_gmt":"2025-12-09T16:54:39","guid":{"rendered":"https:\/\/trading.hhg.vn\/?post_type=product&#038;p=119270"},"modified":"2025-12-29T22:26:54","modified_gmt":"2025-12-29T15:26:54","slug":"can-canh-tay-sen-24-cm-vernis-blend","status":"publish","type":"product","link":"https:\/\/trading.hhg.vn\/en\/s\u1ea3n-ph\u1ea9m\/can-canh-tay-sen-24-cm-vernis-blend\/","title":{"rendered":"C\u1ea7n c\u00e1nh tay sen 24 cm Vernis Blend"},"content":{"rendered":"","protected":false},"excerpt":{"rendered":"<p>C\u00e1nh tay sen Vernis Blend 24 cm n\u00e2ng t\u1ea7m kh\u00f4ng gian t\u1eafm v\u1edbi v\u1ebb \u0111\u1eb9p tinh gi\u1ea3n, hi\u1ec7n \u0111\u1ea1i v\u00e0 c\u00f4ng n\u0103ng v\u01b0\u1ee3t tr\u1ed9i. Thi\u1ebft k\u1ebf \u0111\u01b0\u1eddng n\u00e9t m\u1ec1m m\u1ea1i, \u0111\u01b0\u1ee3c ch\u1ebf t\u00e1c t\u1eeb v\u1eadt li\u1ec7u cao c\u1ea5p, mang l\u1ea1i c\u1ea3m gi\u00e1c ch\u1eafc ch\u1eafn v\u00e0 b\u1ec1n b\u1ec9 theo th\u1eddi gian. Tr\u1ea3i nghi\u1ec7m t\u1eafm th\u01b0 th\u00e1i h\u01a1n bao gi\u1edd h\u1ebft khi d\u00f2ng n\u01b0\u1edbc ch\u1ea3y \u00eam \u00e1i, tr\u1ecdn v\u1eb9n, bao ph\u1ee7 kh\u1eafp c\u01a1 th\u1ec3, \u0111\u00e1nh th\u1ee9c m\u1ecdi gi\u00e1c quan. Vernis Blend \u2013 \u0111i\u1ec3m nh\u1ea5n ho\u00e0n h\u1ea3o cho ph\u00f2ng t\u1eafm \u0111\u01b0\u01a1ng \u0111\u1ea1i, ki\u1ebfn t\u1ea1o chu\u1ea9n m\u1ef1c s\u1ed1ng sang tr\u1ecdng v\u00e0 ti\u1ec7n nghi.<\/p>\n","protected":false},"featured_media":119275,"comment_status":"open","ping_status":"closed","template":"","meta":{"_acf_changed":false},"product_cat":[887],"product_tag":[],"class_list":{"0":"post-119270","1":"product","2":"type-product","3":"status-publish","4":"has-post-thumbnail","6":"product_cat-phu-kien-di-kem","7":"pa_mau-sac-chrome","8":"pa_mau-sac-den-mo","10":"first","11":"instock","12":"shipping-taxable","13":"product-type-variable"},"acf":[],"featured_media_urls":{"thumbnail":["https:\/\/trading.hhg.vn\/wp-content\/uploads\/2025\/12\/154__hpr02563_tif-150x150.png",150,150,true],"medium":["https:\/\/trading.hhg.vn\/wp-content\/uploads\/2025\/12\/154__hpr02563_tif-262x300.png",262,300,true],"medium_large":["https:\/\/trading.hhg.vn\/wp-content\/uploads\/2025\/12\/154__hpr02563_tif-768x878.png",768,878,true],"large":["https:\/\/trading.hhg.vn\/wp-content\/uploads\/2025\/12\/154__hpr02563_tif-896x1024.png",896,1024,true],"1536x1536":["https:\/\/trading.hhg.vn\/wp-content\/uploads\/2025\/12\/154__hpr02563_tif-1344x1536.png",1344,1536,true],"2048x2048":["https:\/\/trading.hhg.vn\/wp-content\/uploads\/2025\/12\/154__hpr02563_tif.png",1383,1581,false],"woocommerce_thumbnail":["https:\/\/trading.hhg.vn\/wp-content\/uploads\/2025\/12\/154__hpr02563_tif-600x600.png",600,600,true],"woocommerce_single":["https:\/\/trading.hhg.vn\/wp-content\/uploads\/2025\/12\/154__hpr02563_tif-1200x1372.png",1200,1372,true],"woocommerce_gallery_thumbnail":["https:\/\/trading.hhg.vn\/wp-content\/uploads\/2025\/12\/154__hpr02563_tif-150x171.png",150,171,true],"portfolio_item-thumbnail":["https:\/\/trading.hhg.vn\/wp-content\/uploads\/2025\/12\/154__hpr02563_tif.png",350,400,false],"portfolio_item-thumbnail@2x":["https:\/\/trading.hhg.vn\/wp-content\/uploads\/2025\/12\/154__hpr02563_tif.png",700,800,false],"portfolio_item-masonry":["https:\/\/trading.hhg.vn\/wp-content\/uploads\/2025\/12\/154__hpr02563_tif.png",600,686,false],"portfolio_item-masonry@2x":["https:\/\/trading.hhg.vn\/wp-content\/uploads\/2025\/12\/154__hpr02563_tif.png",1200,1372,false],"portfolio_item-thumbnail_cinema":["https:\/\/trading.hhg.vn\/wp-content\/uploads\/2025\/12\/154__hpr02563_tif.png",293,335,false],"portfolio_item-thumbnail_portrait":["https:\/\/trading.hhg.vn\/wp-content\/uploads\/2025\/12\/154__hpr02563_tif.png",600,686,false],"portfolio_item-thumbnail_portrait@2x":["https:\/\/trading.hhg.vn\/wp-content\/uploads\/2025\/12\/154__hpr02563_tif.png",1200,1372,false],"portfolio_item-thumbnail_square":["https:\/\/trading.hhg.vn\/wp-content\/uploads\/2025\/12\/154__hpr02563_tif.png",700,800,false]},"_links":{"self":[{"href":"https:\/\/trading.hhg.vn\/en\/wp-json\/wp\/v2\/product\/119270","targetHints":{"allow":["GET"]}}],"collection":[{"href":"https:\/\/trading.hhg.vn\/en\/wp-json\/wp\/v2\/product"}],"about":[{"href":"https:\/\/trading.hhg.vn\/en\/wp-json\/wp\/v2\/types\/product"}],"replies":[{"embeddable":true,"href":"https:\/\/trading.hhg.vn\/en\/wp-json\/wp\/v2\/comments?post=119270"}],"version-history":[{"count":1,"href":"https:\/\/trading.hhg.vn\/en\/wp-json\/wp\/v2\/product\/119270\/revisions"}],"predecessor-version":[{"id":119277,"href":"https:\/\/trading.hhg.vn\/en\/wp-json\/wp\/v2\/product\/119270\/revisions\/119277"}],"wp:featuredmedia":[{"embeddable":true,"href":"https:\/\/trading.hhg.vn\/en\/wp-json\/wp\/v2\/media\/119275"}],"wp:attachment":[{"href":"https:\/\/trading.hhg.vn\/en\/wp-json\/wp\/v2\/media?parent=119270"}],"wp:term":[{"taxonomy":"product_cat","embeddable":true,"href":"https:\/\/trading.hhg.vn\/en\/wp-json\/wp\/v2\/product_cat?post=119270"},{"taxonomy":"product_tag","embeddable":true,"href":"https:\/\/trading.hhg.vn\/en\/wp-json\/wp\/v2\/product_tag?post=119270"}],"curies":[{"name":"wp","href":"https:\/\/api.w.org\/{rel}","templated":true}]}}