{"id":119340,"date":"2025-12-10T01:20:55","date_gmt":"2025-12-09T18:20:55","guid":{"rendered":"https:\/\/trading.hhg.vn\/?post_type=product&#038;p=119340"},"modified":"2025-12-30T07:08:59","modified_gmt":"2025-12-30T00:08:59","slug":"day-sen-vai-det-2-m-voi-dau-noi-tru-axor-showersolutions","status":"publish","type":"product","link":"https:\/\/trading.hhg.vn\/en\/s\u1ea3n-ph\u1ea9m\/day-sen-vai-det-2-m-voi-dau-noi-tru-axor-showersolutions\/","title":{"rendered":"D\u00e2y sen v\u1ea3i d\u1ec7t 2 m v\u1edbi \u0111\u1ea7u n\u1ed1i tr\u1ee5 AXOR ShowerSolutions"},"content":{"rendered":"","protected":false},"excerpt":{"rendered":"<p>D\u00e2y sen v\u1ea3i d\u1ec7t 2m v\u1edbi \u0111\u1ea7u n\u1ed1i tr\u1ee5 AXOR ShowerSolutions mang \u0111\u1ebfn tr\u1ea3i nghi\u1ec7m n\u00e2ng t\u1ea7m \u0111\u1eb3ng c\u1ea5p, k\u1ebft h\u1ee3p ho\u00e0n h\u1ea3o gi\u1eefa n\u00e9t tinh t\u1ebf trong thi\u1ebft k\u1ebf v\u00e0 hi\u1ec7u n\u0103ng v\u01b0\u1ee3t tr\u1ed9i. Ch\u1ea5t li\u1ec7u v\u1ea3i d\u1ec7t cao c\u1ea5p kh\u00f4ng ch\u1ec9 t\u1ea1o n\u00ean v\u1ebb ngo\u00e0i sang tr\u1ecdng, m\u1ec1m m\u1ea1i m\u00e0 c\u00f2n \u0111\u1ea3m b\u1ea3o \u0111\u1ed9 b\u1ec1n v\u01b0\u1ee3t th\u1eddi gian. S\u1ef1 linh ho\u1ea1t c\u1ee7a d\u00e2y sen 2m c\u00f9ng \u0111\u1ea7u n\u1ed1i tr\u1ee5 tinh x\u1ea3o cho ph\u00e9p b\u1ea1n t\u1eadn h\u01b0\u1edfng d\u00f2ng n\u01b0\u1edbc \u00eam \u00e1i, th\u01b0 gi\u00e3n trong m\u1ecdi t\u01b0 th\u1ebf. \u0110\u00e2y kh\u00f4ng ch\u1ec9 l\u00e0 m\u1ed9t ph\u1ee5 ki\u1ec7n, m\u00e0 l\u00e0 m\u1ed9t tuy\u00ean ng\u00f4n v\u1ec1 phong c\u00e1ch s\u1ed1ng, n\u00e2ng t\u1ea7m gi\u00e1 tr\u1ecb kh\u00f4ng gian ph\u00f2ng t\u1eafm c\u1ee7a b\u1ea1n.<\/p>\n","protected":false},"featured_media":143109,"comment_status":"open","ping_status":"closed","template":"","meta":{"_acf_changed":false},"product_cat":[887],"product_tag":[],"class_list":{"0":"post-119340","1":"product","2":"type-product","3":"status-publish","4":"has-post-thumbnail","6":"product_cat-phu-kien-di-kem","7":"pa_mau-sac-chrome","8":"pa_mau-sac-chrome-den-xuoc","9":"pa_mau-sac-den-mo","10":"pa_mau-sac-dong-thau-xuoc","11":"pa_mau-sac-dong-xuoc","12":"pa_mau-sac-niken-xuoc","13":"pa_mau-sac-chrome-den-bong","14":"pa_mau-sac-thep-khong-gi","15":"pa_mau-sac-trang-mo","16":"pa_mau-sac-vang-bong","17":"pa_mau-sac-vang-hong-bong","18":"pa_mau-sac-vang-hong-xuoc","19":"pa_mau-sac-vang-xuoc","21":"first","22":"instock","23":"shipping-taxable","24":"purchasable","25":"product-type-variable"},"acf":[],"featured_media_urls":{"thumbnail":["https:\/\/trading.hhg.vn\/wp-content\/uploads\/2025\/12\/154__apr10482_tif-150x150.png",150,150,true],"medium":["https:\/\/trading.hhg.vn\/wp-content\/uploads\/2025\/12\/154__apr10482_tif-300x289.png",300,289,true],"medium_large":["https:\/\/trading.hhg.vn\/wp-content\/uploads\/2025\/12\/154__apr10482_tif.png",745,718,false],"large":["https:\/\/trading.hhg.vn\/wp-content\/uploads\/2025\/12\/154__apr10482_tif.png",745,718,false],"1536x1536":["https:\/\/trading.hhg.vn\/wp-content\/uploads\/2025\/12\/154__apr10482_tif.png",745,718,false],"2048x2048":["https:\/\/trading.hhg.vn\/wp-content\/uploads\/2025\/12\/154__apr10482_tif.png",745,718,false],"woocommerce_thumbnail":["https:\/\/trading.hhg.vn\/wp-content\/uploads\/2025\/12\/154__apr10482_tif-600x600.png",600,600,true],"woocommerce_single":["https:\/\/trading.hhg.vn\/wp-content\/uploads\/2025\/12\/154__apr10482_tif.png",745,718,false],"woocommerce_gallery_thumbnail":["https:\/\/trading.hhg.vn\/wp-content\/uploads\/2025\/12\/154__apr10482_tif-150x145.png",150,145,true],"portfolio_item-thumbnail":["https:\/\/trading.hhg.vn\/wp-content\/uploads\/2025\/12\/154__apr10482_tif.png",415,400,false],"portfolio_item-thumbnail@2x":["https:\/\/trading.hhg.vn\/wp-content\/uploads\/2025\/12\/154__apr10482_tif.png",745,718,false],"portfolio_item-masonry":["https:\/\/trading.hhg.vn\/wp-content\/uploads\/2025\/12\/154__apr10482_tif.png",600,578,false],"portfolio_item-masonry@2x":["https:\/\/trading.hhg.vn\/wp-content\/uploads\/2025\/12\/154__apr10482_tif.png",745,718,false],"portfolio_item-thumbnail_cinema":["https:\/\/trading.hhg.vn\/wp-content\/uploads\/2025\/12\/154__apr10482_tif.png",348,335,false],"portfolio_item-thumbnail_portrait":["https:\/\/trading.hhg.vn\/wp-content\/uploads\/2025\/12\/154__apr10482_tif.png",600,578,false],"portfolio_item-thumbnail_portrait@2x":["https:\/\/trading.hhg.vn\/wp-content\/uploads\/2025\/12\/154__apr10482_tif.png",745,718,false],"portfolio_item-thumbnail_square":["https:\/\/trading.hhg.vn\/wp-content\/uploads\/2025\/12\/154__apr10482_tif.png",745,718,false]},"_links":{"self":[{"href":"https:\/\/trading.hhg.vn\/en\/wp-json\/wp\/v2\/product\/119340","targetHints":{"allow":["GET"]}}],"collection":[{"href":"https:\/\/trading.hhg.vn\/en\/wp-json\/wp\/v2\/product"}],"about":[{"href":"https:\/\/trading.hhg.vn\/en\/wp-json\/wp\/v2\/types\/product"}],"replies":[{"embeddable":true,"href":"https:\/\/trading.hhg.vn\/en\/wp-json\/wp\/v2\/comments?post=119340"}],"version-history":[{"count":1,"href":"https:\/\/trading.hhg.vn\/en\/wp-json\/wp\/v2\/product\/119340\/revisions"}],"predecessor-version":[{"id":119368,"href":"https:\/\/trading.hhg.vn\/en\/wp-json\/wp\/v2\/product\/119340\/revisions\/119368"}],"wp:featuredmedia":[{"embeddable":true,"href":"https:\/\/trading.hhg.vn\/en\/wp-json\/wp\/v2\/media\/143109"}],"wp:attachment":[{"href":"https:\/\/trading.hhg.vn\/en\/wp-json\/wp\/v2\/media?parent=119340"}],"wp:term":[{"taxonomy":"product_cat","embeddable":true,"href":"https:\/\/trading.hhg.vn\/en\/wp-json\/wp\/v2\/product_cat?post=119340"},{"taxonomy":"product_tag","embeddable":true,"href":"https:\/\/trading.hhg.vn\/en\/wp-json\/wp\/v2\/product_tag?post=119340"}],"curies":[{"name":"wp","href":"https:\/\/api.w.org\/{rel}","templated":true}]}}