{"id":119372,"date":"2025-12-10T01:50:48","date_gmt":"2025-12-09T18:50:48","guid":{"rendered":"https:\/\/trading.hhg.vn\/?post_type=product&#038;p=119372"},"modified":"2025-12-30T07:09:30","modified_gmt":"2025-12-30T00:09:30","slug":"day-sen-vai-det-2-m-voi-dau-noi-con-va-tru-axor-showersolutions","status":"publish","type":"product","link":"https:\/\/trading.hhg.vn\/en\/s\u1ea3n-ph\u1ea9m\/day-sen-vai-det-2-m-voi-dau-noi-con-va-tru-axor-showersolutions\/","title":{"rendered":"D\u00e2y sen v\u1ea3i d\u1ec7t 2 m v\u1edbi \u0111\u1ea7u n\u1ed1i c\u00f4n v\u00e0 tr\u1ee5 AXOR ShowerSolutions"},"content":{"rendered":"","protected":false},"excerpt":{"rendered":"<p>D\u00e2y sen AXOR ShowerSolutions kh\u00f4ng ch\u1ec9 l\u00e0 ph\u1ee5 ki\u1ec7n, m\u00e0 l\u00e0 tuy\u00ean ng\u00f4n c\u1ee7a phong c\u00e1ch. V\u1edbi ch\u1ea5t li\u1ec7u v\u1ea3i d\u1ec7t cao c\u1ea5p c\u00f9ng chi\u1ec1u d\u00e0i 2 m\u00e9t l\u00fd t\u01b0\u1edfng, s\u1ea3n ph\u1ea9m mang \u0111\u1ebfn s\u1ef1 linh ho\u1ea1t v\u00e0 c\u1ea3m gi\u00e1c m\u1ec1m m\u1ea1i khi ch\u1ea1m. Thi\u1ebft k\u1ebf tinh x\u1ea3o t\u1eeb \u0111\u1ea7u n\u1ed1i c\u00f4n \u0111\u1ebfn tr\u1ee5, m\u1ed7i chi ti\u1ebft \u0111\u1ec1u to\u00e1t l\u00ean v\u1ebb \u0111\u1eb9p thanh l\u1ecbch v\u00e0 \u0111\u1eb3ng c\u1ea5p, n\u00e2ng t\u1ea7m tr\u1ea3i nghi\u1ec7m th\u01b0 gi\u00e3n c\u1ee7a b\u1ea1n l\u00ean m\u1ed9t t\u1ea7m cao m\u1edbi. \u0110\u00e2y l\u00e0 s\u1ef1 k\u1ebft h\u1ee3p ho\u00e0n h\u1ea3o gi\u1eefa c\u00f4ng n\u0103ng v\u01b0\u1ee3t tr\u1ed9i v\u00e0 t\u00ednh th\u1ea9m m\u1ef9 \u0111\u1ec9nh cao.<\/p>\n","protected":false},"featured_media":143106,"comment_status":"open","ping_status":"closed","template":"","meta":{"_acf_changed":false},"product_cat":[887],"product_tag":[],"class_list":{"0":"post-119372","1":"product","2":"type-product","3":"status-publish","4":"has-post-thumbnail","6":"product_cat-phu-kien-di-kem","7":"pa_mau-sac-chrome","8":"pa_mau-sac-chrome-den-xuoc","9":"pa_mau-sac-den-mo","10":"pa_mau-sac-dong-thau-xuoc","11":"pa_mau-sac-dong-xuoc","12":"pa_mau-sac-niken-xuoc","13":"pa_mau-sac-chrome-den-bong","14":"pa_mau-sac-thep-khong-gi","15":"pa_mau-sac-trang-mo","16":"pa_mau-sac-vang-bong","17":"pa_mau-sac-vang-hong-bong","18":"pa_mau-sac-vang-hong-xuoc","19":"pa_mau-sac-vang-xuoc","21":"first","22":"instock","23":"shipping-taxable","24":"purchasable","25":"product-type-variable"},"acf":[],"featured_media_urls":{"thumbnail":["https:\/\/trading.hhg.vn\/wp-content\/uploads\/2025\/12\/154__apr10481_tif-1-150x150.png",150,150,true],"medium":["https:\/\/trading.hhg.vn\/wp-content\/uploads\/2025\/12\/154__apr10481_tif-1-300x287.png",300,287,true],"medium_large":["https:\/\/trading.hhg.vn\/wp-content\/uploads\/2025\/12\/154__apr10481_tif-1.png",768,734,false],"large":["https:\/\/trading.hhg.vn\/wp-content\/uploads\/2025\/12\/154__apr10481_tif-1.png",769,735,false],"1536x1536":["https:\/\/trading.hhg.vn\/wp-content\/uploads\/2025\/12\/154__apr10481_tif-1.png",769,735,false],"2048x2048":["https:\/\/trading.hhg.vn\/wp-content\/uploads\/2025\/12\/154__apr10481_tif-1.png",769,735,false],"woocommerce_thumbnail":["https:\/\/trading.hhg.vn\/wp-content\/uploads\/2025\/12\/154__apr10481_tif-1-600x600.png",600,600,true],"woocommerce_single":["https:\/\/trading.hhg.vn\/wp-content\/uploads\/2025\/12\/154__apr10481_tif-1.png",769,735,false],"woocommerce_gallery_thumbnail":["https:\/\/trading.hhg.vn\/wp-content\/uploads\/2025\/12\/154__apr10481_tif-1-150x143.png",150,143,true],"portfolio_item-thumbnail":["https:\/\/trading.hhg.vn\/wp-content\/uploads\/2025\/12\/154__apr10481_tif-1.png",419,400,false],"portfolio_item-thumbnail@2x":["https:\/\/trading.hhg.vn\/wp-content\/uploads\/2025\/12\/154__apr10481_tif-1.png",769,735,false],"portfolio_item-masonry":["https:\/\/trading.hhg.vn\/wp-content\/uploads\/2025\/12\/154__apr10481_tif-1.png",600,573,false],"portfolio_item-masonry@2x":["https:\/\/trading.hhg.vn\/wp-content\/uploads\/2025\/12\/154__apr10481_tif-1.png",769,735,false],"portfolio_item-thumbnail_cinema":["https:\/\/trading.hhg.vn\/wp-content\/uploads\/2025\/12\/154__apr10481_tif-1.png",350,335,false],"portfolio_item-thumbnail_portrait":["https:\/\/trading.hhg.vn\/wp-content\/uploads\/2025\/12\/154__apr10481_tif-1.png",600,573,false],"portfolio_item-thumbnail_portrait@2x":["https:\/\/trading.hhg.vn\/wp-content\/uploads\/2025\/12\/154__apr10481_tif-1.png",769,735,false],"portfolio_item-thumbnail_square":["https:\/\/trading.hhg.vn\/wp-content\/uploads\/2025\/12\/154__apr10481_tif-1.png",769,735,false]},"_links":{"self":[{"href":"https:\/\/trading.hhg.vn\/en\/wp-json\/wp\/v2\/product\/119372","targetHints":{"allow":["GET"]}}],"collection":[{"href":"https:\/\/trading.hhg.vn\/en\/wp-json\/wp\/v2\/product"}],"about":[{"href":"https:\/\/trading.hhg.vn\/en\/wp-json\/wp\/v2\/types\/product"}],"replies":[{"embeddable":true,"href":"https:\/\/trading.hhg.vn\/en\/wp-json\/wp\/v2\/comments?post=119372"}],"version-history":[{"count":2,"href":"https:\/\/trading.hhg.vn\/en\/wp-json\/wp\/v2\/product\/119372\/revisions"}],"predecessor-version":[{"id":143105,"href":"https:\/\/trading.hhg.vn\/en\/wp-json\/wp\/v2\/product\/119372\/revisions\/143105"}],"wp:featuredmedia":[{"embeddable":true,"href":"https:\/\/trading.hhg.vn\/en\/wp-json\/wp\/v2\/media\/143106"}],"wp:attachment":[{"href":"https:\/\/trading.hhg.vn\/en\/wp-json\/wp\/v2\/media?parent=119372"}],"wp:term":[{"taxonomy":"product_cat","embeddable":true,"href":"https:\/\/trading.hhg.vn\/en\/wp-json\/wp\/v2\/product_cat?post=119372"},{"taxonomy":"product_tag","embeddable":true,"href":"https:\/\/trading.hhg.vn\/en\/wp-json\/wp\/v2\/product_tag?post=119372"}],"curies":[{"name":"wp","href":"https:\/\/api.w.org\/{rel}","templated":true}]}}