{"id":119375,"date":"2025-12-10T01:51:17","date_gmt":"2025-12-09T18:51:17","guid":{"rendered":"https:\/\/trading.hhg.vn\/product\/thanh-truot-sen-tam-croma-65-cm-unica\/"},"modified":"2025-12-20T16:07:04","modified_gmt":"2025-12-20T09:07:04","slug":"thanh-truot-sen-tam-croma-65-cm-unica","status":"publish","type":"product","link":"https:\/\/trading.hhg.vn\/en\/s\u1ea3n-ph\u1ea9m\/thanh-truot-sen-tam-croma-65-cm-unica\/","title":{"rendered":"Thanh tr\u01b0\u1ee3t sen t\u1eafm Croma 65 cm Unica"},"content":{"rendered":"","protected":false},"excerpt":{"rendered":"<p>Thanh tr\u01b0\u1ee3t Croma 65 cm Unica l\u00e0 bi\u1ec3u t\u01b0\u1ee3ng c\u1ee7a tinh hoa thi\u1ebft k\u1ebf t\u1ed1i gi\u1ea3n, h\u00f2a quy\u1ec7n ho\u00e0n h\u1ea3o c\u00f9ng c\u00f4ng n\u0103ng v\u01b0\u1ee3t tr\u1ed9i. T\u1eebng \u0111\u01b0\u1eddng n\u00e9t m\u01b0\u1ee3t m\u00e0, tinh x\u1ea3o kh\u00f4ng ch\u1ec9 ki\u1ebfn t\u1ea1o v\u1ebb \u0111\u1eb9p hi\u1ec7n \u0111\u1ea1i m\u00e0 c\u00f2n t\u1ed1i \u01b0u h\u00f3a tr\u1ea3i nghi\u1ec7m s\u1eed d\u1ee5ng. V\u1edbi c\u01a1 ch\u1ebf \u0111i\u1ec1u ch\u1ec9nh linh ho\u1ea1t, b\u1ea1n d\u1ec5 d\u00e0ng n\u00e2ng t\u1ea7m th\u01b0 gi\u00e3n, bi\u1ebfn m\u1ed7i kho\u1ea3nh kh\u1eafc d\u01b0\u1edbi v\u00f2i sen th\u00e0nh li\u1ec7u tr\u00ecnh tr\u1ecb li\u1ec7u \u0111\u1ed9c b\u1ea3n, \u0111\u00e1nh th\u1ee9c m\u1ecdi gi\u00e1c quan.<\/p>\n","protected":false},"featured_media":119373,"comment_status":"open","ping_status":"closed","template":"","meta":{"_acf_changed":false},"product_cat":[887],"product_tag":[],"class_list":{"0":"post-119375","1":"product","2":"type-product","3":"status-publish","4":"has-post-thumbnail","6":"product_cat-phu-kien-di-kem","7":"pa_mau-sac-chrome","9":"first","10":"instock","11":"shipping-taxable","12":"product-type-simple"},"acf":[],"featured_media_urls":{"thumbnail":["https:\/\/trading.hhg.vn\/wp-content\/uploads\/2025\/12\/154__hpa01702_tif-150x150.png",150,150,true],"medium":["https:\/\/trading.hhg.vn\/wp-content\/uploads\/2025\/12\/154__hpa01702_tif-263x300.png",263,300,true],"medium_large":["https:\/\/trading.hhg.vn\/wp-content\/uploads\/2025\/12\/154__hpa01702_tif-768x878.png",768,878,true],"large":["https:\/\/trading.hhg.vn\/wp-content\/uploads\/2025\/12\/154__hpa01702_tif-896x1024.png",896,1024,true],"1536x1536":["https:\/\/trading.hhg.vn\/wp-content\/uploads\/2025\/12\/154__hpa01702_tif-1344x1536.png",1344,1536,true],"2048x2048":["https:\/\/trading.hhg.vn\/wp-content\/uploads\/2025\/12\/154__hpa01702_tif.png",1372,1568,false],"woocommerce_thumbnail":["https:\/\/trading.hhg.vn\/wp-content\/uploads\/2025\/12\/154__hpa01702_tif-600x600.png",600,600,true],"woocommerce_single":["https:\/\/trading.hhg.vn\/wp-content\/uploads\/2025\/12\/154__hpa01702_tif-1200x1371.png",1200,1371,true],"woocommerce_gallery_thumbnail":["https:\/\/trading.hhg.vn\/wp-content\/uploads\/2025\/12\/154__hpa01702_tif-150x171.png",150,171,true],"portfolio_item-thumbnail":["https:\/\/trading.hhg.vn\/wp-content\/uploads\/2025\/12\/154__hpa01702_tif.png",350,400,false],"portfolio_item-thumbnail@2x":["https:\/\/trading.hhg.vn\/wp-content\/uploads\/2025\/12\/154__hpa01702_tif.png",700,800,false],"portfolio_item-masonry":["https:\/\/trading.hhg.vn\/wp-content\/uploads\/2025\/12\/154__hpa01702_tif.png",600,686,false],"portfolio_item-masonry@2x":["https:\/\/trading.hhg.vn\/wp-content\/uploads\/2025\/12\/154__hpa01702_tif.png",1200,1371,false],"portfolio_item-thumbnail_cinema":["https:\/\/trading.hhg.vn\/wp-content\/uploads\/2025\/12\/154__hpa01702_tif.png",293,335,false],"portfolio_item-thumbnail_portrait":["https:\/\/trading.hhg.vn\/wp-content\/uploads\/2025\/12\/154__hpa01702_tif.png",600,686,false],"portfolio_item-thumbnail_portrait@2x":["https:\/\/trading.hhg.vn\/wp-content\/uploads\/2025\/12\/154__hpa01702_tif.png",1200,1371,false],"portfolio_item-thumbnail_square":["https:\/\/trading.hhg.vn\/wp-content\/uploads\/2025\/12\/154__hpa01702_tif.png",700,800,false]},"_links":{"self":[{"href":"https:\/\/trading.hhg.vn\/en\/wp-json\/wp\/v2\/product\/119375","targetHints":{"allow":["GET"]}}],"collection":[{"href":"https:\/\/trading.hhg.vn\/en\/wp-json\/wp\/v2\/product"}],"about":[{"href":"https:\/\/trading.hhg.vn\/en\/wp-json\/wp\/v2\/types\/product"}],"replies":[{"embeddable":true,"href":"https:\/\/trading.hhg.vn\/en\/wp-json\/wp\/v2\/comments?post=119375"}],"version-history":[{"count":0,"href":"https:\/\/trading.hhg.vn\/en\/wp-json\/wp\/v2\/product\/119375\/revisions"}],"wp:featuredmedia":[{"embeddable":true,"href":"https:\/\/trading.hhg.vn\/en\/wp-json\/wp\/v2\/media\/119373"}],"wp:attachment":[{"href":"https:\/\/trading.hhg.vn\/en\/wp-json\/wp\/v2\/media?parent=119375"}],"wp:term":[{"taxonomy":"product_cat","embeddable":true,"href":"https:\/\/trading.hhg.vn\/en\/wp-json\/wp\/v2\/product_cat?post=119375"},{"taxonomy":"product_tag","embeddable":true,"href":"https:\/\/trading.hhg.vn\/en\/wp-json\/wp\/v2\/product_tag?post=119375"}],"curies":[{"name":"wp","href":"https:\/\/api.w.org\/{rel}","templated":true}]}}