{"id":119412,"date":"2025-12-10T02:22:42","date_gmt":"2025-12-09T19:22:42","guid":{"rendered":"https:\/\/trading.hhg.vn\/product\/ong-noi-mem-80-cm\/"},"modified":"2025-12-20T16:07:04","modified_gmt":"2025-12-20T09:07:04","slug":"ong-noi-mem-80-cm","status":"publish","type":"product","link":"https:\/\/trading.hhg.vn\/en\/s\u1ea3n-ph\u1ea9m\/ong-noi-mem-80-cm\/","title":{"rendered":"\u1ed0ng n\u1ed1i m\u1ec1m 80 cm"},"content":{"rendered":"","protected":false},"excerpt":{"rendered":"<p>\u1ed0ng n\u1ed1i m\u1ec1m 80 cm c\u1ee7a ch\u00fang t\u00f4i l\u00e0 minh ch\u1ee9ng cho s\u1ef1 tinh t\u1ebf trong thi\u1ebft k\u1ebf v\u00e0 hi\u1ec7u qu\u1ea3 v\u01b0\u1ee3t tr\u1ed9i. D\u00e0i 80cm, s\u1ea3n ph\u1ea9m n\u00e0y mang \u0111\u1ebfn s\u1ef1 linh ho\u1ea1t t\u1ed1i \u01b0u, d\u1ec5 d\u00e0ng l\u1eafp \u0111\u1eb7t trong m\u1ecdi kh\u00f4ng gian n\u1ed9i th\u1ea5t, t\u1eeb phong c\u00e1ch t\u1ed1i gi\u1ea3n \u0111\u1ebfn c\u1ed5 \u0111i\u1ec3n. \u0110\u01b0\u1ee3c ch\u1ebf t\u00e1c t\u1eeb v\u1eadt li\u1ec7u cao c\u1ea5p, \u1ed1ng n\u1ed1i kh\u00f4ng ch\u1ec9 b\u1ec1n b\u1ec9 theo th\u1eddi gian m\u00e0 c\u00f2n \u0111\u1ea3m b\u1ea3o d\u00f2ng ch\u1ea3y \u1ed5n \u0111\u1ecbnh, \u00eam \u00e1i, mang l\u1ea1i tr\u1ea3i nghi\u1ec7m s\u1eed d\u1ee5ng an t\u00e2m v\u00e0 tho\u1ea3i m\u00e1i nh\u1ea5t.<\/p>\n","protected":false},"featured_media":119410,"comment_status":"open","ping_status":"closed","template":"","meta":{"_acf_changed":false},"product_cat":[887],"product_tag":[],"class_list":{"0":"post-119412","1":"product","2":"type-product","3":"status-publish","4":"has-post-thumbnail","6":"product_cat-phu-kien-di-kem","8":"first","9":"instock","10":"shipping-taxable","11":"purchasable","12":"product-type-simple"},"acf":[],"featured_media_urls":{"thumbnail":["https:\/\/trading.hhg.vn\/wp-content\/uploads\/2025\/12\/154__hpb01274_tif-150x150.png",150,150,true],"medium":["https:\/\/trading.hhg.vn\/wp-content\/uploads\/2025\/12\/154__hpb01274_tif-263x300.png",263,300,true],"medium_large":["https:\/\/trading.hhg.vn\/wp-content\/uploads\/2025\/12\/154__hpb01274_tif-768x878.png",768,878,true],"large":["https:\/\/trading.hhg.vn\/wp-content\/uploads\/2025\/12\/154__hpb01274_tif-896x1024.png",896,1024,true],"1536x1536":["https:\/\/trading.hhg.vn\/wp-content\/uploads\/2025\/12\/154__hpb01274_tif-1344x1536.png",1344,1536,true],"2048x2048":["https:\/\/trading.hhg.vn\/wp-content\/uploads\/2025\/12\/154__hpb01274_tif.png",1591,1818,false],"woocommerce_thumbnail":["https:\/\/trading.hhg.vn\/wp-content\/uploads\/2025\/12\/154__hpb01274_tif-600x600.png",600,600,true],"woocommerce_single":["https:\/\/trading.hhg.vn\/wp-content\/uploads\/2025\/12\/154__hpb01274_tif-1200x1371.png",1200,1371,true],"woocommerce_gallery_thumbnail":["https:\/\/trading.hhg.vn\/wp-content\/uploads\/2025\/12\/154__hpb01274_tif-150x171.png",150,171,true],"portfolio_item-thumbnail":["https:\/\/trading.hhg.vn\/wp-content\/uploads\/2025\/12\/154__hpb01274_tif.png",350,400,false],"portfolio_item-thumbnail@2x":["https:\/\/trading.hhg.vn\/wp-content\/uploads\/2025\/12\/154__hpb01274_tif.png",700,800,false],"portfolio_item-masonry":["https:\/\/trading.hhg.vn\/wp-content\/uploads\/2025\/12\/154__hpb01274_tif.png",600,686,false],"portfolio_item-masonry@2x":["https:\/\/trading.hhg.vn\/wp-content\/uploads\/2025\/12\/154__hpb01274_tif.png",1200,1371,false],"portfolio_item-thumbnail_cinema":["https:\/\/trading.hhg.vn\/wp-content\/uploads\/2025\/12\/154__hpb01274_tif.png",293,335,false],"portfolio_item-thumbnail_portrait":["https:\/\/trading.hhg.vn\/wp-content\/uploads\/2025\/12\/154__hpb01274_tif.png",600,686,false],"portfolio_item-thumbnail_portrait@2x":["https:\/\/trading.hhg.vn\/wp-content\/uploads\/2025\/12\/154__hpb01274_tif.png",1200,1371,false],"portfolio_item-thumbnail_square":["https:\/\/trading.hhg.vn\/wp-content\/uploads\/2025\/12\/154__hpb01274_tif.png",700,800,false]},"_links":{"self":[{"href":"https:\/\/trading.hhg.vn\/en\/wp-json\/wp\/v2\/product\/119412","targetHints":{"allow":["GET"]}}],"collection":[{"href":"https:\/\/trading.hhg.vn\/en\/wp-json\/wp\/v2\/product"}],"about":[{"href":"https:\/\/trading.hhg.vn\/en\/wp-json\/wp\/v2\/types\/product"}],"replies":[{"embeddable":true,"href":"https:\/\/trading.hhg.vn\/en\/wp-json\/wp\/v2\/comments?post=119412"}],"version-history":[{"count":0,"href":"https:\/\/trading.hhg.vn\/en\/wp-json\/wp\/v2\/product\/119412\/revisions"}],"wp:featuredmedia":[{"embeddable":true,"href":"https:\/\/trading.hhg.vn\/en\/wp-json\/wp\/v2\/media\/119410"}],"wp:attachment":[{"href":"https:\/\/trading.hhg.vn\/en\/wp-json\/wp\/v2\/media?parent=119412"}],"wp:term":[{"taxonomy":"product_cat","embeddable":true,"href":"https:\/\/trading.hhg.vn\/en\/wp-json\/wp\/v2\/product_cat?post=119412"},{"taxonomy":"product_tag","embeddable":true,"href":"https:\/\/trading.hhg.vn\/en\/wp-json\/wp\/v2\/product_tag?post=119412"}],"curies":[{"name":"wp","href":"https:\/\/api.w.org\/{rel}","templated":true}]}}