{"id":119760,"date":"2025-12-10T03:50:35","date_gmt":"2025-12-09T20:50:35","guid":{"rendered":"https:\/\/trading.hhg.vn\/?post_type=product&#038;p=119760"},"modified":"2025-12-29T22:27:31","modified_gmt":"2025-12-29T15:27:31","slug":"gia-do-sen-tay-axor-showersolutions-softsquare","status":"publish","type":"product","link":"https:\/\/trading.hhg.vn\/en\/s\u1ea3n-ph\u1ea9m\/gia-do-sen-tay-axor-showersolutions-softsquare\/","title":{"rendered":"Gi\u00e1 \u0111\u1ee1 sen tay AXOR ShowerSolutions SoftSquare"},"content":{"rendered":"","protected":false},"excerpt":{"rendered":"<p>Gi\u00e1 \u0111\u1ee1 sen tay AXOR ShowerSolutions SoftSquare l\u00e0 s\u1ef1 k\u1ebft h\u1ee3p tinh t\u1ebf gi\u1eefa thi\u1ebft k\u1ebf t\u1ed1i gi\u1ea3n v\u00e0 c\u00f4ng n\u0103ng v\u01b0\u1ee3t tr\u1ed9i. V\u1edbi \u0111\u01b0\u1eddng n\u00e9t SoftSquare m\u1ec1m m\u1ea1i, s\u1ea3n ph\u1ea9m kh\u00f4ng ch\u1ec9 l\u00e0 ph\u1ee5 ki\u1ec7n m\u00e0 c\u00f2n l\u00e0 \u0111i\u1ec3m nh\u1ea5n sang tr\u1ecdng, n\u00e2ng t\u1ea7m kh\u00f4ng gian ph\u00f2ng t\u1eafm c\u1ee7a b\u1ea1n. Tr\u1ea3i nghi\u1ec7m s\u1ef1 ti\u1ec7n nghi t\u1ed1i \u0111a, khi b\u1ea1n d\u1ec5 d\u00e0ng \u0111i\u1ec1u ch\u1ec9nh v\u1ecb tr\u00ed sen tay, t\u1eadn h\u01b0\u1edfng d\u00f2ng n\u01b0\u1edbc th\u01b0 th\u00e1i v\u1edbi phong th\u00e1i c\u1ee7a nh\u1eefng spa \u0111\u1eb3ng c\u1ea5p.<\/p>\n","protected":false},"featured_media":119880,"comment_status":"open","ping_status":"closed","template":"","meta":{"_acf_changed":false},"product_cat":[887],"product_tag":[],"class_list":{"0":"post-119760","1":"product","2":"type-product","3":"status-publish","4":"has-post-thumbnail","6":"product_cat-phu-kien-di-kem","7":"pa_mau-sac-chrome","8":"pa_mau-sac-chrome-den-xuoc","9":"pa_mau-sac-den-mo","10":"pa_mau-sac-dong-thau-xuoc","11":"pa_mau-sac-dong-xuoc","12":"pa_mau-sac-niken-xuoc","13":"pa_mau-sac-chrome-den-bong","14":"pa_mau-sac-thep-khong-gi","15":"pa_mau-sac-vang-bong","16":"pa_mau-sac-vang-hong-bong","17":"pa_mau-sac-vang-hong-xuoc","18":"pa_mau-sac-vang-xuoc","20":"first","21":"instock","22":"shipping-taxable","23":"purchasable","24":"product-type-variable"},"acf":[],"featured_media_urls":{"thumbnail":["https:\/\/trading.hhg.vn\/wp-content\/uploads\/2025\/12\/154__apa00134_tif-150x150.png",150,150,true],"medium":["https:\/\/trading.hhg.vn\/wp-content\/uploads\/2025\/12\/154__apa00134_tif-263x300.png",263,300,true],"medium_large":["https:\/\/trading.hhg.vn\/wp-content\/uploads\/2025\/12\/154__apa00134_tif-768x878.png",768,878,true],"large":["https:\/\/trading.hhg.vn\/wp-content\/uploads\/2025\/12\/154__apa00134_tif-896x1024.png",896,1024,true],"1536x1536":["https:\/\/trading.hhg.vn\/wp-content\/uploads\/2025\/12\/154__apa00134_tif.png",974,1113,false],"2048x2048":["https:\/\/trading.hhg.vn\/wp-content\/uploads\/2025\/12\/154__apa00134_tif.png",974,1113,false],"woocommerce_thumbnail":["https:\/\/trading.hhg.vn\/wp-content\/uploads\/2025\/12\/154__apa00134_tif-600x600.png",600,600,true],"woocommerce_single":["https:\/\/trading.hhg.vn\/wp-content\/uploads\/2025\/12\/154__apa00134_tif.png",974,1113,false],"woocommerce_gallery_thumbnail":["https:\/\/trading.hhg.vn\/wp-content\/uploads\/2025\/12\/154__apa00134_tif-150x171.png",150,171,true],"portfolio_item-thumbnail":["https:\/\/trading.hhg.vn\/wp-content\/uploads\/2025\/12\/154__apa00134_tif.png",350,400,false],"portfolio_item-thumbnail@2x":["https:\/\/trading.hhg.vn\/wp-content\/uploads\/2025\/12\/154__apa00134_tif.png",700,800,false],"portfolio_item-masonry":["https:\/\/trading.hhg.vn\/wp-content\/uploads\/2025\/12\/154__apa00134_tif.png",600,686,false],"portfolio_item-masonry@2x":["https:\/\/trading.hhg.vn\/wp-content\/uploads\/2025\/12\/154__apa00134_tif.png",974,1113,false],"portfolio_item-thumbnail_cinema":["https:\/\/trading.hhg.vn\/wp-content\/uploads\/2025\/12\/154__apa00134_tif.png",293,335,false],"portfolio_item-thumbnail_portrait":["https:\/\/trading.hhg.vn\/wp-content\/uploads\/2025\/12\/154__apa00134_tif.png",600,686,false],"portfolio_item-thumbnail_portrait@2x":["https:\/\/trading.hhg.vn\/wp-content\/uploads\/2025\/12\/154__apa00134_tif.png",974,1113,false],"portfolio_item-thumbnail_square":["https:\/\/trading.hhg.vn\/wp-content\/uploads\/2025\/12\/154__apa00134_tif.png",700,800,false]},"_links":{"self":[{"href":"https:\/\/trading.hhg.vn\/en\/wp-json\/wp\/v2\/product\/119760","targetHints":{"allow":["GET"]}}],"collection":[{"href":"https:\/\/trading.hhg.vn\/en\/wp-json\/wp\/v2\/product"}],"about":[{"href":"https:\/\/trading.hhg.vn\/en\/wp-json\/wp\/v2\/types\/product"}],"replies":[{"embeddable":true,"href":"https:\/\/trading.hhg.vn\/en\/wp-json\/wp\/v2\/comments?post=119760"}],"version-history":[{"count":1,"href":"https:\/\/trading.hhg.vn\/en\/wp-json\/wp\/v2\/product\/119760\/revisions"}],"predecessor-version":[{"id":119882,"href":"https:\/\/trading.hhg.vn\/en\/wp-json\/wp\/v2\/product\/119760\/revisions\/119882"}],"wp:featuredmedia":[{"embeddable":true,"href":"https:\/\/trading.hhg.vn\/en\/wp-json\/wp\/v2\/media\/119880"}],"wp:attachment":[{"href":"https:\/\/trading.hhg.vn\/en\/wp-json\/wp\/v2\/media?parent=119760"}],"wp:term":[{"taxonomy":"product_cat","embeddable":true,"href":"https:\/\/trading.hhg.vn\/en\/wp-json\/wp\/v2\/product_cat?post=119760"},{"taxonomy":"product_tag","embeddable":true,"href":"https:\/\/trading.hhg.vn\/en\/wp-json\/wp\/v2\/product_tag?post=119760"}],"curies":[{"name":"wp","href":"https:\/\/api.w.org\/{rel}","templated":true}]}}