{"id":120011,"date":"2025-12-10T04:50:16","date_gmt":"2025-12-09T21:50:16","guid":{"rendered":"https:\/\/trading.hhg.vn\/?post_type=product&#038;p=120011"},"modified":"2025-12-29T22:27:44","modified_gmt":"2025-12-29T15:27:44","slug":"can-them-thong-tin-ve-san-pham-de-dua-ra-ban-dich-chinh-xac-vui-long-cung-cap-them-chi-tiet-ve-dong-san-pham-hoac-cac-thong-tin-khac-neu-co","status":"publish","type":"product","link":"https:\/\/trading.hhg.vn\/en\/s\u1ea3n-ph\u1ea9m\/can-them-thong-tin-ve-san-pham-de-dua-ra-ban-dich-chinh-xac-vui-long-cung-cap-them-chi-tiet-ve-dong-san-pham-hoac-cac-thong-tin-khac-neu-co\/","title":{"rendered":"C\u1ea7n th\u00eam th\u00f4ng tin v\u1ec1 s\u1ea3n ph\u1ea9m \u0111\u1ec3 \u0111\u01b0a ra b\u1ea3n d\u1ecbch ch\u00ednh x\u00e1c. Vui l\u00f2ng cung c\u1ea5p th\u00eam chi ti\u1ebft v\u1ec1 d\u00f2ng s\u1ea3n ph\u1ea9m ho\u1eb7c c\u00e1c th\u00f4ng tin kh\u00e1c n\u1ebfu c\u00f3."},"content":{"rendered":"","protected":false},"excerpt":{"rendered":"<p>M\u00f4 t\u1ea3 s\u1ea3n ph\u1ea9m thi\u1ebft b\u1ecb n\u1ed9i th\u1ea5t:<\/p>\n<p>Ch\u1ea1m v\u00e0o s\u1ef1 tinh t\u1ebf, m\u1ed7i \u0111\u01b0\u1eddng n\u00e9t thi\u1ebft k\u1ebf l\u00e0 b\u1ea3n giao h\u01b0\u1edfng c\u1ee7a v\u1ebb \u0111\u1eb9p v\u01b0\u1ee3t th\u1eddi gian v\u00e0 c\u00f4ng n\u0103ng \u0111\u1ed9t ph\u00e1. T\u1eeb ch\u1ea5t li\u1ec7u tuy\u1ec3n ch\u1ecdn \u0111\u1ebfn k\u1ef9 thu\u1eadt ch\u1ebf t\u00e1c \u0111\u1ec9nh cao, s\u1ea3n ph\u1ea9m kh\u00f4ng ch\u1ec9 l\u00e0 v\u1eadt d\u1ee5ng m\u00e0 c\u00f2n l\u00e0 tuy\u00ean ng\u00f4n phong c\u00e1ch, m\u1edf ra kh\u00f4ng gian s\u1ed1ng ti\u1ec7n nghi v\u00e0 \u0111\u1eb3ng c\u1ea5p. Tr\u1ea3i nghi\u1ec7m s\u1ef1 kh\u00e1c bi\u1ec7t khi m\u1ed7i kho\u1ea3nh kh\u1eafc s\u1eed d\u1ee5ng \u0111\u1ec1u th\u0103ng hoa th\u00e0nh ni\u1ec1m c\u1ea3m h\u1ee9ng b\u1ea5t t\u1eadn, n\u00e2ng t\u1ea7m chu\u1ea9n m\u1ef1c s\u1ed1ng hi\u1ec7n \u0111\u1ea1i c\u1ee7a b\u1ea1n.<\/p>\n","protected":false},"featured_media":120045,"comment_status":"open","ping_status":"closed","template":"","meta":{"_acf_changed":false},"product_cat":[887],"product_tag":[],"class_list":{"0":"post-120011","1":"product","2":"type-product","3":"status-publish","4":"has-post-thumbnail","6":"product_cat-phu-kien-di-kem","7":"pa_mau-sac-chrome","8":"pa_mau-sac-chrome-den-xuoc","9":"pa_mau-sac-den-mo","10":"pa_mau-sac-dong-xuoc","11":"pa_mau-sac-chrome-den-bong","12":"pa_mau-sac-trang-mo","13":"pa_mau-sac-vang-bong","15":"first","16":"instock","17":"shipping-taxable","18":"purchasable","19":"product-type-variable"},"acf":[],"featured_media_urls":{"thumbnail":["https:\/\/trading.hhg.vn\/wp-content\/uploads\/2025\/12\/154__hpb01276_tif-150x150.png",150,150,true],"medium":["https:\/\/trading.hhg.vn\/wp-content\/uploads\/2025\/12\/154__hpb01276_tif-263x300.png",263,300,true],"medium_large":["https:\/\/trading.hhg.vn\/wp-content\/uploads\/2025\/12\/154__hpb01276_tif-768x877.png",768,877,true],"large":["https:\/\/trading.hhg.vn\/wp-content\/uploads\/2025\/12\/154__hpb01276_tif-896x1024.png",896,1024,true],"1536x1536":["https:\/\/trading.hhg.vn\/wp-content\/uploads\/2025\/12\/154__hpb01276_tif.png",1277,1459,false],"2048x2048":["https:\/\/trading.hhg.vn\/wp-content\/uploads\/2025\/12\/154__hpb01276_tif.png",1277,1459,false],"woocommerce_thumbnail":["https:\/\/trading.hhg.vn\/wp-content\/uploads\/2025\/12\/154__hpb01276_tif-600x600.png",600,600,true],"woocommerce_single":["https:\/\/trading.hhg.vn\/wp-content\/uploads\/2025\/12\/154__hpb01276_tif-1200x1371.png",1200,1371,true],"woocommerce_gallery_thumbnail":["https:\/\/trading.hhg.vn\/wp-content\/uploads\/2025\/12\/154__hpb01276_tif-150x171.png",150,171,true],"portfolio_item-thumbnail":["https:\/\/trading.hhg.vn\/wp-content\/uploads\/2025\/12\/154__hpb01276_tif.png",350,400,false],"portfolio_item-thumbnail@2x":["https:\/\/trading.hhg.vn\/wp-content\/uploads\/2025\/12\/154__hpb01276_tif.png",700,800,false],"portfolio_item-masonry":["https:\/\/trading.hhg.vn\/wp-content\/uploads\/2025\/12\/154__hpb01276_tif.png",600,686,false],"portfolio_item-masonry@2x":["https:\/\/trading.hhg.vn\/wp-content\/uploads\/2025\/12\/154__hpb01276_tif.png",1200,1371,false],"portfolio_item-thumbnail_cinema":["https:\/\/trading.hhg.vn\/wp-content\/uploads\/2025\/12\/154__hpb01276_tif.png",293,335,false],"portfolio_item-thumbnail_portrait":["https:\/\/trading.hhg.vn\/wp-content\/uploads\/2025\/12\/154__hpb01276_tif.png",600,686,false],"portfolio_item-thumbnail_portrait@2x":["https:\/\/trading.hhg.vn\/wp-content\/uploads\/2025\/12\/154__hpb01276_tif.png",1200,1371,false],"portfolio_item-thumbnail_square":["https:\/\/trading.hhg.vn\/wp-content\/uploads\/2025\/12\/154__hpb01276_tif.png",700,800,false]},"_links":{"self":[{"href":"https:\/\/trading.hhg.vn\/en\/wp-json\/wp\/v2\/product\/120011","targetHints":{"allow":["GET"]}}],"collection":[{"href":"https:\/\/trading.hhg.vn\/en\/wp-json\/wp\/v2\/product"}],"about":[{"href":"https:\/\/trading.hhg.vn\/en\/wp-json\/wp\/v2\/types\/product"}],"replies":[{"embeddable":true,"href":"https:\/\/trading.hhg.vn\/en\/wp-json\/wp\/v2\/comments?post=120011"}],"version-history":[{"count":1,"href":"https:\/\/trading.hhg.vn\/en\/wp-json\/wp\/v2\/product\/120011\/revisions"}],"predecessor-version":[{"id":120047,"href":"https:\/\/trading.hhg.vn\/en\/wp-json\/wp\/v2\/product\/120011\/revisions\/120047"}],"wp:featuredmedia":[{"embeddable":true,"href":"https:\/\/trading.hhg.vn\/en\/wp-json\/wp\/v2\/media\/120045"}],"wp:attachment":[{"href":"https:\/\/trading.hhg.vn\/en\/wp-json\/wp\/v2\/media?parent=120011"}],"wp:term":[{"taxonomy":"product_cat","embeddable":true,"href":"https:\/\/trading.hhg.vn\/en\/wp-json\/wp\/v2\/product_cat?post=120011"},{"taxonomy":"product_tag","embeddable":true,"href":"https:\/\/trading.hhg.vn\/en\/wp-json\/wp\/v2\/product_tag?post=120011"}],"curies":[{"name":"wp","href":"https:\/\/api.w.org\/{rel}","templated":true}]}}