{"id":120044,"date":"2025-12-10T04:51:37","date_gmt":"2025-12-09T21:51:37","guid":{"rendered":"https:\/\/trading.hhg.vn\/product\/thanh-truot-treo-tuong-hansgrohe\/"},"modified":"2025-12-20T16:06:41","modified_gmt":"2025-12-20T09:06:41","slug":"thanh-truot-treo-tuong-hansgrohe","status":"publish","type":"product","link":"https:\/\/trading.hhg.vn\/en\/s\u1ea3n-ph\u1ea9m\/thanh-truot-treo-tuong-hansgrohe\/","title":{"rendered":"Thanh tr\u01b0\u1ee3t treo t\u01b0\u1eddng hansgrohe"},"content":{"rendered":"","protected":false},"excerpt":{"rendered":"<p>Thanh tr\u01b0\u1ee3t treo t\u01b0\u1eddng hansgrohe ki\u1ebfn t\u1ea1o n\u00ean m\u1ed9t chu\u1ea9n m\u1ef1c m\u1edbi cho ph\u00f2ng t\u1eafm hi\u1ec7n \u0111\u1ea1i, n\u01a1i s\u1ef1 tinh t\u1ebf trong thi\u1ebft k\u1ebf h\u00f2a quy\u1ec7n c\u00f9ng c\u00f4ng n\u0103ng \u01b0u vi\u1ec7t. V\u1edbi \u0111\u01b0\u1eddng n\u00e9t t\u1ed1i gi\u1ea3n, s\u1eafc s\u1ea3o, s\u1ea3n ph\u1ea9m kh\u00f4ng ch\u1ec9 l\u00e0 ph\u1ee5 ki\u1ec7n m\u00e0 c\u00f2n l\u00e0 \u0111i\u1ec3m nh\u1ea5n sang tr\u1ecdng, n\u00e2ng t\u1ea7m kh\u00f4ng gian. Tr\u1ea3i nghi\u1ec7m s\u1eed d\u1ee5ng m\u01b0\u1ee3t m\u00e0 \u0111\u1ebfn b\u1ea5t ng\u1edd, cho ph\u00e9p \u0111i\u1ec1u ch\u1ec9nh v\u00f2i sen linh ho\u1ea1t, ch\u00ednh x\u00e1c \u0111\u1ebfn t\u1eebng milimet, mang l\u1ea1i s\u1ef1 ti\u1ec7n nghi ho\u00e0n h\u1ea3o v\u00e0 c\u1ea3m gi\u00e1c th\u01b0 th\u00e1i tuy\u1ec7t \u0111\u1ed1i sau m\u1ed7i l\u1ea7n ch\u1ea1m. hansgrohe kh\u00f4ng ch\u1ec9 l\u00e0 thi\u1ebft b\u1ecb, m\u00e0 l\u00e0 ngh\u1ec7 thu\u1eadt ki\u1ebfn t\u1ea1o nh\u1eefng kho\u1ea3nh kh\u1eafc ri\u00eang t\u01b0 \u0111\u1ea7y c\u1ea3m h\u1ee9ng.<\/p>\n","protected":false},"featured_media":120042,"comment_status":"open","ping_status":"closed","template":"","meta":{"_acf_changed":false},"product_cat":[887],"product_tag":[],"class_list":{"0":"post-120044","1":"product","2":"type-product","3":"status-publish","4":"has-post-thumbnail","6":"product_cat-phu-kien-di-kem","7":"pa_mau-sac-chrome","9":"first","10":"instock","11":"shipping-taxable","12":"product-type-simple"},"acf":[],"featured_media_urls":{"thumbnail":["https:\/\/trading.hhg.vn\/wp-content\/uploads\/2025\/12\/154__hpa00630_tif_tif-150x150.png",150,150,true],"medium":["https:\/\/trading.hhg.vn\/wp-content\/uploads\/2025\/12\/154__hpa00630_tif_tif-263x300.png",263,300,true],"medium_large":["https:\/\/trading.hhg.vn\/wp-content\/uploads\/2025\/12\/154__hpa00630_tif_tif.png",661,755,false],"large":["https:\/\/trading.hhg.vn\/wp-content\/uploads\/2025\/12\/154__hpa00630_tif_tif.png",661,755,false],"1536x1536":["https:\/\/trading.hhg.vn\/wp-content\/uploads\/2025\/12\/154__hpa00630_tif_tif.png",661,755,false],"2048x2048":["https:\/\/trading.hhg.vn\/wp-content\/uploads\/2025\/12\/154__hpa00630_tif_tif.png",661,755,false],"woocommerce_thumbnail":["https:\/\/trading.hhg.vn\/wp-content\/uploads\/2025\/12\/154__hpa00630_tif_tif-600x600.png",600,600,true],"woocommerce_single":["https:\/\/trading.hhg.vn\/wp-content\/uploads\/2025\/12\/154__hpa00630_tif_tif.png",661,755,false],"woocommerce_gallery_thumbnail":["https:\/\/trading.hhg.vn\/wp-content\/uploads\/2025\/12\/154__hpa00630_tif_tif-150x171.png",150,171,true],"portfolio_item-thumbnail":["https:\/\/trading.hhg.vn\/wp-content\/uploads\/2025\/12\/154__hpa00630_tif_tif.png",350,400,false],"portfolio_item-thumbnail@2x":["https:\/\/trading.hhg.vn\/wp-content\/uploads\/2025\/12\/154__hpa00630_tif_tif.png",661,755,false],"portfolio_item-masonry":["https:\/\/trading.hhg.vn\/wp-content\/uploads\/2025\/12\/154__hpa00630_tif_tif.png",600,685,false],"portfolio_item-masonry@2x":["https:\/\/trading.hhg.vn\/wp-content\/uploads\/2025\/12\/154__hpa00630_tif_tif.png",661,755,false],"portfolio_item-thumbnail_cinema":["https:\/\/trading.hhg.vn\/wp-content\/uploads\/2025\/12\/154__hpa00630_tif_tif.png",293,335,false],"portfolio_item-thumbnail_portrait":["https:\/\/trading.hhg.vn\/wp-content\/uploads\/2025\/12\/154__hpa00630_tif_tif.png",600,685,false],"portfolio_item-thumbnail_portrait@2x":["https:\/\/trading.hhg.vn\/wp-content\/uploads\/2025\/12\/154__hpa00630_tif_tif.png",661,755,false],"portfolio_item-thumbnail_square":["https:\/\/trading.hhg.vn\/wp-content\/uploads\/2025\/12\/154__hpa00630_tif_tif.png",661,755,false]},"_links":{"self":[{"href":"https:\/\/trading.hhg.vn\/en\/wp-json\/wp\/v2\/product\/120044","targetHints":{"allow":["GET"]}}],"collection":[{"href":"https:\/\/trading.hhg.vn\/en\/wp-json\/wp\/v2\/product"}],"about":[{"href":"https:\/\/trading.hhg.vn\/en\/wp-json\/wp\/v2\/types\/product"}],"replies":[{"embeddable":true,"href":"https:\/\/trading.hhg.vn\/en\/wp-json\/wp\/v2\/comments?post=120044"}],"version-history":[{"count":0,"href":"https:\/\/trading.hhg.vn\/en\/wp-json\/wp\/v2\/product\/120044\/revisions"}],"wp:featuredmedia":[{"embeddable":true,"href":"https:\/\/trading.hhg.vn\/en\/wp-json\/wp\/v2\/media\/120042"}],"wp:attachment":[{"href":"https:\/\/trading.hhg.vn\/en\/wp-json\/wp\/v2\/media?parent=120044"}],"wp:term":[{"taxonomy":"product_cat","embeddable":true,"href":"https:\/\/trading.hhg.vn\/en\/wp-json\/wp\/v2\/product_cat?post=120044"},{"taxonomy":"product_tag","embeddable":true,"href":"https:\/\/trading.hhg.vn\/en\/wp-json\/wp\/v2\/product_tag?post=120044"}],"curies":[{"name":"wp","href":"https:\/\/api.w.org\/{rel}","templated":true}]}}