{"id":120356,"date":"2025-12-10T06:20:35","date_gmt":"2025-12-09T23:20:35","guid":{"rendered":"https:\/\/trading.hhg.vn\/?post_type=product&#038;p=120356"},"modified":"2025-12-30T07:09:47","modified_gmt":"2025-12-30T00:09:47","slug":"dau-noi-tran-e-30-cm","status":"publish","type":"product","link":"https:\/\/trading.hhg.vn\/en\/s\u1ea3n-ph\u1ea9m\/dau-noi-tran-e-30-cm\/","title":{"rendered":"\u0110\u1ea7u n\u1ed1i tr\u1ea7n E 30 cm"},"content":{"rendered":"","protected":false},"excerpt":{"rendered":"<p>\u0110\u1ea7u n\u1ed1i tr\u1ea7n E 30 cm l\u00e0 tuy\u00ean ng\u00f4n c\u1ee7a s\u1ef1 tinh t\u1ebf, n\u01a1i m\u1ed7i \u0111\u01b0\u1eddng n\u00e9t \u0111\u1ec1u \u0111\u01b0\u1ee3c chau chu\u1ed1t t\u1ec9 m\u1ec9 \u0111\u1ec3 h\u00f2a m\u00ecnh v\u00e0o kh\u00f4ng gian s\u1ed1ng hi\u1ec7n \u0111\u1ea1i. V\u1edbi thi\u1ebft k\u1ebf t\u1ed1i gi\u1ea3n nh\u01b0ng \u0111\u1ea7y cu\u1ed1n h\u00fat, s\u1ea3n ph\u1ea9m kh\u00f4ng ch\u1ec9 mang \u0111\u1ebfn gi\u1ea3i ph\u00e1p k\u1ebft n\u1ed1i tr\u1ea7n ho\u00e0n h\u1ea3o, m\u00e0 c\u00f2n l\u00e0 \u0111i\u1ec3m nh\u1ea5n ki\u1ebfn tr\u00fac, n\u00e2ng t\u1ea7m v\u1ebb \u0111\u1eb9p sang tr\u1ecdng cho m\u1ecdi c\u0103n ph\u00f2ng. Tr\u1ea3i nghi\u1ec7m s\u1ef1 ch\u1eafc ch\u1eafn, b\u1ec1n b\u1ec9 v\u00e0 d\u1ec5 d\u00e0ng l\u1eafp \u0111\u1eb7t, \u0111\u1ec3 m\u1ed7i kho\u1ea3nh kh\u1eafc trong ng\u00f4i nh\u00e0 b\u1ea1n \u0111\u1ec1u l\u00e0 s\u1ef1 th\u01b0\u1edfng th\u1ee9c tuy\u1ec7t v\u1eddi c\u1ee7a c\u00f4ng n\u0103ng v\u00e0 th\u1ea9m m\u1ef9 \u0111\u1ec9nh cao.<\/p>\n","protected":false},"featured_media":120377,"comment_status":"open","ping_status":"closed","template":"","meta":{"_acf_changed":false},"product_cat":[887],"product_tag":[],"class_list":{"0":"post-120356","1":"product","2":"type-product","3":"status-publish","4":"has-post-thumbnail","6":"product_cat-phu-kien-di-kem","7":"pa_mau-sac-chrome","8":"pa_mau-sac-chrome-den-xuoc","9":"pa_mau-sac-den-mo","10":"pa_mau-sac-dong-xuoc","11":"pa_mau-sac-trang-mo","12":"pa_mau-sac-vang-bong","14":"first","15":"instock","16":"shipping-taxable","17":"purchasable","18":"product-type-variable"},"acf":[],"featured_media_urls":{"thumbnail":["https:\/\/trading.hhg.vn\/wp-content\/uploads\/2025\/12\/154__hpr05281_tif-150x150.png",150,150,true],"medium":["https:\/\/trading.hhg.vn\/wp-content\/uploads\/2025\/12\/154__hpr05281_tif-263x300.png",263,300,true],"medium_large":["https:\/\/trading.hhg.vn\/wp-content\/uploads\/2025\/12\/154__hpr05281_tif-768x878.png",768,878,true],"large":["https:\/\/trading.hhg.vn\/wp-content\/uploads\/2025\/12\/154__hpr05281_tif-896x1024.png",896,1024,true],"1536x1536":["https:\/\/trading.hhg.vn\/wp-content\/uploads\/2025\/12\/154__hpr05281_tif-1344x1536.png",1344,1536,true],"2048x2048":["https:\/\/trading.hhg.vn\/wp-content\/uploads\/2025\/12\/154__hpr05281_tif-1792x2048.png",1792,2048,true],"woocommerce_thumbnail":["https:\/\/trading.hhg.vn\/wp-content\/uploads\/2025\/12\/154__hpr05281_tif-600x600.png",600,600,true],"woocommerce_single":["https:\/\/trading.hhg.vn\/wp-content\/uploads\/2025\/12\/154__hpr05281_tif-1200x1371.png",1200,1371,true],"woocommerce_gallery_thumbnail":["https:\/\/trading.hhg.vn\/wp-content\/uploads\/2025\/12\/154__hpr05281_tif-150x171.png",150,171,true],"portfolio_item-thumbnail":["https:\/\/trading.hhg.vn\/wp-content\/uploads\/2025\/12\/154__hpr05281_tif-scaled.png",350,400,false],"portfolio_item-thumbnail@2x":["https:\/\/trading.hhg.vn\/wp-content\/uploads\/2025\/12\/154__hpr05281_tif-scaled.png",700,800,false],"portfolio_item-masonry":["https:\/\/trading.hhg.vn\/wp-content\/uploads\/2025\/12\/154__hpr05281_tif-scaled.png",600,686,false],"portfolio_item-masonry@2x":["https:\/\/trading.hhg.vn\/wp-content\/uploads\/2025\/12\/154__hpr05281_tif-scaled.png",1200,1371,false],"portfolio_item-thumbnail_cinema":["https:\/\/trading.hhg.vn\/wp-content\/uploads\/2025\/12\/154__hpr05281_tif-scaled.png",293,335,false],"portfolio_item-thumbnail_portrait":["https:\/\/trading.hhg.vn\/wp-content\/uploads\/2025\/12\/154__hpr05281_tif-scaled.png",600,686,false],"portfolio_item-thumbnail_portrait@2x":["https:\/\/trading.hhg.vn\/wp-content\/uploads\/2025\/12\/154__hpr05281_tif-scaled.png",1200,1371,false],"portfolio_item-thumbnail_square":["https:\/\/trading.hhg.vn\/wp-content\/uploads\/2025\/12\/154__hpr05281_tif-scaled.png",700,800,false]},"_links":{"self":[{"href":"https:\/\/trading.hhg.vn\/en\/wp-json\/wp\/v2\/product\/120356","targetHints":{"allow":["GET"]}}],"collection":[{"href":"https:\/\/trading.hhg.vn\/en\/wp-json\/wp\/v2\/product"}],"about":[{"href":"https:\/\/trading.hhg.vn\/en\/wp-json\/wp\/v2\/types\/product"}],"replies":[{"embeddable":true,"href":"https:\/\/trading.hhg.vn\/en\/wp-json\/wp\/v2\/comments?post=120356"}],"version-history":[{"count":1,"href":"https:\/\/trading.hhg.vn\/en\/wp-json\/wp\/v2\/product\/120356\/revisions"}],"predecessor-version":[{"id":120379,"href":"https:\/\/trading.hhg.vn\/en\/wp-json\/wp\/v2\/product\/120356\/revisions\/120379"}],"wp:featuredmedia":[{"embeddable":true,"href":"https:\/\/trading.hhg.vn\/en\/wp-json\/wp\/v2\/media\/120377"}],"wp:attachment":[{"href":"https:\/\/trading.hhg.vn\/en\/wp-json\/wp\/v2\/media?parent=120356"}],"wp:term":[{"taxonomy":"product_cat","embeddable":true,"href":"https:\/\/trading.hhg.vn\/en\/wp-json\/wp\/v2\/product_cat?post=120356"},{"taxonomy":"product_tag","embeddable":true,"href":"https:\/\/trading.hhg.vn\/en\/wp-json\/wp\/v2\/product_tag?post=120356"}],"curies":[{"name":"wp","href":"https:\/\/api.w.org\/{rel}","templated":true}]}}