{"id":120359,"date":"2025-12-10T06:20:50","date_gmt":"2025-12-09T23:20:50","guid":{"rendered":"https:\/\/trading.hhg.vn\/product\/dau-noi-chu-s-g-%c2%be-de-cai-tao-hansgrohe\/"},"modified":"2025-12-20T16:06:53","modified_gmt":"2025-12-20T09:06:53","slug":"dau-noi-chu-s-g-%c2%be-de-cai-tao-hansgrohe","status":"publish","type":"product","link":"https:\/\/trading.hhg.vn\/en\/s\u1ea3n-ph\u1ea9m\/dau-noi-chu-s-g-%c2%be-de-cai-tao-hansgrohe\/","title":{"rendered":"\u0110\u1ea7u n\u1ed1i ch\u1eef S G \u00be \u0111\u1ec3 c\u1ea3i t\u1ea1o hansgrohe"},"content":{"rendered":"","protected":false},"excerpt":{"rendered":"<p>N\u00e2ng t\u1ea7m kh\u00f4ng gian s\u1ed1ng v\u1edbi thi\u1ebft b\u1ecb n\u1ed9i th\u1ea5t tinh t\u1ebf n\u00e0y, n\u01a1i s\u1ef1 thanh l\u1ecbch c\u1ee7a thi\u1ebft k\u1ebf h\u00f2a quy\u1ec7n c\u00f9ng c\u00f4ng n\u0103ng \u01b0u vi\u1ec7t. M\u1ed7i \u0111\u01b0\u1eddng n\u00e9t, m\u1ed7i chi ti\u1ebft \u0111\u1ec1u \u0111\u01b0\u1ee3c ch\u0103m ch\u00fat t\u1ec9 m\u1ec9, t\u1ea1o n\u00ean v\u1ebb \u0111\u1eb9p v\u01b0\u1ee3t th\u1eddi gian v\u00e0 kh\u1ea3 n\u0103ng \u1ee9ng d\u1ee5ng linh ho\u1ea1t. Tr\u1ea3i nghi\u1ec7m s\u1ef1 ti\u1ec7n nghi t\u1ed1i \u0111a, c\u1ea3m nh\u1eadn s\u1ef1 d\u1ec5 d\u00e0ng trong t\u1eebng thao t\u00e1c, v\u00e0 t\u1eadn h\u01b0\u1edfng kh\u00f4ng gian s\u1ed1ng \u0111\u01b0\u1ee3c n\u00e2ng t\u1ea7m, n\u01a1i s\u1ef1 sang tr\u1ecdng v\u00e0 ti\u1ec7n \u00edch lu\u00f4n song h\u00e0nh, mang \u0111\u1ebfn nh\u1eefng kho\u1ea3nh kh\u1eafc th\u01b0 th\u00e1i v\u00e0 \u0111\u1eb3ng c\u1ea5p.<\/p>\n","protected":false},"featured_media":120357,"comment_status":"open","ping_status":"closed","template":"","meta":{"_acf_changed":false},"product_cat":[887],"product_tag":[],"class_list":{"0":"post-120359","1":"product","2":"type-product","3":"status-publish","4":"has-post-thumbnail","6":"product_cat-phu-kien-di-kem","7":"pa_mau-sac-chrome","9":"first","10":"instock","11":"shipping-taxable","12":"purchasable","13":"product-type-simple"},"acf":[],"featured_media_urls":{"thumbnail":["https:\/\/trading.hhg.vn\/wp-content\/uploads\/2025\/12\/154__hpa01327_tif-150x150.png",150,150,true],"medium":["https:\/\/trading.hhg.vn\/wp-content\/uploads\/2025\/12\/154__hpa01327_tif-262x300.png",262,300,true],"medium_large":["https:\/\/trading.hhg.vn\/wp-content\/uploads\/2025\/12\/154__hpa01327_tif-768x878.png",768,878,true],"large":["https:\/\/trading.hhg.vn\/wp-content\/uploads\/2025\/12\/154__hpa01327_tif-896x1024.png",896,1024,true],"1536x1536":["https:\/\/trading.hhg.vn\/wp-content\/uploads\/2025\/12\/154__hpa01327_tif.png",977,1117,false],"2048x2048":["https:\/\/trading.hhg.vn\/wp-content\/uploads\/2025\/12\/154__hpa01327_tif.png",977,1117,false],"woocommerce_thumbnail":["https:\/\/trading.hhg.vn\/wp-content\/uploads\/2025\/12\/154__hpa01327_tif-600x600.png",600,600,true],"woocommerce_single":["https:\/\/trading.hhg.vn\/wp-content\/uploads\/2025\/12\/154__hpa01327_tif.png",977,1117,false],"woocommerce_gallery_thumbnail":["https:\/\/trading.hhg.vn\/wp-content\/uploads\/2025\/12\/154__hpa01327_tif-150x171.png",150,171,true],"portfolio_item-thumbnail":["https:\/\/trading.hhg.vn\/wp-content\/uploads\/2025\/12\/154__hpa01327_tif.png",350,400,false],"portfolio_item-thumbnail@2x":["https:\/\/trading.hhg.vn\/wp-content\/uploads\/2025\/12\/154__hpa01327_tif.png",700,800,false],"portfolio_item-masonry":["https:\/\/trading.hhg.vn\/wp-content\/uploads\/2025\/12\/154__hpa01327_tif.png",600,686,false],"portfolio_item-masonry@2x":["https:\/\/trading.hhg.vn\/wp-content\/uploads\/2025\/12\/154__hpa01327_tif.png",977,1117,false],"portfolio_item-thumbnail_cinema":["https:\/\/trading.hhg.vn\/wp-content\/uploads\/2025\/12\/154__hpa01327_tif.png",293,335,false],"portfolio_item-thumbnail_portrait":["https:\/\/trading.hhg.vn\/wp-content\/uploads\/2025\/12\/154__hpa01327_tif.png",600,686,false],"portfolio_item-thumbnail_portrait@2x":["https:\/\/trading.hhg.vn\/wp-content\/uploads\/2025\/12\/154__hpa01327_tif.png",977,1117,false],"portfolio_item-thumbnail_square":["https:\/\/trading.hhg.vn\/wp-content\/uploads\/2025\/12\/154__hpa01327_tif.png",700,800,false]},"_links":{"self":[{"href":"https:\/\/trading.hhg.vn\/en\/wp-json\/wp\/v2\/product\/120359","targetHints":{"allow":["GET"]}}],"collection":[{"href":"https:\/\/trading.hhg.vn\/en\/wp-json\/wp\/v2\/product"}],"about":[{"href":"https:\/\/trading.hhg.vn\/en\/wp-json\/wp\/v2\/types\/product"}],"replies":[{"embeddable":true,"href":"https:\/\/trading.hhg.vn\/en\/wp-json\/wp\/v2\/comments?post=120359"}],"version-history":[{"count":0,"href":"https:\/\/trading.hhg.vn\/en\/wp-json\/wp\/v2\/product\/120359\/revisions"}],"wp:featuredmedia":[{"embeddable":true,"href":"https:\/\/trading.hhg.vn\/en\/wp-json\/wp\/v2\/media\/120357"}],"wp:attachment":[{"href":"https:\/\/trading.hhg.vn\/en\/wp-json\/wp\/v2\/media?parent=120359"}],"wp:term":[{"taxonomy":"product_cat","embeddable":true,"href":"https:\/\/trading.hhg.vn\/en\/wp-json\/wp\/v2\/product_cat?post=120359"},{"taxonomy":"product_tag","embeddable":true,"href":"https:\/\/trading.hhg.vn\/en\/wp-json\/wp\/v2\/product_tag?post=120359"}],"curies":[{"name":"wp","href":"https:\/\/api.w.org\/{rel}","templated":true}]}}