{"id":120398,"date":"2025-12-10T06:29:13","date_gmt":"2025-12-09T23:29:13","guid":{"rendered":"https:\/\/trading.hhg.vn\/product\/bo-dieu-khien-anh-sang-rainbrain\/"},"modified":"2026-05-08T17:07:13","modified_gmt":"2026-05-08T10:07:13","slug":"bo-dieu-khien-anh-sang-rainbrain","status":"publish","type":"product","link":"https:\/\/trading.hhg.vn\/en\/s\u1ea3n-ph\u1ea9m\/bo-dieu-khien-anh-sang-rainbrain\/","title":{"rendered":"B\u1ed9 \u0111i\u1ec1u khi\u1ec3n \u00e1nh s\u00e1ng RainBrain"},"content":{"rendered":"","protected":false},"excerpt":{"rendered":"<p>RainBrain kh\u00f4ng ch\u1ec9 l\u00e0 b\u1ed9 \u0111i\u1ec1u khi\u1ec3n \u00e1nh s\u00e1ng, \u0111\u00f3 l\u00e0 ngh\u1ec7 thu\u1eadt s\u1eafp \u0111\u1eb7t kh\u00f4ng gian s\u1ed1ng \u0111\u1ed9ng. V\u1edbi thi\u1ebft k\u1ebf tinh x\u1ea3o, m\u1ed7i \u0111\u01b0\u1eddng n\u00e9t \u0111\u1ec1u t\u00f4n vinh s\u1ef1 t\u1ed1i gi\u1ea3n m\u00e0 sang tr\u1ecdng, d\u1ec5 d\u00e0ng h\u00f2a m\u00ecnh v\u00e0o m\u1ecdi phong c\u00e1ch n\u1ed9i th\u1ea5t. T\u00edch h\u1ee3p c\u00f4ng n\u0103ng v\u01b0\u1ee3t tr\u1ed9i, RainBrain mang \u0111\u1ebfn kh\u1ea3 n\u0103ng t\u00f9y ch\u1ec9nh c\u01b0\u1eddng \u0111\u1ed9 v\u00e0 s\u1eafc th\u00e1i \u00e1nh s\u00e1ng linh ho\u1ea1t, bi\u1ebfn h\u00f3a kh\u00f4ng gian theo t\u1eebng kho\u1ea3nh kh\u1eafc c\u1ea3m x\u00fac. Tr\u1ea3i nghi\u1ec7m s\u1eed d\u1ee5ng m\u01b0\u1ee3t m\u00e0, tr\u1ef1c quan s\u1ebd n\u00e2ng t\u1ea7m \u0111\u1eb3ng c\u1ea5p ng\u00f4i nh\u00e0 b\u1ea1n, ki\u1ebfn t\u1ea1o nh\u1eefng d\u1ea5u \u1ea5n ri\u00eang bi\u1ec7t ch\u1ec9 v\u1edbi m\u1ed9t ch\u1ea1m.<\/p>\n","protected":false},"featured_media":120396,"comment_status":"open","ping_status":"closed","template":"","meta":{"_acf_changed":false},"product_cat":[887],"product_tag":[],"class_list":{"0":"post-120398","1":"product","2":"type-product","3":"status-publish","4":"has-post-thumbnail","6":"product_cat-phu-kien-di-kem","8":"first","9":"instock","10":"shipping-taxable","11":"product-type-simple"},"acf":[],"_links":{"self":[{"href":"https:\/\/trading.hhg.vn\/en\/wp-json\/wp\/v2\/product\/120398","targetHints":{"allow":["GET"]}}],"collection":[{"href":"https:\/\/trading.hhg.vn\/en\/wp-json\/wp\/v2\/product"}],"about":[{"href":"https:\/\/trading.hhg.vn\/en\/wp-json\/wp\/v2\/types\/product"}],"replies":[{"embeddable":true,"href":"https:\/\/trading.hhg.vn\/en\/wp-json\/wp\/v2\/comments?post=120398"}],"version-history":[{"count":0,"href":"https:\/\/trading.hhg.vn\/en\/wp-json\/wp\/v2\/product\/120398\/revisions"}],"wp:featuredmedia":[{"embeddable":true,"href":"https:\/\/trading.hhg.vn\/en\/wp-json\/wp\/v2\/media\/120396"}],"wp:attachment":[{"href":"https:\/\/trading.hhg.vn\/en\/wp-json\/wp\/v2\/media?parent=120398"}],"wp:term":[{"taxonomy":"product_cat","embeddable":true,"href":"https:\/\/trading.hhg.vn\/en\/wp-json\/wp\/v2\/product_cat?post=120398"},{"taxonomy":"product_tag","embeddable":true,"href":"https:\/\/trading.hhg.vn\/en\/wp-json\/wp\/v2\/product_tag?post=120398"}],"curies":[{"name":"wp","href":"https:\/\/api.w.org\/{rel}","templated":true}]}}