{"id":120426,"date":"2025-12-10T06:33:13","date_gmt":"2025-12-09T23:33:13","guid":{"rendered":"https:\/\/trading.hhg.vn\/product\/tay-vin-comfort-kem-ke-de-do-va-gia-do-sen-unica\/"},"modified":"2026-05-08T17:07:13","modified_gmt":"2026-05-08T10:07:13","slug":"tay-vin-comfort-kem-ke-de-do-va-gia-do-sen-unica","status":"publish","type":"product","link":"https:\/\/trading.hhg.vn\/en\/s\u1ea3n-ph\u1ea9m\/tay-vin-comfort-kem-ke-de-do-va-gia-do-sen-unica\/","title":{"rendered":"Tay v\u1ecbn Comfort k\u00e8m k\u1ec7 \u0111\u1ec3 \u0111\u1ed3 v\u00e0 gi\u00e1 \u0111\u1ee1 sen Unica"},"content":{"rendered":"","protected":false},"excerpt":{"rendered":"<p>Tay v\u1ecbn Comfort kh\u00f4ng ch\u1ec9 l\u00e0 \u0111i\u1ec3m t\u1ef1a an to\u00e0n m\u00e0 c\u00f2n l\u00e0 tuy\u00ean ng\u00f4n tinh t\u1ebf cho kh\u00f4ng gian s\u1ed1ng hi\u1ec7n \u0111\u1ea1i. Thi\u1ebft k\u1ebf t\u1ed1i gi\u1ea3n, \u00f4m tr\u1ecdn c\u00f4ng n\u0103ng v\u1edbi k\u1ec7 \u0111\u1ec3 \u0111\u1ed3 t\u00edch h\u1ee3p v\u00e0 gi\u00e1 \u0111\u1ee1 sen Unica thanh l\u1ecbch, mang \u0111\u1ebfn tr\u1ea3i nghi\u1ec7m ti\u1ec7n nghi v\u01b0\u1ee3t tr\u1ed9i. M\u1ed7i \u0111\u01b0\u1eddng n\u00e9t \u0111\u1ec1u \u0111\u01b0\u1ee3c chau chu\u1ed1t t\u1ec9 m\u1ec9, kh\u1eb3ng \u0111\u1ecbnh \u0111\u1eb3ng c\u1ea5p v\u00e0 n\u00e2ng t\u1ea7m s\u1ef1 tho\u1ea3i m\u00e1i, gi\u00fap b\u1ea1n t\u1eadn h\u01b0\u1edfng kho\u1ea3nh kh\u1eafc th\u01b0 gi\u00e3n m\u1ed9t c\u00e1ch tr\u1ecdn v\u1eb9n v\u00e0 an t\u00e2m nh\u1ea5t.<\/p>\n","protected":false},"featured_media":120424,"comment_status":"open","ping_status":"closed","template":"","meta":{"_acf_changed":false},"product_cat":[887],"product_tag":[],"class_list":{"0":"post-120426","1":"product","2":"type-product","3":"status-publish","4":"has-post-thumbnail","6":"product_cat-phu-kien-di-kem","7":"pa_mau-sac-trang","9":"first","10":"instock","11":"shipping-taxable","12":"purchasable","13":"product-type-simple"},"acf":[],"_links":{"self":[{"href":"https:\/\/trading.hhg.vn\/en\/wp-json\/wp\/v2\/product\/120426","targetHints":{"allow":["GET"]}}],"collection":[{"href":"https:\/\/trading.hhg.vn\/en\/wp-json\/wp\/v2\/product"}],"about":[{"href":"https:\/\/trading.hhg.vn\/en\/wp-json\/wp\/v2\/types\/product"}],"replies":[{"embeddable":true,"href":"https:\/\/trading.hhg.vn\/en\/wp-json\/wp\/v2\/comments?post=120426"}],"version-history":[{"count":0,"href":"https:\/\/trading.hhg.vn\/en\/wp-json\/wp\/v2\/product\/120426\/revisions"}],"wp:featuredmedia":[{"embeddable":true,"href":"https:\/\/trading.hhg.vn\/en\/wp-json\/wp\/v2\/media\/120424"}],"wp:attachment":[{"href":"https:\/\/trading.hhg.vn\/en\/wp-json\/wp\/v2\/media?parent=120426"}],"wp:term":[{"taxonomy":"product_cat","embeddable":true,"href":"https:\/\/trading.hhg.vn\/en\/wp-json\/wp\/v2\/product_cat?post=120426"},{"taxonomy":"product_tag","embeddable":true,"href":"https:\/\/trading.hhg.vn\/en\/wp-json\/wp\/v2\/product_tag?post=120426"}],"curies":[{"name":"wp","href":"https:\/\/api.w.org\/{rel}","templated":true}]}}