{"id":120563,"date":"2025-12-10T06:43:26","date_gmt":"2025-12-09T23:43:26","guid":{"rendered":"https:\/\/trading.hhg.vn\/product\/khuon-dinh-vi-117-axor-myedition\/"},"modified":"2025-12-20T16:06:46","modified_gmt":"2025-12-20T09:06:46","slug":"khuon-dinh-vi-117-axor-myedition","status":"publish","type":"product","link":"https:\/\/trading.hhg.vn\/en\/s\u1ea3n-ph\u1ea9m\/khuon-dinh-vi-117-axor-myedition\/","title":{"rendered":"Khu\u00f4n \u0111\u1ecbnh v\u1ecb 117 AXOR MyEdition"},"content":{"rendered":"","protected":false},"excerpt":{"rendered":"<p>Ki\u1ec7t t\u00e1c t\u1ed1i gi\u1ea3n Axor MyEdition kh\u00f4ng ch\u1ec9 l\u00e0 v\u00f2i n\u01b0\u1edbc, m\u00e0 l\u00e0 tuy\u00ean ng\u00f4n c\u1ee7a phong c\u00e1ch. T\u1eeb \u0111\u01b0\u1eddng n\u00e9t tinh x\u1ea3o \u0111\u1ebfn b\u1ec1 m\u1eb7t ho\u00e0n thi\u1ec7n cao c\u1ea5p, m\u1ecdi chi ti\u1ebft \u0111\u1ec1u to\u00e1t l\u00ean s\u1ef1 sang tr\u1ecdng, ph\u1ea3n \u00e1nh gu th\u1ea9m m\u1ef9 \u0111\u1ed9c \u0111\u00e1o c\u1ee7a gia ch\u1ee7. C\u00f4ng ngh\u1ec7 \u0111\u1ed9t ph\u00e1 \u1ea9n m\u00ecnh mang \u0111\u1ebfn tr\u1ea3i nghi\u1ec7m s\u1eed d\u1ee5ng m\u01b0\u1ee3t m\u00e0, ch\u00ednh x\u00e1c \u0111\u1ebfn t\u1eebng gi\u1ecdt n\u01b0\u1edbc, bi\u1ebfn m\u1ed7i l\u1ea7n ch\u1ea1m th\u00e0nh kho\u1ea3nh kh\u1eafc t\u1eadn h\u01b0\u1edfng s\u1ef1 ho\u00e0n h\u1ea3o. Axor MyEdition kh\u00f4ng ch\u1ec9 n\u00e2ng t\u1ea7m kh\u00f4ng gian, m\u00e0 c\u00f2n n\u00e2ng t\u1ea7m phong c\u00e1ch s\u1ed1ng, ki\u1ebfn t\u1ea1o m\u1ed9t tuy\u00ean ng\u00f4n c\u00e1 nh\u00e2n \u0111\u1ea7y tinh t\u1ebf trong l\u00f2ng kh\u00f4ng gian ph\u00f2ng t\u1eafm.<\/p>\n","protected":false},"featured_media":120561,"comment_status":"open","ping_status":"closed","template":"","meta":{"_acf_changed":false},"product_cat":[887],"product_tag":[],"class_list":{"0":"post-120563","1":"product","2":"type-product","3":"status-publish","4":"has-post-thumbnail","6":"product_cat-phu-kien-di-kem","8":"first","9":"instock","10":"shipping-taxable","11":"purchasable","12":"product-type-simple"},"acf":[],"featured_media_urls":{"thumbnail":["https:\/\/trading.hhg.vn\/wp-content\/uploads\/2025\/12\/154__apr02318_tif-150x150.png",150,150,true],"medium":["https:\/\/trading.hhg.vn\/wp-content\/uploads\/2025\/12\/154__apr02318_tif-263x300.png",263,300,true],"medium_large":["https:\/\/trading.hhg.vn\/wp-content\/uploads\/2025\/12\/154__apr02318_tif-768x878.png",768,878,true],"large":["https:\/\/trading.hhg.vn\/wp-content\/uploads\/2025\/12\/154__apr02318_tif-896x1024.png",896,1024,true],"1536x1536":["https:\/\/trading.hhg.vn\/wp-content\/uploads\/2025\/12\/154__apr02318_tif-1344x1536.png",1344,1536,true],"2048x2048":["https:\/\/trading.hhg.vn\/wp-content\/uploads\/2025\/12\/154__apr02318_tif-1792x2048.png",1792,2048,true],"woocommerce_thumbnail":["https:\/\/trading.hhg.vn\/wp-content\/uploads\/2025\/12\/154__apr02318_tif-600x600.png",600,600,true],"woocommerce_single":["https:\/\/trading.hhg.vn\/wp-content\/uploads\/2025\/12\/154__apr02318_tif-1200x1371.png",1200,1371,true],"woocommerce_gallery_thumbnail":["https:\/\/trading.hhg.vn\/wp-content\/uploads\/2025\/12\/154__apr02318_tif-150x171.png",150,171,true],"portfolio_item-thumbnail":["https:\/\/trading.hhg.vn\/wp-content\/uploads\/2025\/12\/154__apr02318_tif-scaled.png",350,400,false],"portfolio_item-thumbnail@2x":["https:\/\/trading.hhg.vn\/wp-content\/uploads\/2025\/12\/154__apr02318_tif-scaled.png",700,800,false],"portfolio_item-masonry":["https:\/\/trading.hhg.vn\/wp-content\/uploads\/2025\/12\/154__apr02318_tif-scaled.png",600,686,false],"portfolio_item-masonry@2x":["https:\/\/trading.hhg.vn\/wp-content\/uploads\/2025\/12\/154__apr02318_tif-scaled.png",1200,1371,false],"portfolio_item-thumbnail_cinema":["https:\/\/trading.hhg.vn\/wp-content\/uploads\/2025\/12\/154__apr02318_tif-scaled.png",293,335,false],"portfolio_item-thumbnail_portrait":["https:\/\/trading.hhg.vn\/wp-content\/uploads\/2025\/12\/154__apr02318_tif-scaled.png",600,686,false],"portfolio_item-thumbnail_portrait@2x":["https:\/\/trading.hhg.vn\/wp-content\/uploads\/2025\/12\/154__apr02318_tif-scaled.png",1200,1371,false],"portfolio_item-thumbnail_square":["https:\/\/trading.hhg.vn\/wp-content\/uploads\/2025\/12\/154__apr02318_tif-scaled.png",700,800,false]},"_links":{"self":[{"href":"https:\/\/trading.hhg.vn\/en\/wp-json\/wp\/v2\/product\/120563","targetHints":{"allow":["GET"]}}],"collection":[{"href":"https:\/\/trading.hhg.vn\/en\/wp-json\/wp\/v2\/product"}],"about":[{"href":"https:\/\/trading.hhg.vn\/en\/wp-json\/wp\/v2\/types\/product"}],"replies":[{"embeddable":true,"href":"https:\/\/trading.hhg.vn\/en\/wp-json\/wp\/v2\/comments?post=120563"}],"version-history":[{"count":0,"href":"https:\/\/trading.hhg.vn\/en\/wp-json\/wp\/v2\/product\/120563\/revisions"}],"wp:featuredmedia":[{"embeddable":true,"href":"https:\/\/trading.hhg.vn\/en\/wp-json\/wp\/v2\/media\/120561"}],"wp:attachment":[{"href":"https:\/\/trading.hhg.vn\/en\/wp-json\/wp\/v2\/media?parent=120563"}],"wp:term":[{"taxonomy":"product_cat","embeddable":true,"href":"https:\/\/trading.hhg.vn\/en\/wp-json\/wp\/v2\/product_cat?post=120563"},{"taxonomy":"product_tag","embeddable":true,"href":"https:\/\/trading.hhg.vn\/en\/wp-json\/wp\/v2\/product_tag?post=120563"}],"curies":[{"name":"wp","href":"https:\/\/api.w.org\/{rel}","templated":true}]}}