{"id":121031,"date":"2025-12-10T08:12:37","date_gmt":"2025-12-10T01:12:37","guid":{"rendered":"https:\/\/trading.hhg.vn\/product\/mat-che-245-da-cam-thach-nero-marquina-axor-myedition\/"},"modified":"2026-05-08T17:07:16","modified_gmt":"2026-05-08T10:07:16","slug":"mat-che-245-da-cam-thach-nero-marquina-axor-myedition","status":"publish","type":"product","link":"https:\/\/trading.hhg.vn\/en\/s\u1ea3n-ph\u1ea9m\/mat-che-245-da-cam-thach-nero-marquina-axor-myedition\/","title":{"rendered":"M\u1eb7t che 245 \u0111\u00e1 c\u1ea9m th\u1ea1ch Nero Marquina AXOR MyEdition"},"content":{"rendered":"","protected":false},"excerpt":{"rendered":"<p>M\u1eb7t che AXOR MyEdition 245 \u0111\u00e1 c\u1ea9m th\u1ea1ch Nero Marquina l\u00e0 tuy\u00ean ng\u00f4n c\u1ee7a s\u1ef1 tinh t\u1ebf v\u00e0 \u0111\u1eb3ng c\u1ea5p. T\u1eebng \u0111\u01b0\u1eddng v\u00e2n \u0111\u00e1 t\u1ef1 nhi\u00ean \u0111\u1ed9c \u0111\u00e1o, \u0111en tuy\u1ec1n huy\u1ec1n b\u00ed, h\u00f2a quy\u1ec7n ho\u00e0n h\u1ea3o c\u00f9ng thi\u1ebft k\u1ebf t\u1ed1i gi\u1ea3n, s\u1eafc n\u00e9t, t\u1ea1o n\u00ean m\u1ed9t t\u00e1c ph\u1ea9m ngh\u1ec7 thu\u1eadt ki\u1ebfn tr\u00fac \u0111\u1ea7y m\u00ea ho\u1eb7c. Kh\u00f4ng ch\u1ec9 l\u00e0 \u0111i\u1ec3m nh\u1ea5n th\u1ecb gi\u00e1c \u1ea5n t\u01b0\u1ee3ng, s\u1ea3n ph\u1ea9m c\u00f2n mang \u0111\u1ebfn tr\u1ea3i nghi\u1ec7m ch\u1ea1m tinh x\u1ea3o, m\u00e1t l\u1ea1nh v\u00e0 b\u1ec1n b\u1ec9 theo th\u1eddi gian, n\u00e2ng t\u1ea7m kh\u00f4ng gian ph\u00f2ng t\u1eafm th\u00e0nh m\u1ed9t \u1ed1c \u0111\u1ea3o sang tr\u1ecdng v\u00e0 \u0111\u1ea7y c\u1ea3m h\u1ee9ng.<\/p>\n","protected":false},"featured_media":120437,"comment_status":"open","ping_status":"closed","template":"","meta":{"_acf_changed":false},"product_cat":[887],"product_tag":[],"class_list":{"0":"post-121031","1":"product","2":"type-product","3":"status-publish","4":"has-post-thumbnail","6":"product_cat-phu-kien-di-kem","7":"pa_mau-sac-marble-nero-marquina","9":"first","10":"instock","11":"shipping-taxable","12":"purchasable","13":"product-type-simple"},"acf":[],"_links":{"self":[{"href":"https:\/\/trading.hhg.vn\/en\/wp-json\/wp\/v2\/product\/121031","targetHints":{"allow":["GET"]}}],"collection":[{"href":"https:\/\/trading.hhg.vn\/en\/wp-json\/wp\/v2\/product"}],"about":[{"href":"https:\/\/trading.hhg.vn\/en\/wp-json\/wp\/v2\/types\/product"}],"replies":[{"embeddable":true,"href":"https:\/\/trading.hhg.vn\/en\/wp-json\/wp\/v2\/comments?post=121031"}],"version-history":[{"count":0,"href":"https:\/\/trading.hhg.vn\/en\/wp-json\/wp\/v2\/product\/121031\/revisions"}],"wp:featuredmedia":[{"embeddable":true,"href":"https:\/\/trading.hhg.vn\/en\/wp-json\/wp\/v2\/media\/120437"}],"wp:attachment":[{"href":"https:\/\/trading.hhg.vn\/en\/wp-json\/wp\/v2\/media?parent=121031"}],"wp:term":[{"taxonomy":"product_cat","embeddable":true,"href":"https:\/\/trading.hhg.vn\/en\/wp-json\/wp\/v2\/product_cat?post=121031"},{"taxonomy":"product_tag","embeddable":true,"href":"https:\/\/trading.hhg.vn\/en\/wp-json\/wp\/v2\/product_tag?post=121031"}],"curies":[{"name":"wp","href":"https:\/\/api.w.org\/{rel}","templated":true}]}}