{"id":121112,"date":"2025-12-10T08:49:01","date_gmt":"2025-12-10T01:49:01","guid":{"rendered":"https:\/\/trading.hhg.vn\/?post_type=product&#038;p=121112"},"modified":"2025-12-29T22:27:44","modified_gmt":"2025-12-29T15:27:44","slug":"day-sen-hieu-ung-kim-loai-1-60-m-voi-dau-noi-hinh-non","status":"publish","type":"product","link":"https:\/\/trading.hhg.vn\/en\/s\u1ea3n-ph\u1ea9m\/day-sen-hieu-ung-kim-loai-1-60-m-voi-dau-noi-hinh-non\/","title":{"rendered":"D\u00e2y sen hi\u1ec7u \u1ee9ng kim lo\u1ea1i 1.60 m v\u1edbi \u0111\u1ea7u n\u1ed1i h\u00ecnh n\u00f3n"},"content":{"rendered":"","protected":false},"excerpt":{"rendered":"<p>D\u00e2y sen hi\u1ec7u \u1ee9ng kim lo\u1ea1i 1.60m v\u1edbi \u0111\u1ea7u n\u1ed1i h\u00ecnh n\u00f3n kh\u00f4ng ch\u1ec9 l\u00e0 m\u1ed9t ph\u1ee5 ki\u1ec7n ti\u1ec7n \u00edch m\u00e0 c\u00f2n l\u00e0 \u0111i\u1ec3m nh\u1ea5n sang tr\u1ecdng cho kh\u00f4ng gian ph\u00f2ng t\u1eafm c\u1ee7a b\u1ea1n. Thi\u1ebft k\u1ebf tinh t\u1ebf v\u1edbi hi\u1ec7u \u1ee9ng kim lo\u1ea1i \u00f3ng \u00e1nh mang \u0111\u1ebfn v\u1ebb \u0111\u1eb9p hi\u1ec7n \u0111\u1ea1i, \u0111\u1eb3ng c\u1ea5p. \u0110\u1ed9 d\u00e0i 1.60m c\u00f9ng \u0111\u1ea7u n\u1ed1i h\u00ecnh n\u00f3n linh ho\u1ea1t \u0111\u1ea3m b\u1ea3o tr\u1ea3i nghi\u1ec7m s\u1eed d\u1ee5ng tho\u1ea3i m\u00e1i, d\u1ec5 d\u00e0ng thao t\u00e1c trong m\u1ecdi g\u00f3c \u0111\u1ed9. Ch\u1ea5t li\u1ec7u cao c\u1ea5p ch\u1ed1ng xo\u1eafn, ch\u1ed1ng g\u00e3y, b\u1ec1n b\u1ec9 theo th\u1eddi gian, n\u00e2ng t\u1ea7m s\u1ef1 ti\u1ec7n nghi v\u00e0 th\u1ea9m m\u1ef9 cho tr\u1ea3i nghi\u1ec7m t\u1eafm th\u01b0 gi\u00e3n m\u1ed7i ng\u00e0y.<\/p>\n","protected":false},"featured_media":119733,"comment_status":"open","ping_status":"closed","template":"","meta":{"_acf_changed":false},"product_cat":[887],"product_tag":[],"class_list":{"0":"post-121112","1":"product","2":"type-product","3":"status-publish","4":"has-post-thumbnail","6":"product_cat-phu-kien-di-kem","7":"pa_mau-sac-chrome","8":"pa_mau-sac-chrome-den-xuoc","9":"pa_mau-sac-den-mo","10":"pa_mau-sac-dong-thau-xuoc","11":"pa_mau-sac-dong-xuoc","12":"pa_mau-sac-chrome-den-bong","13":"pa_mau-sac-thep-khong-gi","14":"pa_mau-sac-vang-bong","15":"pa_mau-sac-vang-hong-bong","16":"pa_mau-sac-vang-hong-xuoc","17":"pa_mau-sac-vang-xuoc","19":"first","20":"instock","21":"shipping-taxable","22":"purchasable","23":"product-type-variable"},"acf":[],"featured_media_urls":{"thumbnail":["https:\/\/trading.hhg.vn\/wp-content\/uploads\/2025\/12\/154__hpa00511_tif-150x150.png",150,150,true],"medium":["https:\/\/trading.hhg.vn\/wp-content\/uploads\/2025\/12\/154__hpa00511_tif-262x300.png",262,300,true],"medium_large":["https:\/\/trading.hhg.vn\/wp-content\/uploads\/2025\/12\/154__hpa00511_tif-768x878.png",768,878,true],"large":["https:\/\/trading.hhg.vn\/wp-content\/uploads\/2025\/12\/154__hpa00511_tif-896x1024.png",896,1024,true],"1536x1536":["https:\/\/trading.hhg.vn\/wp-content\/uploads\/2025\/12\/154__hpa00511_tif-1344x1536.png",1344,1536,true],"2048x2048":["https:\/\/trading.hhg.vn\/wp-content\/uploads\/2025\/12\/154__hpa00511_tif.png",1440,1646,false],"woocommerce_thumbnail":["https:\/\/trading.hhg.vn\/wp-content\/uploads\/2025\/12\/154__hpa00511_tif-600x600.png",600,600,true],"woocommerce_single":["https:\/\/trading.hhg.vn\/wp-content\/uploads\/2025\/12\/154__hpa00511_tif-1200x1372.png",1200,1372,true],"woocommerce_gallery_thumbnail":["https:\/\/trading.hhg.vn\/wp-content\/uploads\/2025\/12\/154__hpa00511_tif-150x171.png",150,171,true],"portfolio_item-thumbnail":["https:\/\/trading.hhg.vn\/wp-content\/uploads\/2025\/12\/154__hpa00511_tif.png",350,400,false],"portfolio_item-thumbnail@2x":["https:\/\/trading.hhg.vn\/wp-content\/uploads\/2025\/12\/154__hpa00511_tif.png",700,800,false],"portfolio_item-masonry":["https:\/\/trading.hhg.vn\/wp-content\/uploads\/2025\/12\/154__hpa00511_tif.png",600,686,false],"portfolio_item-masonry@2x":["https:\/\/trading.hhg.vn\/wp-content\/uploads\/2025\/12\/154__hpa00511_tif.png",1200,1372,false],"portfolio_item-thumbnail_cinema":["https:\/\/trading.hhg.vn\/wp-content\/uploads\/2025\/12\/154__hpa00511_tif.png",293,335,false],"portfolio_item-thumbnail_portrait":["https:\/\/trading.hhg.vn\/wp-content\/uploads\/2025\/12\/154__hpa00511_tif.png",600,686,false],"portfolio_item-thumbnail_portrait@2x":["https:\/\/trading.hhg.vn\/wp-content\/uploads\/2025\/12\/154__hpa00511_tif.png",1200,1372,false],"portfolio_item-thumbnail_square":["https:\/\/trading.hhg.vn\/wp-content\/uploads\/2025\/12\/154__hpa00511_tif.png",700,800,false]},"_links":{"self":[{"href":"https:\/\/trading.hhg.vn\/en\/wp-json\/wp\/v2\/product\/121112","targetHints":{"allow":["GET"]}}],"collection":[{"href":"https:\/\/trading.hhg.vn\/en\/wp-json\/wp\/v2\/product"}],"about":[{"href":"https:\/\/trading.hhg.vn\/en\/wp-json\/wp\/v2\/types\/product"}],"replies":[{"embeddable":true,"href":"https:\/\/trading.hhg.vn\/en\/wp-json\/wp\/v2\/comments?post=121112"}],"version-history":[{"count":1,"href":"https:\/\/trading.hhg.vn\/en\/wp-json\/wp\/v2\/product\/121112\/revisions"}],"predecessor-version":[{"id":121114,"href":"https:\/\/trading.hhg.vn\/en\/wp-json\/wp\/v2\/product\/121112\/revisions\/121114"}],"wp:featuredmedia":[{"embeddable":true,"href":"https:\/\/trading.hhg.vn\/en\/wp-json\/wp\/v2\/media\/119733"}],"wp:attachment":[{"href":"https:\/\/trading.hhg.vn\/en\/wp-json\/wp\/v2\/media?parent=121112"}],"wp:term":[{"taxonomy":"product_cat","embeddable":true,"href":"https:\/\/trading.hhg.vn\/en\/wp-json\/wp\/v2\/product_cat?post=121112"},{"taxonomy":"product_tag","embeddable":true,"href":"https:\/\/trading.hhg.vn\/en\/wp-json\/wp\/v2\/product_tag?post=121112"}],"curies":[{"name":"wp","href":"https:\/\/api.w.org\/{rel}","templated":true}]}}