{"id":121285,"date":"2025-12-10T10:06:27","date_gmt":"2025-12-10T03:06:27","guid":{"rendered":"https:\/\/trading.hhg.vn\/product\/dau-cho-gan-tuong-co-van-mot-chieu-va-khop-xoay-fixfit-s\/"},"modified":"2026-05-08T17:07:16","modified_gmt":"2026-05-08T10:07:16","slug":"dau-cho-gan-tuong-co-van-mot-chieu-va-khop-xoay-fixfit-s","status":"publish","type":"product","link":"https:\/\/trading.hhg.vn\/en\/s\u1ea3n-ph\u1ea9m\/dau-cho-gan-tuong-co-van-mot-chieu-va-khop-xoay-fixfit-s\/","title":{"rendered":"\u0110\u1ea7u ch\u1edd g\u1eafn t\u01b0\u1eddng c\u00f3 van m\u1ed9t chi\u1ec1u v\u00e0 kh\u1edbp xoay FixFit S"},"content":{"rendered":"","protected":false},"excerpt":{"rendered":"<p>FixFit S bi\u1ebfn m\u1ed7i \u0111i\u1ec3m ch\u1edd n\u01b0\u1edbc th\u00e0nh m\u1ed9t ki\u1ec7t t\u00e1c thi\u1ebft k\u1ebf. V\u1edbi van m\u1ed9t chi\u1ec1u th\u00f4ng minh c\u00f9ng kh\u1edbp xoay linh ho\u1ea1t, s\u1ea3n ph\u1ea9m kh\u00f4ng ch\u1ec9 \u0111\u1ea3m b\u1ea3o d\u00f2ng ch\u1ea3y \u1ed5n \u0111\u1ecbnh, ng\u0103n ng\u1eeba tr\u00e0o ng\u01b0\u1ee3c m\u00e0 c\u00f2n mang \u0111\u1ebfn tr\u1ea3i nghi\u1ec7m ti\u1ec7n nghi t\u1ed1i \u01b0u. T\u1eebng \u0111\u01b0\u1eddng n\u00e9t tinh x\u1ea3o h\u00f2a quy\u1ec7n c\u00f9ng c\u00f4ng n\u0103ng v\u01b0\u1ee3t tr\u1ed9i, ki\u1ebfn t\u1ea1o n\u00ean kh\u00f4ng gian s\u1ed1ng \u0111\u1eb3ng c\u1ea5p, n\u01a1i v\u1ebb \u0111\u1eb9p v\u00e0 s\u1ef1 ti\u1ec7n \u00edch song h\u00e0nh, n\u00e2ng t\u1ea7m chu\u1ea9n m\u1ef1c n\u1ed9i th\u1ea5t hi\u1ec7n \u0111\u1ea1i.<\/p>\n","protected":false},"featured_media":121283,"comment_status":"open","ping_status":"closed","template":"","meta":{"_acf_changed":false},"product_cat":[887],"product_tag":[],"class_list":{"0":"post-121285","1":"product","2":"type-product","3":"status-publish","4":"has-post-thumbnail","6":"product_cat-phu-kien-di-kem","7":"pa_mau-sac-chrome","9":"first","10":"instock","11":"shipping-taxable","12":"purchasable","13":"product-type-simple"},"acf":[],"_links":{"self":[{"href":"https:\/\/trading.hhg.vn\/en\/wp-json\/wp\/v2\/product\/121285","targetHints":{"allow":["GET"]}}],"collection":[{"href":"https:\/\/trading.hhg.vn\/en\/wp-json\/wp\/v2\/product"}],"about":[{"href":"https:\/\/trading.hhg.vn\/en\/wp-json\/wp\/v2\/types\/product"}],"replies":[{"embeddable":true,"href":"https:\/\/trading.hhg.vn\/en\/wp-json\/wp\/v2\/comments?post=121285"}],"version-history":[{"count":0,"href":"https:\/\/trading.hhg.vn\/en\/wp-json\/wp\/v2\/product\/121285\/revisions"}],"wp:featuredmedia":[{"embeddable":true,"href":"https:\/\/trading.hhg.vn\/en\/wp-json\/wp\/v2\/media\/121283"}],"wp:attachment":[{"href":"https:\/\/trading.hhg.vn\/en\/wp-json\/wp\/v2\/media?parent=121285"}],"wp:term":[{"taxonomy":"product_cat","embeddable":true,"href":"https:\/\/trading.hhg.vn\/en\/wp-json\/wp\/v2\/product_cat?post=121285"},{"taxonomy":"product_tag","embeddable":true,"href":"https:\/\/trading.hhg.vn\/en\/wp-json\/wp\/v2\/product_tag?post=121285"}],"curies":[{"name":"wp","href":"https:\/\/api.w.org\/{rel}","templated":true}]}}