{"id":121378,"date":"2025-12-10T10:39:34","date_gmt":"2025-12-10T03:39:34","guid":{"rendered":"https:\/\/trading.hhg.vn\/?post_type=product&#038;p=121378"},"modified":"2025-12-29T22:26:17","modified_gmt":"2025-12-29T15:26:17","slug":"porter-unit-tron-axor-one","status":"publish","type":"product","link":"https:\/\/trading.hhg.vn\/en\/s\u1ea3n-ph\u1ea9m\/porter-unit-tron-axor-one\/","title":{"rendered":"Porter unit tr\u00f2n AXOR One"},"content":{"rendered":"","protected":false},"excerpt":{"rendered":"<p>Porter AXOR One tr\u00f2n kh\u00f4ng ch\u1ec9 l\u00e0 ph\u1ee5 ki\u1ec7n, m\u00e0 l\u00e0 m\u1ed9t tuy\u00ean ng\u00f4n thi\u1ebft k\u1ebf. T\u1eebng \u0111\u01b0\u1eddng cong m\u1ec1m m\u1ea1i, tinh t\u1ebf \u00f4m tr\u1ecdn l\u00f5i \u0111\u1ed3ng t\u00e2m, t\u1ea1o n\u00ean v\u1ebb \u0111\u1eb9p v\u01b0\u1ee3t th\u1eddi gian, ph\u1ea3n \u00e1nh s\u1ef1 sang tr\u1ecdng t\u1ed1i gi\u1ea3n c\u1ee7a b\u1ed9 s\u01b0u t\u1eadp AXOR One. C\u00f4ng n\u0103ng \u0111\u1ed9t ph\u00e1 \u1ea9n m\u00ecnh trong t\u1eebng chi ti\u1ebft, mang l\u1ea1i tr\u1ea3i nghi\u1ec7m s\u1eed d\u1ee5ng m\u01b0\u1ee3t m\u00e0, ch\u00ednh x\u00e1c \u0111\u1ebfn t\u1eebng chuy\u1ec3n \u0111\u1ed9ng. \u0110\u00e2y kh\u00f4ng ch\u1ec9 l\u00e0 n\u01a1i c\u1ea5p n\u01b0\u1edbc, m\u00e0 l\u00e0 ngu\u1ed3n c\u1ea3m h\u1ee9ng b\u1ea5t t\u1eadn, n\u00e2ng t\u1ea7m kh\u00f4ng gian ph\u00f2ng t\u1eafm th\u00e0nh m\u1ed9t t\u00e1c ph\u1ea9m ngh\u1ec7 thu\u1eadt s\u1ed1ng \u0111\u1ed9ng, n\u01a1i m\u1ed7i kho\u1ea3nh kh\u1eafc \u0111\u1ec1u l\u00e0 s\u1ef1 th\u01b0 th\u00e1i tr\u1ecdn v\u1eb9n.<\/p>\n","protected":false},"featured_media":121380,"comment_status":"open","ping_status":"closed","template":"","meta":{"_acf_changed":false},"product_cat":[887],"product_tag":[],"class_list":{"0":"post-121378","1":"product","2":"type-product","3":"status-publish","4":"has-post-thumbnail","6":"product_cat-phu-kien-di-kem","7":"pa_mau-sac-chrome","8":"pa_mau-sac-chrome-den-xuoc","9":"pa_mau-sac-den-mo","10":"pa_mau-sac-dong-thau-xuoc","11":"pa_mau-sac-dong-xuoc","12":"pa_mau-sac-niken-xuoc","13":"pa_mau-sac-chrome-den-bong","14":"pa_mau-sac-thep-khong-gi","15":"pa_mau-sac-vang-bong","16":"pa_mau-sac-vang-hong-bong","17":"pa_mau-sac-vang-hong-xuoc","18":"pa_mau-sac-vang-xuoc","20":"first","21":"instock","22":"shipping-taxable","23":"product-type-variable"},"acf":[],"featured_media_urls":{"thumbnail":["https:\/\/trading.hhg.vn\/wp-content\/uploads\/2025\/12\/154__apr12352_tif-150x150.png",150,150,true],"medium":["https:\/\/trading.hhg.vn\/wp-content\/uploads\/2025\/12\/154__apr12352_tif-263x300.png",263,300,true],"medium_large":["https:\/\/trading.hhg.vn\/wp-content\/uploads\/2025\/12\/154__apr12352_tif-768x877.png",768,877,true],"large":["https:\/\/trading.hhg.vn\/wp-content\/uploads\/2025\/12\/154__apr12352_tif-896x1024.png",896,1024,true],"1536x1536":["https:\/\/trading.hhg.vn\/wp-content\/uploads\/2025\/12\/154__apr12352_tif-1344x1536.png",1344,1536,true],"2048x2048":["https:\/\/trading.hhg.vn\/wp-content\/uploads\/2025\/12\/154__apr12352_tif.png",1375,1571,false],"woocommerce_thumbnail":["https:\/\/trading.hhg.vn\/wp-content\/uploads\/2025\/12\/154__apr12352_tif-600x600.png",600,600,true],"woocommerce_single":["https:\/\/trading.hhg.vn\/wp-content\/uploads\/2025\/12\/154__apr12352_tif-1200x1371.png",1200,1371,true],"woocommerce_gallery_thumbnail":["https:\/\/trading.hhg.vn\/wp-content\/uploads\/2025\/12\/154__apr12352_tif-150x171.png",150,171,true],"portfolio_item-thumbnail":["https:\/\/trading.hhg.vn\/wp-content\/uploads\/2025\/12\/154__apr12352_tif.png",350,400,false],"portfolio_item-thumbnail@2x":["https:\/\/trading.hhg.vn\/wp-content\/uploads\/2025\/12\/154__apr12352_tif.png",700,800,false],"portfolio_item-masonry":["https:\/\/trading.hhg.vn\/wp-content\/uploads\/2025\/12\/154__apr12352_tif.png",600,686,false],"portfolio_item-masonry@2x":["https:\/\/trading.hhg.vn\/wp-content\/uploads\/2025\/12\/154__apr12352_tif.png",1200,1371,false],"portfolio_item-thumbnail_cinema":["https:\/\/trading.hhg.vn\/wp-content\/uploads\/2025\/12\/154__apr12352_tif.png",293,335,false],"portfolio_item-thumbnail_portrait":["https:\/\/trading.hhg.vn\/wp-content\/uploads\/2025\/12\/154__apr12352_tif.png",600,686,false],"portfolio_item-thumbnail_portrait@2x":["https:\/\/trading.hhg.vn\/wp-content\/uploads\/2025\/12\/154__apr12352_tif.png",1200,1371,false],"portfolio_item-thumbnail_square":["https:\/\/trading.hhg.vn\/wp-content\/uploads\/2025\/12\/154__apr12352_tif.png",700,800,false]},"_links":{"self":[{"href":"https:\/\/trading.hhg.vn\/en\/wp-json\/wp\/v2\/product\/121378","targetHints":{"allow":["GET"]}}],"collection":[{"href":"https:\/\/trading.hhg.vn\/en\/wp-json\/wp\/v2\/product"}],"about":[{"href":"https:\/\/trading.hhg.vn\/en\/wp-json\/wp\/v2\/types\/product"}],"replies":[{"embeddable":true,"href":"https:\/\/trading.hhg.vn\/en\/wp-json\/wp\/v2\/comments?post=121378"}],"version-history":[{"count":1,"href":"https:\/\/trading.hhg.vn\/en\/wp-json\/wp\/v2\/product\/121378\/revisions"}],"predecessor-version":[{"id":121382,"href":"https:\/\/trading.hhg.vn\/en\/wp-json\/wp\/v2\/product\/121378\/revisions\/121382"}],"wp:featuredmedia":[{"embeddable":true,"href":"https:\/\/trading.hhg.vn\/en\/wp-json\/wp\/v2\/media\/121380"}],"wp:attachment":[{"href":"https:\/\/trading.hhg.vn\/en\/wp-json\/wp\/v2\/media?parent=121378"}],"wp:term":[{"taxonomy":"product_cat","embeddable":true,"href":"https:\/\/trading.hhg.vn\/en\/wp-json\/wp\/v2\/product_cat?post=121378"},{"taxonomy":"product_tag","embeddable":true,"href":"https:\/\/trading.hhg.vn\/en\/wp-json\/wp\/v2\/product_tag?post=121378"}],"curies":[{"name":"wp","href":"https:\/\/api.w.org\/{rel}","templated":true}]}}