{"id":121427,"date":"2025-12-10T11:16:23","date_gmt":"2025-12-10T04:16:23","guid":{"rendered":"https:\/\/trading.hhg.vn\/?post_type=product&#038;p=121427"},"modified":"2025-12-30T07:09:30","modified_gmt":"2025-12-30T00:09:30","slug":"thanh-truot-sen-090-m-kem-day-sen-160-m-axor-citterio-e","status":"publish","type":"product","link":"https:\/\/trading.hhg.vn\/en\/s\u1ea3n-ph\u1ea9m\/thanh-truot-sen-090-m-kem-day-sen-160-m-axor-citterio-e\/","title":{"rendered":"Thanh tr\u01b0\u1ee3t sen 0,90 m k\u00e8m d\u00e2y sen 1,60 m AXOR Citterio E"},"content":{"rendered":"","protected":false},"excerpt":{"rendered":"<p>Tr\u1ea3i nghi\u1ec7m s\u1ef1 tinh t\u1ebf v\u00e0 \u0111\u1eb3ng c\u1ea5p v\u1edbi thanh tr\u01b0\u1ee3t sen AXOR Citterio E, m\u1ed9t tuy\u1ec7t t\u00e1c c\u1ee7a thi\u1ebft k\u1ebf \u0111\u01b0\u01a1ng \u0111\u1ea1i. T\u1eebng \u0111\u01b0\u1eddng n\u00e9t \u0111\u01b0\u1ee3c chau chu\u1ed1t t\u1ec9 m\u1ec9, mang \u0111\u1ebfn v\u1ebb \u0111\u1eb9p t\u1ed1i gi\u1ea3n nh\u01b0ng \u0111\u1ea7y quy\u1ec1n l\u1ef1c, ho\u00e0n h\u1ea3o cho kh\u00f4ng gian ph\u00f2ng t\u1eafm sang tr\u1ecdng. C\u00f9ng d\u00e2y sen 1,60 m \u00eam \u00e1i, s\u1ea3n ph\u1ea9m kh\u00f4ng ch\u1ec9 l\u00e0 \u0111i\u1ec3m nh\u1ea5n ki\u1ebfn tr\u00fac m\u00e0 c\u00f2n l\u00e0 bi\u1ec3u t\u01b0\u1ee3ng c\u1ee7a c\u00f4ng n\u0103ng v\u01b0\u1ee3t tr\u1ed9i, d\u1ec5 d\u00e0ng \u0111i\u1ec1u ch\u1ec9nh, mang l\u1ea1i tr\u1ea3i nghi\u1ec7m t\u1eafm th\u01b0 gi\u00e3n tuy\u1ec7t \u0111\u1ed1i. AXOR Citterio E, n\u01a1i thi\u1ebft k\u1ebf g\u1eb7p g\u1ee1 c\u1ea3m x\u00fac, n\u00e2ng t\u1ea7m gi\u00e1c quan c\u1ee7a b\u1ea1n m\u1ed7i ng\u00e0y.<\/p>\n","protected":false},"featured_media":121438,"comment_status":"open","ping_status":"closed","template":"","meta":{"_acf_changed":false},"product_cat":[887],"product_tag":[],"class_list":{"0":"post-121427","1":"product","2":"type-product","3":"status-publish","4":"has-post-thumbnail","6":"product_cat-phu-kien-di-kem","7":"pa_mau-sac-chrome","8":"pa_mau-sac-chrome-den-xuoc","9":"pa_mau-sac-dong-thau-xuoc","10":"pa_mau-sac-dong-xuoc","11":"pa_mau-sac-niken-xuoc","12":"pa_mau-sac-chrome-den-bong","13":"pa_mau-sac-thep-khong-gi","14":"pa_mau-sac-vang-bong","15":"pa_mau-sac-vang-hong-bong","16":"pa_mau-sac-vang-hong-xuoc","17":"pa_mau-sac-vang-xuoc","18":"pa_mau-sac-chrome-bong","19":"pa_mau-sac-niken-bong","21":"first","22":"instock","23":"shipping-taxable","24":"purchasable","25":"product-type-variable"},"acf":[],"featured_media_urls":{"thumbnail":["https:\/\/trading.hhg.vn\/wp-content\/uploads\/2025\/12\/154__apa00621_tif-150x150.png",150,150,true],"medium":["https:\/\/trading.hhg.vn\/wp-content\/uploads\/2025\/12\/154__apa00621_tif-263x300.png",263,300,true],"medium_large":["https:\/\/trading.hhg.vn\/wp-content\/uploads\/2025\/12\/154__apa00621_tif-768x878.png",768,878,true],"large":["https:\/\/trading.hhg.vn\/wp-content\/uploads\/2025\/12\/154__apa00621_tif-896x1024.png",896,1024,true],"1536x1536":["https:\/\/trading.hhg.vn\/wp-content\/uploads\/2025\/12\/154__apa00621_tif-1344x1536.png",1344,1536,true],"2048x2048":["https:\/\/trading.hhg.vn\/wp-content\/uploads\/2025\/12\/154__apa00621_tif-1792x2048.png",1792,2048,true],"woocommerce_thumbnail":["https:\/\/trading.hhg.vn\/wp-content\/uploads\/2025\/12\/154__apa00621_tif-600x600.png",600,600,true],"woocommerce_single":["https:\/\/trading.hhg.vn\/wp-content\/uploads\/2025\/12\/154__apa00621_tif-1200x1371.png",1200,1371,true],"woocommerce_gallery_thumbnail":["https:\/\/trading.hhg.vn\/wp-content\/uploads\/2025\/12\/154__apa00621_tif-150x171.png",150,171,true],"portfolio_item-thumbnail":["https:\/\/trading.hhg.vn\/wp-content\/uploads\/2025\/12\/154__apa00621_tif.png",350,400,false],"portfolio_item-thumbnail@2x":["https:\/\/trading.hhg.vn\/wp-content\/uploads\/2025\/12\/154__apa00621_tif.png",700,800,false],"portfolio_item-masonry":["https:\/\/trading.hhg.vn\/wp-content\/uploads\/2025\/12\/154__apa00621_tif.png",600,686,false],"portfolio_item-masonry@2x":["https:\/\/trading.hhg.vn\/wp-content\/uploads\/2025\/12\/154__apa00621_tif.png",1200,1371,false],"portfolio_item-thumbnail_cinema":["https:\/\/trading.hhg.vn\/wp-content\/uploads\/2025\/12\/154__apa00621_tif.png",293,335,false],"portfolio_item-thumbnail_portrait":["https:\/\/trading.hhg.vn\/wp-content\/uploads\/2025\/12\/154__apa00621_tif.png",600,686,false],"portfolio_item-thumbnail_portrait@2x":["https:\/\/trading.hhg.vn\/wp-content\/uploads\/2025\/12\/154__apa00621_tif.png",1200,1371,false],"portfolio_item-thumbnail_square":["https:\/\/trading.hhg.vn\/wp-content\/uploads\/2025\/12\/154__apa00621_tif.png",700,800,false]},"_links":{"self":[{"href":"https:\/\/trading.hhg.vn\/en\/wp-json\/wp\/v2\/product\/121427","targetHints":{"allow":["GET"]}}],"collection":[{"href":"https:\/\/trading.hhg.vn\/en\/wp-json\/wp\/v2\/product"}],"about":[{"href":"https:\/\/trading.hhg.vn\/en\/wp-json\/wp\/v2\/types\/product"}],"replies":[{"embeddable":true,"href":"https:\/\/trading.hhg.vn\/en\/wp-json\/wp\/v2\/comments?post=121427"}],"version-history":[{"count":1,"href":"https:\/\/trading.hhg.vn\/en\/wp-json\/wp\/v2\/product\/121427\/revisions"}],"predecessor-version":[{"id":121440,"href":"https:\/\/trading.hhg.vn\/en\/wp-json\/wp\/v2\/product\/121427\/revisions\/121440"}],"wp:featuredmedia":[{"embeddable":true,"href":"https:\/\/trading.hhg.vn\/en\/wp-json\/wp\/v2\/media\/121438"}],"wp:attachment":[{"href":"https:\/\/trading.hhg.vn\/en\/wp-json\/wp\/v2\/media?parent=121427"}],"wp:term":[{"taxonomy":"product_cat","embeddable":true,"href":"https:\/\/trading.hhg.vn\/en\/wp-json\/wp\/v2\/product_cat?post=121427"},{"taxonomy":"product_tag","embeddable":true,"href":"https:\/\/trading.hhg.vn\/en\/wp-json\/wp\/v2\/product_tag?post=121427"}],"curies":[{"name":"wp","href":"https:\/\/api.w.org\/{rel}","templated":true}]}}