{"id":121825,"date":"2025-12-10T12:47:45","date_gmt":"2025-12-10T05:47:45","guid":{"rendered":"https:\/\/trading.hhg.vn\/?post_type=product&#038;p=121825"},"modified":"2026-05-08T17:07:26","modified_gmt":"2026-05-08T10:07:26","slug":"thanh-truot-sen-90-cm-kem-gia-do-sen-tay-truot-nhe-va-day-sen-isiflex-160-cm-unica-s-puro","status":"publish","type":"product","link":"https:\/\/trading.hhg.vn\/en\/s\u1ea3n-ph\u1ea9m\/thanh-truot-sen-90-cm-kem-gia-do-sen-tay-truot-nhe-va-day-sen-isiflex-160-cm-unica-s-puro\/","title":{"rendered":"Thanh tr\u01b0\u1ee3t sen 90 cm k\u00e8m gi\u00e1 \u0111\u1ee1 sen tay tr\u01b0\u1ee3t nh\u1eb9 v\u00e0 d\u00e2y sen Isiflex 160 cm Unica S Puro"},"content":{"rendered":"","protected":false},"excerpt":{"rendered":"<p>Thanh tr\u01b0\u1ee3t sen Unica S Puro 90cm, m\u1ed9t ki\u1ec7t t\u00e1c t\u1ed1i gi\u1ea3n mang \u0111\u1ebfn tr\u1ea3i nghi\u1ec7m t\u1eafm th\u01b0 th\u00e1i. Thi\u1ebft k\u1ebf thanh tho\u00e1t, tr\u01b0\u1ee3t nh\u1eb9 nh\u00e0ng cho ph\u00e9p \u0111i\u1ec1u ch\u1ec9nh \u0111\u1ed9 cao sen tay d\u1ec5 d\u00e0ng. K\u1ebft h\u1ee3p d\u00e2y sen Isiflex 160cm b\u1ec1n b\u1ec9, s\u1ea3n ph\u1ea9m ki\u1ebfn t\u1ea1o kh\u00f4ng gian t\u1eafm hi\u1ec7n \u0111\u1ea1i, n\u01a1i m\u1ed7i chuy\u1ec3n \u0111\u1ed9ng \u0111\u1ec1u m\u01b0\u1ee3t m\u00e0 v\u00e0 \u0111\u1ea7y ti\u1ec7n nghi.<\/p>\n","protected":false},"featured_media":121896,"comment_status":"open","ping_status":"closed","template":"","meta":{"_acf_changed":false},"product_cat":[887],"product_tag":[],"class_list":{"0":"post-121825","1":"product","2":"type-product","3":"status-publish","4":"has-post-thumbnail","6":"product_cat-phu-kien-di-kem","7":"pa_mau-sac-chrome","8":"pa_mau-sac-den-mo","9":"pa_mau-sac-dong-xuoc","10":"pa_mau-sac-trang-mo","12":"first","13":"instock","14":"shipping-taxable","15":"purchasable","16":"product-type-variable"},"acf":[],"_links":{"self":[{"href":"https:\/\/trading.hhg.vn\/en\/wp-json\/wp\/v2\/product\/121825","targetHints":{"allow":["GET"]}}],"collection":[{"href":"https:\/\/trading.hhg.vn\/en\/wp-json\/wp\/v2\/product"}],"about":[{"href":"https:\/\/trading.hhg.vn\/en\/wp-json\/wp\/v2\/types\/product"}],"replies":[{"embeddable":true,"href":"https:\/\/trading.hhg.vn\/en\/wp-json\/wp\/v2\/comments?post=121825"}],"version-history":[{"count":1,"href":"https:\/\/trading.hhg.vn\/en\/wp-json\/wp\/v2\/product\/121825\/revisions"}],"predecessor-version":[{"id":121898,"href":"https:\/\/trading.hhg.vn\/en\/wp-json\/wp\/v2\/product\/121825\/revisions\/121898"}],"wp:featuredmedia":[{"embeddable":true,"href":"https:\/\/trading.hhg.vn\/en\/wp-json\/wp\/v2\/media\/121896"}],"wp:attachment":[{"href":"https:\/\/trading.hhg.vn\/en\/wp-json\/wp\/v2\/media?parent=121825"}],"wp:term":[{"taxonomy":"product_cat","embeddable":true,"href":"https:\/\/trading.hhg.vn\/en\/wp-json\/wp\/v2\/product_cat?post=121825"},{"taxonomy":"product_tag","embeddable":true,"href":"https:\/\/trading.hhg.vn\/en\/wp-json\/wp\/v2\/product_tag?post=121825"}],"curies":[{"name":"wp","href":"https:\/\/api.w.org\/{rel}","templated":true}]}}