{"id":121907,"date":"2025-12-10T13:06:02","date_gmt":"2025-12-10T06:06:02","guid":{"rendered":"https:\/\/trading.hhg.vn\/?post_type=product&#038;p=121907"},"modified":"2025-12-30T07:08:30","modified_gmt":"2025-12-30T00:08:30","slug":"dau-ra-tuong-kem-van-mot-chieu-fixfit","status":"publish","type":"product","link":"https:\/\/trading.hhg.vn\/en\/s\u1ea3n-ph\u1ea9m\/dau-ra-tuong-kem-van-mot-chieu-fixfit\/","title":{"rendered":"\u0110\u1ea7u ra t\u01b0\u1eddng k\u00e8m van m\u1ed9t chi\u1ec1u FixFit"},"content":{"rendered":"","protected":false},"excerpt":{"rendered":"<p>FixFit kh\u00f4ng ch\u1ec9 l\u00e0 m\u1ed9t ph\u1ee5 ki\u1ec7n, m\u00e0 l\u00e0 tuy\u00ean ng\u00f4n c\u1ee7a s\u1ef1 tinh t\u1ebf v\u00e0 c\u00f4ng n\u0103ng ho\u00e0n h\u1ea3o trong kh\u00f4ng gian ph\u00f2ng t\u1eafm c\u1ee7a b\u1ea1n. V\u1edbi thi\u1ebft k\u1ebf \u00e2m t\u01b0\u1eddng \u0111\u1ed9c \u0111\u00e1o, FixFit lo\u1ea1i b\u1ecf m\u1ecdi chi ti\u1ebft th\u1eeba, mang \u0111\u1ebfn v\u1ebb \u0111\u1eb9p t\u1ed1i gi\u1ea3n, li\u1ec1n m\u1ea1ch v\u00e0 \u0111\u1ea7y phong c\u00e1ch. M\u1ed7i \u0111\u01b0\u1eddng n\u00e9t \u0111\u1ec1u \u0111\u01b0\u1ee3c chau chu\u1ed1t t\u1ec9 m\u1ec9, t\u1ea1o n\u00ean s\u1ef1 h\u00e0i h\u00f2a tuy\u1ec7t \u0111\u1ed1i v\u1edbi n\u1ed9i th\u1ea5t hi\u1ec7n \u0111\u1ea1i. Van m\u1ed9t chi\u1ec1u t\u00edch h\u1ee3p kh\u00f4ng ch\u1ec9 \u0111\u1ea3m b\u1ea3o d\u00f2ng ch\u1ea3y \u1ed5n \u0111\u1ecbnh, m\u00e0 c\u00f2n n\u00e2ng cao tr\u1ea3i nghi\u1ec7m s\u1eed d\u1ee5ng, bi\u1ebfn m\u1ed7i kho\u1ea3nh kh\u1eafc ch\u1ea1m n\u01b0\u1edbc tr\u1edf th\u00e0nh h\u00e0nh tr\u00ecnh th\u01b0 th\u00e1i, tinh t\u1ebf. FixFit \u2013 n\u01a1i v\u1ebb \u0111\u1eb9p v\u00e0 c\u00f4ng n\u0103ng h\u00f2a quy\u1ec7n, \u0111\u1ecbnh h\u00ecnh l\u1ea1i chu\u1ea9n m\u1ef1c ti\u1ec7n nghi sang tr\u1ecdng.<\/p>\n","protected":false},"featured_media":121914,"comment_status":"open","ping_status":"closed","template":"","meta":{"_acf_changed":false},"product_cat":[887],"product_tag":[],"class_list":{"0":"post-121907","1":"product","2":"type-product","3":"status-publish","4":"has-post-thumbnail","6":"product_cat-phu-kien-di-kem","7":"pa_mau-sac-chrome","8":"pa_mau-sac-chrome-den-xuoc","9":"pa_mau-sac-den-mo","10":"pa_mau-sac-dong-xuoc","11":"pa_mau-sac-trang-mo","12":"pa_mau-sac-vang-bong","14":"first","15":"instock","16":"shipping-taxable","17":"purchasable","18":"product-type-variable"},"acf":[],"featured_media_urls":{"thumbnail":["https:\/\/trading.hhg.vn\/wp-content\/uploads\/2025\/12\/154__hpa01554_TIF-150x150.png",150,150,true],"medium":["https:\/\/trading.hhg.vn\/wp-content\/uploads\/2025\/12\/154__hpa01554_TIF-263x300.png",263,300,true],"medium_large":["https:\/\/trading.hhg.vn\/wp-content\/uploads\/2025\/12\/154__hpa01554_TIF-768x877.png",768,877,true],"large":["https:\/\/trading.hhg.vn\/wp-content\/uploads\/2025\/12\/154__hpa01554_TIF-896x1024.png",896,1024,true],"1536x1536":["https:\/\/trading.hhg.vn\/wp-content\/uploads\/2025\/12\/154__hpa01554_TIF.png",934,1067,false],"2048x2048":["https:\/\/trading.hhg.vn\/wp-content\/uploads\/2025\/12\/154__hpa01554_TIF.png",934,1067,false],"woocommerce_thumbnail":["https:\/\/trading.hhg.vn\/wp-content\/uploads\/2025\/12\/154__hpa01554_TIF-600x600.png",600,600,true],"woocommerce_single":["https:\/\/trading.hhg.vn\/wp-content\/uploads\/2025\/12\/154__hpa01554_TIF.png",934,1067,false],"woocommerce_gallery_thumbnail":["https:\/\/trading.hhg.vn\/wp-content\/uploads\/2025\/12\/154__hpa01554_TIF-150x171.png",150,171,true],"portfolio_item-thumbnail":["https:\/\/trading.hhg.vn\/wp-content\/uploads\/2025\/12\/154__hpa01554_TIF.png",350,400,false],"portfolio_item-thumbnail@2x":["https:\/\/trading.hhg.vn\/wp-content\/uploads\/2025\/12\/154__hpa01554_TIF.png",700,800,false],"portfolio_item-masonry":["https:\/\/trading.hhg.vn\/wp-content\/uploads\/2025\/12\/154__hpa01554_TIF.png",600,685,false],"portfolio_item-masonry@2x":["https:\/\/trading.hhg.vn\/wp-content\/uploads\/2025\/12\/154__hpa01554_TIF.png",934,1067,false],"portfolio_item-thumbnail_cinema":["https:\/\/trading.hhg.vn\/wp-content\/uploads\/2025\/12\/154__hpa01554_TIF.png",293,335,false],"portfolio_item-thumbnail_portrait":["https:\/\/trading.hhg.vn\/wp-content\/uploads\/2025\/12\/154__hpa01554_TIF.png",600,685,false],"portfolio_item-thumbnail_portrait@2x":["https:\/\/trading.hhg.vn\/wp-content\/uploads\/2025\/12\/154__hpa01554_TIF.png",934,1067,false],"portfolio_item-thumbnail_square":["https:\/\/trading.hhg.vn\/wp-content\/uploads\/2025\/12\/154__hpa01554_TIF.png",700,800,false]},"_links":{"self":[{"href":"https:\/\/trading.hhg.vn\/en\/wp-json\/wp\/v2\/product\/121907","targetHints":{"allow":["GET"]}}],"collection":[{"href":"https:\/\/trading.hhg.vn\/en\/wp-json\/wp\/v2\/product"}],"about":[{"href":"https:\/\/trading.hhg.vn\/en\/wp-json\/wp\/v2\/types\/product"}],"replies":[{"embeddable":true,"href":"https:\/\/trading.hhg.vn\/en\/wp-json\/wp\/v2\/comments?post=121907"}],"version-history":[{"count":1,"href":"https:\/\/trading.hhg.vn\/en\/wp-json\/wp\/v2\/product\/121907\/revisions"}],"predecessor-version":[{"id":121916,"href":"https:\/\/trading.hhg.vn\/en\/wp-json\/wp\/v2\/product\/121907\/revisions\/121916"}],"wp:featuredmedia":[{"embeddable":true,"href":"https:\/\/trading.hhg.vn\/en\/wp-json\/wp\/v2\/media\/121914"}],"wp:attachment":[{"href":"https:\/\/trading.hhg.vn\/en\/wp-json\/wp\/v2\/media?parent=121907"}],"wp:term":[{"taxonomy":"product_cat","embeddable":true,"href":"https:\/\/trading.hhg.vn\/en\/wp-json\/wp\/v2\/product_cat?post=121907"},{"taxonomy":"product_tag","embeddable":true,"href":"https:\/\/trading.hhg.vn\/en\/wp-json\/wp\/v2\/product_tag?post=121907"}],"curies":[{"name":"wp","href":"https:\/\/api.w.org\/{rel}","templated":true}]}}