{"id":122335,"date":"2025-12-11T02:47:41","date_gmt":"2025-12-10T19:47:41","guid":{"rendered":"https:\/\/trading.hhg.vn\/?post_type=product&#038;p=122335"},"modified":"2025-12-30T07:09:22","modified_gmt":"2025-12-30T00:09:22","slug":"dau-ket-noi-tuong-cho-sen-tran-105-pulsify","status":"publish","type":"product","link":"https:\/\/trading.hhg.vn\/en\/s\u1ea3n-ph\u1ea9m\/dau-ket-noi-tuong-cho-sen-tran-105-pulsify\/","title":{"rendered":"\u0110\u1ea7u k\u1ebft n\u1ed1i t\u01b0\u1eddng cho sen tr\u1ea7n 105 Pulsify"},"content":{"rendered":"","protected":false},"excerpt":{"rendered":"<p>N\u00e2ng t\u1ea7m kh\u00f4ng gian ph\u00f2ng t\u1eafm v\u1edbi \u0111\u1ea7u k\u1ebft n\u1ed1i t\u01b0\u1eddng 105 Pulsify, m\u1ed9t ki\u1ec7t t\u00e1c thi\u1ebft k\u1ebf t\u1ed1i gi\u1ea3n, tinh t\u1ebf. T\u1eebng \u0111\u01b0\u1eddng n\u00e9t \u0111\u01b0\u1ee3c trau chu\u1ed1t t\u1ec9 m\u1ec9, t\u1ea1o n\u00ean v\u1ebb \u0111\u1eb9p v\u01b0\u1ee3t th\u1eddi gian, h\u00f2a quy\u1ec7n ho\u00e0n h\u1ea3o v\u00e0o b\u1ea5t k\u1ef3 ki\u1ebfn tr\u00fac n\u1ed9i th\u1ea5t n\u00e0o. Kh\u00f4ng ch\u1ec9 l\u00e0 \u0111i\u1ec3m nh\u1ea5n th\u1ea9m m\u1ef9, Pulsify 105 c\u00f2n \u0111\u1ea3m b\u1ea3o s\u1ef1 k\u1ebft n\u1ed1i v\u1eefng ch\u1eafc v\u00e0 b\u1ec1n b\u1ec9 cho sen tr\u1ea7n c\u1ee7a b\u1ea1n, mang \u0111\u1ebfn tr\u1ea3i nghi\u1ec7m t\u1eafm th\u01b0 gi\u00e3n tuy\u1ec7t \u0111\u1ed1i. S\u1ef1 ti\u1ec7n nghi v\u01b0\u1ee3t tr\u1ed9i c\u00f9ng v\u1ebb \u0111\u1eb9p \u0111\u1eb3ng c\u1ea5p ch\u00ednh l\u00e0 gi\u00e1 tr\u1ecb m\u00e0 Pulsify 105 mang l\u1ea1i, bi\u1ebfn m\u1ed7i kho\u1ea3nh kh\u1eafc trong ph\u00f2ng t\u1eafm th\u00e0nh ngh\u1ec7 thu\u1eadt s\u1ed1ng.<\/p>\n","protected":false},"featured_media":122340,"comment_status":"open","ping_status":"closed","template":"","meta":{"_acf_changed":false},"product_cat":[887],"product_tag":[],"class_list":{"0":"post-122335","1":"product","2":"type-product","3":"status-publish","4":"has-post-thumbnail","6":"product_cat-phu-kien-di-kem","7":"pa_mau-sac-chrome","8":"pa_mau-sac-den-mo","9":"pa_mau-sac-dong-xuoc","10":"pa_mau-sac-trang-mo","12":"first","13":"instock","14":"shipping-taxable","15":"purchasable","16":"product-type-variable"},"acf":[],"featured_media_urls":{"thumbnail":["https:\/\/trading.hhg.vn\/wp-content\/uploads\/2025\/12\/154__hpr03233_tif-150x150.png",150,150,true],"medium":["https:\/\/trading.hhg.vn\/wp-content\/uploads\/2025\/12\/154__hpr03233_tif-263x300.png",263,300,true],"medium_large":["https:\/\/trading.hhg.vn\/wp-content\/uploads\/2025\/12\/154__hpr03233_tif-768x878.png",768,878,true],"large":["https:\/\/trading.hhg.vn\/wp-content\/uploads\/2025\/12\/154__hpr03233_tif-896x1024.png",896,1024,true],"1536x1536":["https:\/\/trading.hhg.vn\/wp-content\/uploads\/2025\/12\/154__hpr03233_tif-1344x1536.png",1344,1536,true],"2048x2048":["https:\/\/trading.hhg.vn\/wp-content\/uploads\/2025\/12\/154__hpr03233_tif-1792x2048.png",1792,2048,true],"woocommerce_thumbnail":["https:\/\/trading.hhg.vn\/wp-content\/uploads\/2025\/12\/154__hpr03233_tif-600x600.png",600,600,true],"woocommerce_single":["https:\/\/trading.hhg.vn\/wp-content\/uploads\/2025\/12\/154__hpr03233_tif-1200x1371.png",1200,1371,true],"woocommerce_gallery_thumbnail":["https:\/\/trading.hhg.vn\/wp-content\/uploads\/2025\/12\/154__hpr03233_tif-150x171.png",150,171,true],"portfolio_item-thumbnail":["https:\/\/trading.hhg.vn\/wp-content\/uploads\/2025\/12\/154__hpr03233_tif.png",350,400,false],"portfolio_item-thumbnail@2x":["https:\/\/trading.hhg.vn\/wp-content\/uploads\/2025\/12\/154__hpr03233_tif.png",700,800,false],"portfolio_item-masonry":["https:\/\/trading.hhg.vn\/wp-content\/uploads\/2025\/12\/154__hpr03233_tif.png",600,686,false],"portfolio_item-masonry@2x":["https:\/\/trading.hhg.vn\/wp-content\/uploads\/2025\/12\/154__hpr03233_tif.png",1200,1371,false],"portfolio_item-thumbnail_cinema":["https:\/\/trading.hhg.vn\/wp-content\/uploads\/2025\/12\/154__hpr03233_tif.png",293,335,false],"portfolio_item-thumbnail_portrait":["https:\/\/trading.hhg.vn\/wp-content\/uploads\/2025\/12\/154__hpr03233_tif.png",600,686,false],"portfolio_item-thumbnail_portrait@2x":["https:\/\/trading.hhg.vn\/wp-content\/uploads\/2025\/12\/154__hpr03233_tif.png",1200,1371,false],"portfolio_item-thumbnail_square":["https:\/\/trading.hhg.vn\/wp-content\/uploads\/2025\/12\/154__hpr03233_tif.png",700,800,false]},"_links":{"self":[{"href":"https:\/\/trading.hhg.vn\/en\/wp-json\/wp\/v2\/product\/122335","targetHints":{"allow":["GET"]}}],"collection":[{"href":"https:\/\/trading.hhg.vn\/en\/wp-json\/wp\/v2\/product"}],"about":[{"href":"https:\/\/trading.hhg.vn\/en\/wp-json\/wp\/v2\/types\/product"}],"replies":[{"embeddable":true,"href":"https:\/\/trading.hhg.vn\/en\/wp-json\/wp\/v2\/comments?post=122335"}],"version-history":[{"count":1,"href":"https:\/\/trading.hhg.vn\/en\/wp-json\/wp\/v2\/product\/122335\/revisions"}],"predecessor-version":[{"id":122342,"href":"https:\/\/trading.hhg.vn\/en\/wp-json\/wp\/v2\/product\/122335\/revisions\/122342"}],"wp:featuredmedia":[{"embeddable":true,"href":"https:\/\/trading.hhg.vn\/en\/wp-json\/wp\/v2\/media\/122340"}],"wp:attachment":[{"href":"https:\/\/trading.hhg.vn\/en\/wp-json\/wp\/v2\/media?parent=122335"}],"wp:term":[{"taxonomy":"product_cat","embeddable":true,"href":"https:\/\/trading.hhg.vn\/en\/wp-json\/wp\/v2\/product_cat?post=122335"},{"taxonomy":"product_tag","embeddable":true,"href":"https:\/\/trading.hhg.vn\/en\/wp-json\/wp\/v2\/product_tag?post=122335"}],"curies":[{"name":"wp","href":"https:\/\/api.w.org\/{rel}","templated":true}]}}