{"id":122365,"date":"2025-12-11T03:12:26","date_gmt":"2025-12-10T20:12:26","guid":{"rendered":"https:\/\/trading.hhg.vn\/product\/bo-gia-do-goc-cho-tam-dinh-vi-lap-op-gach-sbox\/"},"modified":"2025-12-20T16:06:51","modified_gmt":"2025-12-20T09:06:51","slug":"bo-gia-do-goc-cho-tam-dinh-vi-lap-op-gach-sbox","status":"publish","type":"product","link":"https:\/\/trading.hhg.vn\/en\/s\u1ea3n-ph\u1ea9m\/bo-gia-do-goc-cho-tam-dinh-vi-lap-op-gach-sbox\/","title":{"rendered":"B\u1ed9 gi\u00e1 \u0111\u1ee1 g\u00f3c cho t\u1ea5m \u0111\u1ecbnh v\u1ecb l\u1eafp \u1ed1p g\u1ea1ch sBox"},"content":{"rendered":"","protected":false},"excerpt":{"rendered":"<p>\u0110\u01b0\u1ee3c ch\u1ebf t\u00e1c tinh x\u1ea3o, b\u1ed9 gi\u00e1 \u0111\u1ee1 g\u00f3c sBox l\u00e0 gi\u1ea3i ph\u00e1p t\u1ed1i \u01b0u cho vi\u1ec7c \u0111\u1ecbnh v\u1ecb t\u1ea5m \u1ed1p g\u1ea1ch, mang \u0111\u1ebfn s\u1ef1 chu\u1ea9n x\u00e1c ho\u00e0n h\u1ea3o cho m\u1ecdi c\u00f4ng tr\u00ecnh. V\u1edbi thi\u1ebft k\u1ebf th\u00f4ng minh, t\u1ed1i gi\u1ea3n, s\u1ea3n ph\u1ea9m kh\u00f4ng ch\u1ec9 \u0111\u1ea3m b\u1ea3o \u0111\u1ed9 v\u1eefng ch\u1eafc v\u01b0\u1ee3t tr\u1ed9i m\u00e0 c\u00f2n gi\u00fap r\u00fat ng\u1eafn th\u1eddi gian thi c\u00f4ng \u0111\u00e1ng k\u1ec3. T\u1eebng chi ti\u1ebft \u0111\u01b0\u1ee3c t\u00ednh to\u00e1n k\u1ef9 l\u01b0\u1ee1ng, t\u1ed1i \u01b0u h\u00f3a c\u00f4ng n\u0103ng, cho tr\u1ea3i nghi\u1ec7m s\u1eed d\u1ee5ng m\u01b0\u1ee3t m\u00e0, chuy\u00ean nghi\u1ec7p v\u00e0 k\u1ebft qu\u1ea3 ho\u00e0n m\u1ef9 \u0111\u1ea7y \u1ea5n t\u01b0\u1ee3ng.<\/p>\n","protected":false},"featured_media":122363,"comment_status":"open","ping_status":"closed","template":"","meta":{"_acf_changed":false},"product_cat":[887],"product_tag":[],"class_list":{"0":"post-122365","1":"product","2":"type-product","3":"status-publish","4":"has-post-thumbnail","6":"product_cat-phu-kien-di-kem","8":"first","9":"instock","10":"shipping-taxable","11":"purchasable","12":"product-type-simple"},"acf":[],"featured_media_urls":{"thumbnail":["https:\/\/trading.hhg.vn\/wp-content\/uploads\/2025\/12\/154__apr01451_tif-150x150.png",150,150,true],"medium":["https:\/\/trading.hhg.vn\/wp-content\/uploads\/2025\/12\/154__apr01451_tif-263x300.png",263,300,true],"medium_large":["https:\/\/trading.hhg.vn\/wp-content\/uploads\/2025\/12\/154__apr01451_tif-768x878.png",768,878,true],"large":["https:\/\/trading.hhg.vn\/wp-content\/uploads\/2025\/12\/154__apr01451_tif-896x1024.png",896,1024,true],"1536x1536":["https:\/\/trading.hhg.vn\/wp-content\/uploads\/2025\/12\/154__apr01451_tif-1344x1536.png",1344,1536,true],"2048x2048":["https:\/\/trading.hhg.vn\/wp-content\/uploads\/2025\/12\/154__apr01451_tif-1792x2048.png",1792,2048,true],"woocommerce_thumbnail":["https:\/\/trading.hhg.vn\/wp-content\/uploads\/2025\/12\/154__apr01451_tif-600x600.png",600,600,true],"woocommerce_single":["https:\/\/trading.hhg.vn\/wp-content\/uploads\/2025\/12\/154__apr01451_tif-1200x1371.png",1200,1371,true],"woocommerce_gallery_thumbnail":["https:\/\/trading.hhg.vn\/wp-content\/uploads\/2025\/12\/154__apr01451_tif-150x171.png",150,171,true],"portfolio_item-thumbnail":["https:\/\/trading.hhg.vn\/wp-content\/uploads\/2025\/12\/154__apr01451_tif-scaled.png",350,400,false],"portfolio_item-thumbnail@2x":["https:\/\/trading.hhg.vn\/wp-content\/uploads\/2025\/12\/154__apr01451_tif-scaled.png",700,800,false],"portfolio_item-masonry":["https:\/\/trading.hhg.vn\/wp-content\/uploads\/2025\/12\/154__apr01451_tif-scaled.png",600,686,false],"portfolio_item-masonry@2x":["https:\/\/trading.hhg.vn\/wp-content\/uploads\/2025\/12\/154__apr01451_tif-scaled.png",1200,1371,false],"portfolio_item-thumbnail_cinema":["https:\/\/trading.hhg.vn\/wp-content\/uploads\/2025\/12\/154__apr01451_tif-scaled.png",293,335,false],"portfolio_item-thumbnail_portrait":["https:\/\/trading.hhg.vn\/wp-content\/uploads\/2025\/12\/154__apr01451_tif-scaled.png",600,686,false],"portfolio_item-thumbnail_portrait@2x":["https:\/\/trading.hhg.vn\/wp-content\/uploads\/2025\/12\/154__apr01451_tif-scaled.png",1200,1371,false],"portfolio_item-thumbnail_square":["https:\/\/trading.hhg.vn\/wp-content\/uploads\/2025\/12\/154__apr01451_tif-scaled.png",700,800,false]},"_links":{"self":[{"href":"https:\/\/trading.hhg.vn\/en\/wp-json\/wp\/v2\/product\/122365","targetHints":{"allow":["GET"]}}],"collection":[{"href":"https:\/\/trading.hhg.vn\/en\/wp-json\/wp\/v2\/product"}],"about":[{"href":"https:\/\/trading.hhg.vn\/en\/wp-json\/wp\/v2\/types\/product"}],"replies":[{"embeddable":true,"href":"https:\/\/trading.hhg.vn\/en\/wp-json\/wp\/v2\/comments?post=122365"}],"version-history":[{"count":0,"href":"https:\/\/trading.hhg.vn\/en\/wp-json\/wp\/v2\/product\/122365\/revisions"}],"wp:featuredmedia":[{"embeddable":true,"href":"https:\/\/trading.hhg.vn\/en\/wp-json\/wp\/v2\/media\/122363"}],"wp:attachment":[{"href":"https:\/\/trading.hhg.vn\/en\/wp-json\/wp\/v2\/media?parent=122365"}],"wp:term":[{"taxonomy":"product_cat","embeddable":true,"href":"https:\/\/trading.hhg.vn\/en\/wp-json\/wp\/v2\/product_cat?post=122365"},{"taxonomy":"product_tag","embeddable":true,"href":"https:\/\/trading.hhg.vn\/en\/wp-json\/wp\/v2\/product_tag?post=122365"}],"curies":[{"name":"wp","href":"https:\/\/api.w.org\/{rel}","templated":true}]}}