{"id":122368,"date":"2025-12-11T03:24:14","date_gmt":"2025-12-10T20:24:14","guid":{"rendered":"https:\/\/trading.hhg.vn\/?post_type=product&#038;p=122368"},"modified":"2025-12-29T22:26:54","modified_gmt":"2025-12-29T15:26:54","slug":"dau-noi-tran-vuong-300-mm-axor-showersolutions","status":"publish","type":"product","link":"https:\/\/trading.hhg.vn\/en\/s\u1ea3n-ph\u1ea9m\/dau-noi-tran-vuong-300-mm-axor-showersolutions\/","title":{"rendered":"\u0110\u1ea7u n\u1ed1i tr\u1ea7n vu\u00f4ng 300 mm AXOR ShowerSolutions"},"content":{"rendered":"","protected":false},"excerpt":{"rendered":"<p>\u0110\u1ea7u n\u1ed1i tr\u1ea7n AXOR ShowerSolutions vu\u00f4ng 300 mm l\u00e0 m\u1ed9t tuy\u00ean ng\u00f4n v\u1ec1 thi\u1ebft k\u1ebf t\u1ed1i gi\u1ea3n \u0111\u1ea7y tinh t\u1ebf, n\u00e2ng t\u1ea7m kh\u00f4ng gian ph\u00f2ng t\u1eafm c\u1ee7a b\u1ea1n. V\u1edbi h\u00ecnh d\u00e1ng vu\u00f4ng v\u1ee9c hi\u1ec7n \u0111\u1ea1i v\u00e0 k\u00edch th\u01b0\u1edbc l\u00fd t\u01b0\u1edfng, s\u1ea3n ph\u1ea9m kh\u00f4ng ch\u1ec9 l\u00e0 m\u1ed9t ph\u1ee5 ki\u1ec7n m\u00e0 c\u00f2n l\u00e0 \u0111i\u1ec3m nh\u1ea5n ki\u1ebfn tr\u00fac, ho\u00e0 quy\u1ec7n ho\u00e0n h\u1ea3o v\u00e0o m\u1ecdi phong c\u00e1ch n\u1ed9i th\u1ea5t. S\u1ef1 li\u1ec1n m\u1ea1ch trong thi\u1ebft k\u1ebf \u0111\u1ea3m b\u1ea3o d\u00f2ng ch\u1ea3y c\u1ee7a n\u01b0\u1edbc lu\u00f4n m\u1ea1nh m\u1ebd, \u1ed5n \u0111\u1ecbnh, mang \u0111\u1ebfn tr\u1ea3i nghi\u1ec7m t\u1eafm th\u01b0 gi\u00e3n tuy\u1ec7t \u0111\u1ed1i. M\u1ed7i kho\u1ea3nh kh\u1eafc d\u01b0\u1edbi v\u00f2i sen \u0111\u1ec1u l\u00e0 s\u1ef1 t\u1eadn h\u01b0\u1edfng tr\u1ecdn v\u1eb9n, \u0111\u00e1nh th\u1ee9c m\u1ecdi gi\u00e1c quan v\u00e0 t\u00e1i t\u1ea1o n\u0103ng l\u01b0\u1ee3ng cho m\u1ed9t ng\u00e0y m\u1edbi.<\/p>\n","protected":false},"featured_media":122374,"comment_status":"open","ping_status":"closed","template":"","meta":{"_acf_changed":false},"product_cat":[887],"product_tag":[],"class_list":{"0":"post-122368","1":"product","2":"type-product","3":"status-publish","4":"has-post-thumbnail","6":"product_cat-phu-kien-di-kem","7":"pa_mau-sac-chrome","8":"pa_mau-sac-chrome-den-xuoc","9":"pa_mau-sac-den-mo","10":"pa_mau-sac-dong-thau-xuoc","11":"pa_mau-sac-dong-xuoc","12":"pa_mau-sac-niken-xuoc","13":"pa_mau-sac-chrome-den-bong","14":"pa_mau-sac-thep-khong-gi","15":"pa_mau-sac-vang-bong","16":"pa_mau-sac-vang-hong-bong","17":"pa_mau-sac-vang-hong-xuoc","18":"pa_mau-sac-vang-xuoc","20":"first","21":"instock","22":"shipping-taxable","23":"purchasable","24":"product-type-variable"},"acf":[],"featured_media_urls":{"thumbnail":["https:\/\/trading.hhg.vn\/wp-content\/uploads\/2025\/12\/154__apr09159_tif-150x150.png",150,150,true],"medium":["https:\/\/trading.hhg.vn\/wp-content\/uploads\/2025\/12\/154__apr09159_tif-263x300.png",263,300,true],"medium_large":["https:\/\/trading.hhg.vn\/wp-content\/uploads\/2025\/12\/154__apr09159_tif-768x878.png",768,878,true],"large":["https:\/\/trading.hhg.vn\/wp-content\/uploads\/2025\/12\/154__apr09159_tif-896x1024.png",896,1024,true],"1536x1536":["https:\/\/trading.hhg.vn\/wp-content\/uploads\/2025\/12\/154__apr09159_tif-1344x1536.png",1344,1536,true],"2048x2048":["https:\/\/trading.hhg.vn\/wp-content\/uploads\/2025\/12\/154__apr09159_tif-1792x2048.png",1792,2048,true],"woocommerce_thumbnail":["https:\/\/trading.hhg.vn\/wp-content\/uploads\/2025\/12\/154__apr09159_tif-600x600.png",600,600,true],"woocommerce_single":["https:\/\/trading.hhg.vn\/wp-content\/uploads\/2025\/12\/154__apr09159_tif-1200x1371.png",1200,1371,true],"woocommerce_gallery_thumbnail":["https:\/\/trading.hhg.vn\/wp-content\/uploads\/2025\/12\/154__apr09159_tif-150x171.png",150,171,true],"portfolio_item-thumbnail":["https:\/\/trading.hhg.vn\/wp-content\/uploads\/2025\/12\/154__apr09159_tif-scaled.png",350,400,false],"portfolio_item-thumbnail@2x":["https:\/\/trading.hhg.vn\/wp-content\/uploads\/2025\/12\/154__apr09159_tif-scaled.png",700,800,false],"portfolio_item-masonry":["https:\/\/trading.hhg.vn\/wp-content\/uploads\/2025\/12\/154__apr09159_tif-scaled.png",600,686,false],"portfolio_item-masonry@2x":["https:\/\/trading.hhg.vn\/wp-content\/uploads\/2025\/12\/154__apr09159_tif-scaled.png",1200,1371,false],"portfolio_item-thumbnail_cinema":["https:\/\/trading.hhg.vn\/wp-content\/uploads\/2025\/12\/154__apr09159_tif-scaled.png",293,335,false],"portfolio_item-thumbnail_portrait":["https:\/\/trading.hhg.vn\/wp-content\/uploads\/2025\/12\/154__apr09159_tif-scaled.png",600,686,false],"portfolio_item-thumbnail_portrait@2x":["https:\/\/trading.hhg.vn\/wp-content\/uploads\/2025\/12\/154__apr09159_tif-scaled.png",1200,1371,false],"portfolio_item-thumbnail_square":["https:\/\/trading.hhg.vn\/wp-content\/uploads\/2025\/12\/154__apr09159_tif-scaled.png",700,800,false]},"_links":{"self":[{"href":"https:\/\/trading.hhg.vn\/en\/wp-json\/wp\/v2\/product\/122368","targetHints":{"allow":["GET"]}}],"collection":[{"href":"https:\/\/trading.hhg.vn\/en\/wp-json\/wp\/v2\/product"}],"about":[{"href":"https:\/\/trading.hhg.vn\/en\/wp-json\/wp\/v2\/types\/product"}],"replies":[{"embeddable":true,"href":"https:\/\/trading.hhg.vn\/en\/wp-json\/wp\/v2\/comments?post=122368"}],"version-history":[{"count":1,"href":"https:\/\/trading.hhg.vn\/en\/wp-json\/wp\/v2\/product\/122368\/revisions"}],"predecessor-version":[{"id":122376,"href":"https:\/\/trading.hhg.vn\/en\/wp-json\/wp\/v2\/product\/122368\/revisions\/122376"}],"wp:featuredmedia":[{"embeddable":true,"href":"https:\/\/trading.hhg.vn\/en\/wp-json\/wp\/v2\/media\/122374"}],"wp:attachment":[{"href":"https:\/\/trading.hhg.vn\/en\/wp-json\/wp\/v2\/media?parent=122368"}],"wp:term":[{"taxonomy":"product_cat","embeddable":true,"href":"https:\/\/trading.hhg.vn\/en\/wp-json\/wp\/v2\/product_cat?post=122368"},{"taxonomy":"product_tag","embeddable":true,"href":"https:\/\/trading.hhg.vn\/en\/wp-json\/wp\/v2\/product_tag?post=122368"}],"curies":[{"name":"wp","href":"https:\/\/api.w.org\/{rel}","templated":true}]}}