{"id":122742,"date":"2025-12-11T04:52:43","date_gmt":"2025-12-10T21:52:43","guid":{"rendered":"https:\/\/trading.hhg.vn\/product\/can-sen-gan-tuong-12-8-cm\/"},"modified":"2025-12-20T16:07:03","modified_gmt":"2025-12-20T09:07:03","slug":"can-sen-gan-tuong-12-8-cm","status":"publish","type":"product","link":"https:\/\/trading.hhg.vn\/en\/s\u1ea3n-ph\u1ea9m\/can-sen-gan-tuong-12-8-cm\/","title":{"rendered":"C\u00e1n sen g\u1eafn t\u01b0\u1eddng 12.8 cm"},"content":{"rendered":"","protected":false},"excerpt":{"rendered":"<p>N\u00e2ng t\u1ea7m kh\u00f4ng gian ph\u00f2ng t\u1eafm v\u1edbi c\u00e1n sen g\u1eafn t\u01b0\u1eddng 12.8 cm, m\u1ed9t ki\u1ec7t t\u00e1c t\u1ed1i gi\u1ea3n k\u1ebft h\u1ee3p ho\u00e0n h\u1ea3o gi\u1eefa n\u00e9t thanh l\u1ecbch \u0111\u01b0\u01a1ng \u0111\u1ea1i v\u00e0 c\u00f4ng n\u0103ng v\u01b0\u1ee3t tr\u1ed9i. Thi\u1ebft k\u1ebf tinh g\u1ecdn, \u00f4m s\u00e1t t\u01b0\u1eddng, kh\u00f4ng ch\u1ec9 gi\u1ea3i ph\u00f3ng kh\u00f4ng gian m\u00e0 c\u00f2n mang \u0111\u1ebfn v\u1ebb \u0111\u1eb9p sang tr\u1ecdng, li\u1ec1n m\u1ea1ch. T\u1eebng \u0111\u01b0\u1eddng n\u00e9t \u0111\u01b0\u1ee3c t\u00ednh to\u00e1n t\u1ec9 m\u1ec9, \u0111\u1ea3m b\u1ea3o d\u00f2ng ch\u1ea3y \u00eam \u00e1i, nh\u1eb9 nh\u00e0ng ch\u1ea1m l\u00e0n da, bi\u1ebfn m\u1ed7i kho\u1ea3nh kh\u1eafc d\u01b0\u1edbi v\u00f2i sen th\u00e0nh tr\u1ea3i nghi\u1ec7m th\u01b0 th\u00e1i, \u0111\u1eb3ng c\u1ea5p, kh\u1edfi ngu\u1ed3n cho ng\u00e0y m\u1edbi \u0111\u1ea7y h\u1ee9ng kh\u1edfi.<\/p>\n","protected":false},"featured_media":122740,"comment_status":"open","ping_status":"closed","template":"","meta":{"_acf_changed":false},"product_cat":[887],"product_tag":[],"class_list":{"0":"post-122742","1":"product","2":"type-product","3":"status-publish","4":"has-post-thumbnail","6":"product_cat-phu-kien-di-kem","7":"pa_mau-sac-chrome","9":"first","10":"instock","11":"shipping-taxable","12":"purchasable","13":"product-type-simple"},"acf":[],"featured_media_urls":{"thumbnail":["https:\/\/trading.hhg.vn\/wp-content\/uploads\/2025\/12\/154__hpb00713_tif-150x150.png",150,150,true],"medium":["https:\/\/trading.hhg.vn\/wp-content\/uploads\/2025\/12\/154__hpb00713_tif-263x300.png",263,300,true],"medium_large":["https:\/\/trading.hhg.vn\/wp-content\/uploads\/2025\/12\/154__hpb00713_tif.png",659,753,false],"large":["https:\/\/trading.hhg.vn\/wp-content\/uploads\/2025\/12\/154__hpb00713_tif.png",659,753,false],"1536x1536":["https:\/\/trading.hhg.vn\/wp-content\/uploads\/2025\/12\/154__hpb00713_tif.png",659,753,false],"2048x2048":["https:\/\/trading.hhg.vn\/wp-content\/uploads\/2025\/12\/154__hpb00713_tif.png",659,753,false],"woocommerce_thumbnail":["https:\/\/trading.hhg.vn\/wp-content\/uploads\/2025\/12\/154__hpb00713_tif-600x600.png",600,600,true],"woocommerce_single":["https:\/\/trading.hhg.vn\/wp-content\/uploads\/2025\/12\/154__hpb00713_tif.png",659,753,false],"woocommerce_gallery_thumbnail":["https:\/\/trading.hhg.vn\/wp-content\/uploads\/2025\/12\/154__hpb00713_tif-150x171.png",150,171,true],"portfolio_item-thumbnail":["https:\/\/trading.hhg.vn\/wp-content\/uploads\/2025\/12\/154__hpb00713_tif.png",350,400,false],"portfolio_item-thumbnail@2x":["https:\/\/trading.hhg.vn\/wp-content\/uploads\/2025\/12\/154__hpb00713_tif.png",659,753,false],"portfolio_item-masonry":["https:\/\/trading.hhg.vn\/wp-content\/uploads\/2025\/12\/154__hpb00713_tif.png",600,686,false],"portfolio_item-masonry@2x":["https:\/\/trading.hhg.vn\/wp-content\/uploads\/2025\/12\/154__hpb00713_tif.png",659,753,false],"portfolio_item-thumbnail_cinema":["https:\/\/trading.hhg.vn\/wp-content\/uploads\/2025\/12\/154__hpb00713_tif.png",293,335,false],"portfolio_item-thumbnail_portrait":["https:\/\/trading.hhg.vn\/wp-content\/uploads\/2025\/12\/154__hpb00713_tif.png",600,686,false],"portfolio_item-thumbnail_portrait@2x":["https:\/\/trading.hhg.vn\/wp-content\/uploads\/2025\/12\/154__hpb00713_tif.png",659,753,false],"portfolio_item-thumbnail_square":["https:\/\/trading.hhg.vn\/wp-content\/uploads\/2025\/12\/154__hpb00713_tif.png",659,753,false]},"_links":{"self":[{"href":"https:\/\/trading.hhg.vn\/en\/wp-json\/wp\/v2\/product\/122742","targetHints":{"allow":["GET"]}}],"collection":[{"href":"https:\/\/trading.hhg.vn\/en\/wp-json\/wp\/v2\/product"}],"about":[{"href":"https:\/\/trading.hhg.vn\/en\/wp-json\/wp\/v2\/types\/product"}],"replies":[{"embeddable":true,"href":"https:\/\/trading.hhg.vn\/en\/wp-json\/wp\/v2\/comments?post=122742"}],"version-history":[{"count":0,"href":"https:\/\/trading.hhg.vn\/en\/wp-json\/wp\/v2\/product\/122742\/revisions"}],"wp:featuredmedia":[{"embeddable":true,"href":"https:\/\/trading.hhg.vn\/en\/wp-json\/wp\/v2\/media\/122740"}],"wp:attachment":[{"href":"https:\/\/trading.hhg.vn\/en\/wp-json\/wp\/v2\/media?parent=122742"}],"wp:term":[{"taxonomy":"product_cat","embeddable":true,"href":"https:\/\/trading.hhg.vn\/en\/wp-json\/wp\/v2\/product_cat?post=122742"},{"taxonomy":"product_tag","embeddable":true,"href":"https:\/\/trading.hhg.vn\/en\/wp-json\/wp\/v2\/product_tag?post=122742"}],"curies":[{"name":"wp","href":"https:\/\/api.w.org\/{rel}","templated":true}]}}