{"id":122819,"date":"2025-12-11T05:16:40","date_gmt":"2025-12-10T22:16:40","guid":{"rendered":"https:\/\/trading.hhg.vn\/?post_type=product&#038;p=122819"},"modified":"2025-12-29T22:27:09","modified_gmt":"2025-12-29T15:27:09","slug":"dau-cho-gan-tuong-kem-gia-do-sen-tay-fixfit-e","status":"publish","type":"product","link":"https:\/\/trading.hhg.vn\/en\/s\u1ea3n-ph\u1ea9m\/dau-cho-gan-tuong-kem-gia-do-sen-tay-fixfit-e\/","title":{"rendered":"\u0110\u1ea7u ch\u1edd g\u1eafn t\u01b0\u1eddng k\u00e8m gi\u00e1 \u0111\u1ee1 sen tay FixFit E"},"content":{"rendered":"","protected":false},"excerpt":{"rendered":"<p>FixFit E th\u1ed5i h\u1ed3n v\u00e0o kh\u00f4ng gian t\u1eafm v\u1edbi thi\u1ebft k\u1ebf g\u1eafn t\u01b0\u1eddng tinh t\u1ebf, t\u1ed1i gi\u1ea3n nh\u01b0ng \u0111\u1ea7y c\u00e1 t\u00ednh, ph\u00e1 v\u1ee1 m\u1ecdi gi\u1edbi h\u1ea1n v\u1ec1 th\u1ea9m m\u1ef9. S\u1ea3n ph\u1ea9m kh\u00f4ng ch\u1ec9 l\u00e0 \u0111i\u1ec3m nh\u1ea5n sang tr\u1ecdng m\u00e0 c\u00f2n l\u00e0 gi\u1ea3i ph\u00e1p c\u00f4ng th\u00e1i h\u1ecdc ho\u00e0n h\u1ea3o, t\u00edch h\u1ee3p \u0111\u1ea7u ch\u1edd v\u00e0 gi\u00e1 \u0111\u1ee1 sen tay, ki\u1ebfn t\u1ea1o n\u00ean tr\u1ea3i nghi\u1ec7m s\u1eed d\u1ee5ng li\u1ec1n m\u1ea1ch, ti\u1ec7n nghi. T\u1eebng \u0111\u01b0\u1eddng n\u00e9t \u0111\u01b0\u1ee3c t\u00ednh to\u00e1n t\u1ec9 m\u1ec9, FixFit E n\u00e2ng t\u1ea7m kh\u00f4ng gian s\u1ed1ng, mang \u0111\u1ebfn s\u1ef1 k\u1ebft h\u1ee3p h\u00e0i h\u00f2a gi\u1eefa v\u1ebb \u0111\u1eb9p \u0111\u01b0\u01a1ng \u0111\u1ea1i v\u00e0 c\u00f4ng n\u0103ng v\u01b0\u1ee3t tr\u1ed9i, ch\u1ea1m \u0111\u1ebfn c\u1ea3m x\u00fac c\u1ee7a nh\u1eefng ch\u1ee7 nh\u00e2n am hi\u1ec3u ngh\u1ec7 thu\u1eadt s\u1ed1ng.<\/p>\n","protected":false},"featured_media":123043,"comment_status":"open","ping_status":"closed","template":"","meta":{"_acf_changed":false},"product_cat":[887],"product_tag":[],"class_list":{"0":"post-122819","1":"product","2":"type-product","3":"status-publish","4":"has-post-thumbnail","6":"product_cat-phu-kien-di-kem","7":"pa_mau-sac-chrome","8":"pa_mau-sac-chrome-den-xuoc","9":"pa_mau-sac-den-mo","10":"pa_mau-sac-dong-xuoc","11":"pa_mau-sac-trang-mo","12":"pa_mau-sac-vang-bong","14":"first","15":"instock","16":"shipping-taxable","17":"purchasable","18":"product-type-variable"},"acf":[],"featured_media_urls":{"thumbnail":["https:\/\/trading.hhg.vn\/wp-content\/uploads\/2025\/12\/154__hpr04627_tif-150x150.png",150,150,true],"medium":["https:\/\/trading.hhg.vn\/wp-content\/uploads\/2025\/12\/154__hpr04627_tif-263x300.png",263,300,true],"medium_large":["https:\/\/trading.hhg.vn\/wp-content\/uploads\/2025\/12\/154__hpr04627_tif-768x878.png",768,878,true],"large":["https:\/\/trading.hhg.vn\/wp-content\/uploads\/2025\/12\/154__hpr04627_tif-896x1024.png",896,1024,true],"1536x1536":["https:\/\/trading.hhg.vn\/wp-content\/uploads\/2025\/12\/154__hpr04627_tif-1344x1536.png",1344,1536,true],"2048x2048":["https:\/\/trading.hhg.vn\/wp-content\/uploads\/2025\/12\/154__hpr04627_tif-1792x2048.png",1792,2048,true],"woocommerce_thumbnail":["https:\/\/trading.hhg.vn\/wp-content\/uploads\/2025\/12\/154__hpr04627_tif-600x600.png",600,600,true],"woocommerce_single":["https:\/\/trading.hhg.vn\/wp-content\/uploads\/2025\/12\/154__hpr04627_tif-1200x1371.png",1200,1371,true],"woocommerce_gallery_thumbnail":["https:\/\/trading.hhg.vn\/wp-content\/uploads\/2025\/12\/154__hpr04627_tif-150x171.png",150,171,true],"portfolio_item-thumbnail":["https:\/\/trading.hhg.vn\/wp-content\/uploads\/2025\/12\/154__hpr04627_tif-scaled.png",350,400,false],"portfolio_item-thumbnail@2x":["https:\/\/trading.hhg.vn\/wp-content\/uploads\/2025\/12\/154__hpr04627_tif-scaled.png",700,800,false],"portfolio_item-masonry":["https:\/\/trading.hhg.vn\/wp-content\/uploads\/2025\/12\/154__hpr04627_tif-scaled.png",600,686,false],"portfolio_item-masonry@2x":["https:\/\/trading.hhg.vn\/wp-content\/uploads\/2025\/12\/154__hpr04627_tif-scaled.png",1200,1371,false],"portfolio_item-thumbnail_cinema":["https:\/\/trading.hhg.vn\/wp-content\/uploads\/2025\/12\/154__hpr04627_tif-scaled.png",293,335,false],"portfolio_item-thumbnail_portrait":["https:\/\/trading.hhg.vn\/wp-content\/uploads\/2025\/12\/154__hpr04627_tif-scaled.png",600,686,false],"portfolio_item-thumbnail_portrait@2x":["https:\/\/trading.hhg.vn\/wp-content\/uploads\/2025\/12\/154__hpr04627_tif-scaled.png",1200,1371,false],"portfolio_item-thumbnail_square":["https:\/\/trading.hhg.vn\/wp-content\/uploads\/2025\/12\/154__hpr04627_tif-scaled.png",700,800,false]},"_links":{"self":[{"href":"https:\/\/trading.hhg.vn\/en\/wp-json\/wp\/v2\/product\/122819","targetHints":{"allow":["GET"]}}],"collection":[{"href":"https:\/\/trading.hhg.vn\/en\/wp-json\/wp\/v2\/product"}],"about":[{"href":"https:\/\/trading.hhg.vn\/en\/wp-json\/wp\/v2\/types\/product"}],"replies":[{"embeddable":true,"href":"https:\/\/trading.hhg.vn\/en\/wp-json\/wp\/v2\/comments?post=122819"}],"version-history":[{"count":1,"href":"https:\/\/trading.hhg.vn\/en\/wp-json\/wp\/v2\/product\/122819\/revisions"}],"predecessor-version":[{"id":123045,"href":"https:\/\/trading.hhg.vn\/en\/wp-json\/wp\/v2\/product\/122819\/revisions\/123045"}],"wp:featuredmedia":[{"embeddable":true,"href":"https:\/\/trading.hhg.vn\/en\/wp-json\/wp\/v2\/media\/123043"}],"wp:attachment":[{"href":"https:\/\/trading.hhg.vn\/en\/wp-json\/wp\/v2\/media?parent=122819"}],"wp:term":[{"taxonomy":"product_cat","embeddable":true,"href":"https:\/\/trading.hhg.vn\/en\/wp-json\/wp\/v2\/product_cat?post=122819"},{"taxonomy":"product_tag","embeddable":true,"href":"https:\/\/trading.hhg.vn\/en\/wp-json\/wp\/v2\/product_tag?post=122819"}],"curies":[{"name":"wp","href":"https:\/\/api.w.org\/{rel}","templated":true}]}}