{"id":123151,"date":"2025-12-11T06:22:23","date_gmt":"2025-12-10T23:22:23","guid":{"rendered":"https:\/\/trading.hhg.vn\/product\/thanh-truot-sen-e-150-cm-kem-day-sen-isiflex-160-cm-va-ke-dung-do-unica\/"},"modified":"2025-12-20T16:06:35","modified_gmt":"2025-12-20T09:06:35","slug":"thanh-truot-sen-e-150-cm-kem-day-sen-isiflex-160-cm-va-ke-dung-do-unica","status":"publish","type":"product","link":"https:\/\/trading.hhg.vn\/en\/s\u1ea3n-ph\u1ea9m\/thanh-truot-sen-e-150-cm-kem-day-sen-isiflex-160-cm-va-ke-dung-do-unica\/","title":{"rendered":"Thanh tr\u01b0\u1ee3t sen E 150 cm k\u00e8m d\u00e2y sen Isiflex 160 cm v\u00e0 k\u1ec7 \u0111\u1ef1ng \u0111\u1ed3 Unica"},"content":{"rendered":"","protected":false},"excerpt":{"rendered":"<p>N\u00e2ng t\u1ea7m kh\u00f4ng gian t\u1eafm v\u1edbi b\u1ed9 \u0111\u00f4i thanh tr\u01b0\u1ee3t sen E tinh t\u1ebf, d\u00e0i 150cm, ph\u1ed1i c\u00f9ng d\u00e2y sen Isiflex 160cm \u00eam \u00e1i, b\u1ec1n b\u1ec9. Thi\u1ebft k\u1ebf t\u1ed1i gi\u1ea3n m\u00e0 sang tr\u1ecdng, kh\u00f4ng ch\u1ec9 t\u1ed1i \u01b0u tr\u1ea3i nghi\u1ec7m d\u00f2ng ch\u1ea3y m\u1ea1nh m\u1ebd, m\u00e0 c\u00f2n t\u00edch h\u1ee3p k\u1ec7 \u0111\u1ef1ng \u0111\u1ed3 Unica ti\u1ec7n l\u1ee3i, gi\u1eef m\u1ecdi th\u1ee9 trong t\u1ea7m tay. Bi\u1ebfn m\u1ed7i kho\u1ea3nh kh\u1eafc d\u01b0\u1edbi v\u00f2i sen th\u00e0nh ph\u00fat gi\u00e2y th\u01b0 gi\u00e3n tr\u1ecdn v\u1eb9n, n\u01a1i c\u00f4ng n\u0103ng v\u00e0 v\u1ebb \u0111\u1eb9p h\u00f2a quy\u1ec7n ho\u00e0n h\u1ea3o.<\/p>\n","protected":false},"featured_media":123149,"comment_status":"open","ping_status":"closed","template":"","meta":{"_acf_changed":false},"product_cat":[887],"product_tag":[],"class_list":{"0":"post-123151","1":"product","2":"type-product","3":"status-publish","4":"has-post-thumbnail","6":"product_cat-phu-kien-di-kem","7":"pa_mau-sac-chrome","9":"first","10":"instock","11":"shipping-taxable","12":"purchasable","13":"product-type-simple"},"acf":[],"featured_media_urls":{"thumbnail":["https:\/\/trading.hhg.vn\/wp-content\/uploads\/2025\/12\/154__hpr00433_tif-150x150.png",150,150,true],"medium":["https:\/\/trading.hhg.vn\/wp-content\/uploads\/2025\/12\/154__hpr00433_tif-263x300.png",263,300,true],"medium_large":["https:\/\/trading.hhg.vn\/wp-content\/uploads\/2025\/12\/154__hpr00433_tif-768x878.png",768,878,true],"large":["https:\/\/trading.hhg.vn\/wp-content\/uploads\/2025\/12\/154__hpr00433_tif-896x1024.png",896,1024,true],"1536x1536":["https:\/\/trading.hhg.vn\/wp-content\/uploads\/2025\/12\/154__hpr00433_tif-1344x1536.png",1344,1536,true],"2048x2048":["https:\/\/trading.hhg.vn\/wp-content\/uploads\/2025\/12\/154__hpr00433_tif-1792x2048.png",1792,2048,true],"woocommerce_thumbnail":["https:\/\/trading.hhg.vn\/wp-content\/uploads\/2025\/12\/154__hpr00433_tif-600x600.png",600,600,true],"woocommerce_single":["https:\/\/trading.hhg.vn\/wp-content\/uploads\/2025\/12\/154__hpr00433_tif-1200x1371.png",1200,1371,true],"woocommerce_gallery_thumbnail":["https:\/\/trading.hhg.vn\/wp-content\/uploads\/2025\/12\/154__hpr00433_tif-150x171.png",150,171,true],"portfolio_item-thumbnail":["https:\/\/trading.hhg.vn\/wp-content\/uploads\/2025\/12\/154__hpr00433_tif.png",350,400,false],"portfolio_item-thumbnail@2x":["https:\/\/trading.hhg.vn\/wp-content\/uploads\/2025\/12\/154__hpr00433_tif.png",700,800,false],"portfolio_item-masonry":["https:\/\/trading.hhg.vn\/wp-content\/uploads\/2025\/12\/154__hpr00433_tif.png",600,686,false],"portfolio_item-masonry@2x":["https:\/\/trading.hhg.vn\/wp-content\/uploads\/2025\/12\/154__hpr00433_tif.png",1200,1371,false],"portfolio_item-thumbnail_cinema":["https:\/\/trading.hhg.vn\/wp-content\/uploads\/2025\/12\/154__hpr00433_tif.png",293,335,false],"portfolio_item-thumbnail_portrait":["https:\/\/trading.hhg.vn\/wp-content\/uploads\/2025\/12\/154__hpr00433_tif.png",600,686,false],"portfolio_item-thumbnail_portrait@2x":["https:\/\/trading.hhg.vn\/wp-content\/uploads\/2025\/12\/154__hpr00433_tif.png",1200,1371,false],"portfolio_item-thumbnail_square":["https:\/\/trading.hhg.vn\/wp-content\/uploads\/2025\/12\/154__hpr00433_tif.png",700,800,false]},"_links":{"self":[{"href":"https:\/\/trading.hhg.vn\/en\/wp-json\/wp\/v2\/product\/123151","targetHints":{"allow":["GET"]}}],"collection":[{"href":"https:\/\/trading.hhg.vn\/en\/wp-json\/wp\/v2\/product"}],"about":[{"href":"https:\/\/trading.hhg.vn\/en\/wp-json\/wp\/v2\/types\/product"}],"replies":[{"embeddable":true,"href":"https:\/\/trading.hhg.vn\/en\/wp-json\/wp\/v2\/comments?post=123151"}],"version-history":[{"count":0,"href":"https:\/\/trading.hhg.vn\/en\/wp-json\/wp\/v2\/product\/123151\/revisions"}],"wp:featuredmedia":[{"embeddable":true,"href":"https:\/\/trading.hhg.vn\/en\/wp-json\/wp\/v2\/media\/123149"}],"wp:attachment":[{"href":"https:\/\/trading.hhg.vn\/en\/wp-json\/wp\/v2\/media?parent=123151"}],"wp:term":[{"taxonomy":"product_cat","embeddable":true,"href":"https:\/\/trading.hhg.vn\/en\/wp-json\/wp\/v2\/product_cat?post=123151"},{"taxonomy":"product_tag","embeddable":true,"href":"https:\/\/trading.hhg.vn\/en\/wp-json\/wp\/v2\/product_tag?post=123151"}],"curies":[{"name":"wp","href":"https:\/\/api.w.org\/{rel}","templated":true}]}}