{"id":123703,"date":"2025-12-11T09:11:12","date_gmt":"2025-12-11T02:11:12","guid":{"rendered":"https:\/\/trading.hhg.vn\/?post_type=product&#038;p=123703"},"modified":"2026-01-14T12:55:53","modified_gmt":"2026-01-14T05:55:53","slug":"day-sen-160-cm-isiflex","status":"publish","type":"product","link":"https:\/\/trading.hhg.vn\/en\/s\u1ea3n-ph\u1ea9m\/day-sen-160-cm-isiflex\/","title":{"rendered":"D\u00e2y sen 160 cm Isiflex"},"content":{"rendered":"<p><img fetchpriority=\"high\" decoding=\"async\" class=\"alignnone wp-image-7559 aligncenter\" src=\"https:\/\/trading.hhg.vn\/wp-content\/uploads\/2026\/01\/Isiflex.jpg\" alt=\"\" width=\"606\" height=\"454\" \/>Isiflex s\u1edf h\u1eefu thi\u1ebft k\u1ebf t\u1ed1i gi\u1ea3n, t\u1eadp trung v\u00e0o t\u00ednh c\u00f4ng n\u0103ng v\u00e0 \u0111\u1ed9 b\u1ec1n trong s\u1eed d\u1ee5ng h\u1eb1ng ng\u00e0y. B\u1ec1 m\u1eb7t d\u00e2y sen m\u1ecbn, \u0111\u1ec1u, t\u1ea1o c\u1ea3m gi\u00e1c ch\u1eafc ch\u1eafn khi c\u1ea7m n\u1eafm v\u00e0 h\u00e0i h\u00f2a v\u1edbi nhi\u1ec1u phong c\u00e1ch ph\u00f2ng t\u1eafm kh\u00e1c nhau. H\u00ecnh th\u1ee9c g\u1ecdn g\u00e0ng c\u00f9ng c\u00e1c chi ti\u1ebft ho\u00e0n thi\u1ec7n ch\u00ednh x\u00e1c gi\u00fap Isiflex d\u1ec5 k\u1ebft h\u1ee3p v\u1edbi sen tay v\u00e0 ph\u1ee5 ki\u1ec7n hansgrohe, mang l\u1ea1i t\u1ed5ng th\u1ec3 \u0111\u1ed3ng nh\u1ea5t v\u00e0 tinh t\u1ebf.<\/p>\n<p>Isiflex \u0111\u01b0\u1ee3c l\u00e0m t\u1eeb v\u1eadt li\u1ec7u nh\u1ef1a cao c\u1ea5p ch\u1ed1ng xo\u1eafn, ch\u1ecbu \u00e1p l\u1ef1c v\u00e0 nhi\u1ec7t \u0111\u1ed9 cao, \u0111\u1ea3m b\u1ea3o d\u00f2ng n\u01b0\u1edbc \u1ed5n \u0111\u1ecbnh v\u00e0 an to\u00e0n khi s\u1eed d\u1ee5ng l\u00e2u d\u00e0i. L\u1edbp v\u1ecf ngo\u00e0i b\u1ec1n b\u1ec9, ch\u1ed1ng tr\u1ea7y x\u01b0\u1edbc v\u00e0 d\u1ec5 v\u1ec7 sinh. Hai \u0111\u1ea7u n\u1ed1i kim lo\u1ea1i \u0111\u01b0\u1ee3c gia c\u00f4ng ch\u00ednh x\u00e1c, t\u00edch h\u1ee3p kh\u1edbp xoay ch\u1ed1ng xo\u1eafn, gi\u00fap d\u00e2y lu\u00f4n v\u1eadn h\u00e0nh tr\u01a1n tru, kh\u00f4ng g\u1eadp r\u1ed1i.<\/p>\n","protected":false},"excerpt":{"rendered":"<p>D\u00e2y sen Isiflex 160cm mang \u0111\u1ebfn tr\u1ea3i nghi\u1ec7m t\u1eafm ti\u1ec7n nghi v\u01b0\u1ee3t tr\u1ed9i. V\u1edbi thi\u1ebft k\u1ebf tinh t\u1ebf c\u00f9ng \u0111\u1ed9 d\u00e0i l\u00fd t\u01b0\u1edfng, s\u1ea3n ph\u1ea9m kh\u00f4ng ch\u1ec9 t\u0103ng t\u00ednh th\u1ea9m m\u1ef9 cho kh\u00f4ng gian ph\u00f2ng t\u1eafm m\u00e0 c\u00f2n t\u1ed1i \u01b0u h\u00f3a c\u00f4ng n\u0103ng, cho ph\u00e9p b\u1ea1n tho\u1ea3i m\u00e1i di chuy\u1ec3n v\u00e0 th\u01b0 gi\u00e3n d\u01b0\u1edbi d\u00f2ng n\u01b0\u1edbc \u00eam \u00e1i. Ch\u1ea5t li\u1ec7u cao c\u1ea5p \u0111\u1ea3m b\u1ea3o \u0111\u1ed9 b\u1ec1n b\u1ec9, ch\u1ed1ng xo\u1eafn r\u1ed1i, v\u00e0 d\u1ec5 d\u00e0ng v\u1ec7 sinh, h\u1ee9a h\u1eb9n nh\u1eefng kho\u1ea3nh kh\u1eafc s\u1ea3ng kho\u00e1i tr\u1ecdn v\u1eb9n m\u1ed7i ng\u00e0y.<\/p>\n","protected":false},"featured_media":119733,"comment_status":"open","ping_status":"closed","template":"","meta":{"_acf_changed":false},"product_cat":[887],"product_tag":[],"class_list":{"0":"post-123703","1":"product","2":"type-product","3":"status-publish","4":"has-post-thumbnail","6":"product_cat-phu-kien-di-kem","7":"pa_mau-sac-chrome","8":"pa_mau-sac-chrome-den-xuoc","9":"pa_mau-sac-den-mo","10":"pa_mau-sac-dong-xuoc","11":"pa_mau-sac-trang-mo","12":"pa_mau-sac-vang-bong","13":"pa_mau-sac-vang-xuoc","15":"first","16":"onbackorder","17":"shipping-taxable","18":"purchasable","19":"product-type-variable"},"acf":[],"featured_media_urls":{"thumbnail":["https:\/\/trading.hhg.vn\/wp-content\/uploads\/2025\/12\/154__hpa00511_tif-150x150.png",150,150,true],"medium":["https:\/\/trading.hhg.vn\/wp-content\/uploads\/2025\/12\/154__hpa00511_tif-262x300.png",262,300,true],"medium_large":["https:\/\/trading.hhg.vn\/wp-content\/uploads\/2025\/12\/154__hpa00511_tif-768x878.png",768,878,true],"large":["https:\/\/trading.hhg.vn\/wp-content\/uploads\/2025\/12\/154__hpa00511_tif-896x1024.png",896,1024,true],"1536x1536":["https:\/\/trading.hhg.vn\/wp-content\/uploads\/2025\/12\/154__hpa00511_tif-1344x1536.png",1344,1536,true],"2048x2048":["https:\/\/trading.hhg.vn\/wp-content\/uploads\/2025\/12\/154__hpa00511_tif.png",1440,1646,false],"woocommerce_thumbnail":["https:\/\/trading.hhg.vn\/wp-content\/uploads\/2025\/12\/154__hpa00511_tif-600x600.png",600,600,true],"woocommerce_single":["https:\/\/trading.hhg.vn\/wp-content\/uploads\/2025\/12\/154__hpa00511_tif-1200x1372.png",1200,1372,true],"woocommerce_gallery_thumbnail":["https:\/\/trading.hhg.vn\/wp-content\/uploads\/2025\/12\/154__hpa00511_tif-150x171.png",150,171,true],"portfolio_item-thumbnail":["https:\/\/trading.hhg.vn\/wp-content\/uploads\/2025\/12\/154__hpa00511_tif.png",350,400,false],"portfolio_item-thumbnail@2x":["https:\/\/trading.hhg.vn\/wp-content\/uploads\/2025\/12\/154__hpa00511_tif.png",700,800,false],"portfolio_item-masonry":["https:\/\/trading.hhg.vn\/wp-content\/uploads\/2025\/12\/154__hpa00511_tif.png",600,686,false],"portfolio_item-masonry@2x":["https:\/\/trading.hhg.vn\/wp-content\/uploads\/2025\/12\/154__hpa00511_tif.png",1200,1372,false],"portfolio_item-thumbnail_cinema":["https:\/\/trading.hhg.vn\/wp-content\/uploads\/2025\/12\/154__hpa00511_tif.png",293,335,false],"portfolio_item-thumbnail_portrait":["https:\/\/trading.hhg.vn\/wp-content\/uploads\/2025\/12\/154__hpa00511_tif.png",600,686,false],"portfolio_item-thumbnail_portrait@2x":["https:\/\/trading.hhg.vn\/wp-content\/uploads\/2025\/12\/154__hpa00511_tif.png",1200,1372,false],"portfolio_item-thumbnail_square":["https:\/\/trading.hhg.vn\/wp-content\/uploads\/2025\/12\/154__hpa00511_tif.png",700,800,false]},"_links":{"self":[{"href":"https:\/\/trading.hhg.vn\/en\/wp-json\/wp\/v2\/product\/123703","targetHints":{"allow":["GET"]}}],"collection":[{"href":"https:\/\/trading.hhg.vn\/en\/wp-json\/wp\/v2\/product"}],"about":[{"href":"https:\/\/trading.hhg.vn\/en\/wp-json\/wp\/v2\/types\/product"}],"replies":[{"embeddable":true,"href":"https:\/\/trading.hhg.vn\/en\/wp-json\/wp\/v2\/comments?post=123703"}],"version-history":[{"count":2,"href":"https:\/\/trading.hhg.vn\/en\/wp-json\/wp\/v2\/product\/123703\/revisions"}],"predecessor-version":[{"id":146918,"href":"https:\/\/trading.hhg.vn\/en\/wp-json\/wp\/v2\/product\/123703\/revisions\/146918"}],"wp:featuredmedia":[{"embeddable":true,"href":"https:\/\/trading.hhg.vn\/en\/wp-json\/wp\/v2\/media\/119733"}],"wp:attachment":[{"href":"https:\/\/trading.hhg.vn\/en\/wp-json\/wp\/v2\/media?parent=123703"}],"wp:term":[{"taxonomy":"product_cat","embeddable":true,"href":"https:\/\/trading.hhg.vn\/en\/wp-json\/wp\/v2\/product_cat?post=123703"},{"taxonomy":"product_tag","embeddable":true,"href":"https:\/\/trading.hhg.vn\/en\/wp-json\/wp\/v2\/product_tag?post=123703"}],"curies":[{"name":"wp","href":"https:\/\/api.w.org\/{rel}","templated":true}]}}