{"id":123831,"date":"2025-12-11T09:47:47","date_gmt":"2025-12-11T02:47:47","guid":{"rendered":"https:\/\/trading.hhg.vn\/product\/bo-ong-ket-noi-cho-bo-tron-sen-tam-dieu-nhiet-2-lo-gan-vanh\/"},"modified":"2025-12-20T16:06:50","modified_gmt":"2025-12-20T09:06:50","slug":"bo-ong-ket-noi-cho-bo-tron-sen-tam-dieu-nhiet-2-lo-gan-vanh","status":"publish","type":"product","link":"https:\/\/trading.hhg.vn\/en\/s\u1ea3n-ph\u1ea9m\/bo-ong-ket-noi-cho-bo-tron-sen-tam-dieu-nhiet-2-lo-gan-vanh\/","title":{"rendered":"B\u1ed9 \u1ed1ng k\u1ebft n\u1ed1i cho b\u1ed9 tr\u1ed9n sen t\u1eafm \u0111i\u1ec1u nhi\u1ec7t 2 l\u1ed7 g\u1eafn v\u00e0nh"},"content":{"rendered":"","protected":false},"excerpt":{"rendered":"<p>Ho\u00e0n thi\u1ec7n kh\u00f4ng gian t\u1eafm \u0111\u1eb3ng c\u1ea5p, b\u1ed9 \u1ed1ng k\u1ebft n\u1ed1i n\u00e0y l\u00e0 s\u1ef1 k\u1ebft h\u1ee3p ho\u00e0n h\u1ea3o gi\u1eefa thi\u1ebft k\u1ebf tinh x\u1ea3o v\u00e0 c\u00f4ng n\u0103ng v\u01b0\u1ee3t tr\u1ed9i. T\u1eebng \u0111\u01b0\u1eddng n\u00e9t \u0111\u01b0\u1ee3c t\u00ednh to\u00e1n t\u1ec9 m\u1ec9, mang \u0111\u1ebfn v\u1ebb \u0111\u1eb9p hi\u1ec7n \u0111\u1ea1i v\u00e0 sang tr\u1ecdng, \u0111\u1ed3ng \u0111i\u1ec7u c\u00f9ng b\u1ed9 tr\u1ed9n sen t\u1eafm \u0111i\u1ec1u nhi\u1ec7t. Tr\u1ea3i nghi\u1ec7m s\u1eed d\u1ee5ng m\u01b0\u1ee3t m\u00e0, d\u1ec5 d\u00e0ng l\u1eafp \u0111\u1eb7t, \u0111\u1ea3m b\u1ea3o s\u1ef1 \u1ed5n \u0111\u1ecbnh v\u00e0 hi\u1ec7u qu\u1ea3 t\u1ed1i \u01b0u, n\u00e2ng t\u1ea7m tr\u1ea3i nghi\u1ec7m th\u01b0 gi\u00e3n c\u1ee7a b\u1ea1n l\u00ean m\u1ed9t t\u1ea7m cao m\u1edbi. \u0110\u00e2y kh\u00f4ng ch\u1ec9 l\u00e0 m\u1ed9t ph\u1ee5 ki\u1ec7n, m\u00e0 l\u00e0 tuy\u00ean ng\u00f4n v\u1ec1 phong c\u00e1ch s\u1ed1ng tinh t\u1ebf.<\/p>\n","protected":false},"featured_media":123181,"comment_status":"open","ping_status":"closed","template":"","meta":{"_acf_changed":false},"product_cat":[887],"product_tag":[],"class_list":{"0":"post-123831","1":"product","2":"type-product","3":"status-publish","4":"has-post-thumbnail","6":"product_cat-phu-kien-di-kem","8":"first","9":"instock","10":"shipping-taxable","11":"purchasable","12":"product-type-simple"},"acf":[],"featured_media_urls":{"thumbnail":["https:\/\/trading.hhg.vn\/wp-content\/uploads\/2025\/12\/154__hpa00001_tif-150x150.png",150,150,true],"medium":["https:\/\/trading.hhg.vn\/wp-content\/uploads\/2025\/12\/154__hpa00001_tif-262x300.png",262,300,true],"medium_large":["https:\/\/trading.hhg.vn\/wp-content\/uploads\/2025\/12\/154__hpa00001_tif-768x878.png",768,878,true],"large":["https:\/\/trading.hhg.vn\/wp-content\/uploads\/2025\/12\/154__hpa00001_tif-896x1024.png",896,1024,true],"1536x1536":["https:\/\/trading.hhg.vn\/wp-content\/uploads\/2025\/12\/154__hpa00001_tif-1344x1536.png",1344,1536,true],"2048x2048":["https:\/\/trading.hhg.vn\/wp-content\/uploads\/2025\/12\/154__hpa00001_tif.png",1594,1822,false],"woocommerce_thumbnail":["https:\/\/trading.hhg.vn\/wp-content\/uploads\/2025\/12\/154__hpa00001_tif-600x600.png",600,600,true],"woocommerce_single":["https:\/\/trading.hhg.vn\/wp-content\/uploads\/2025\/12\/154__hpa00001_tif-1200x1372.png",1200,1372,true],"woocommerce_gallery_thumbnail":["https:\/\/trading.hhg.vn\/wp-content\/uploads\/2025\/12\/154__hpa00001_tif-150x171.png",150,171,true],"portfolio_item-thumbnail":["https:\/\/trading.hhg.vn\/wp-content\/uploads\/2025\/12\/154__hpa00001_tif.png",350,400,false],"portfolio_item-thumbnail@2x":["https:\/\/trading.hhg.vn\/wp-content\/uploads\/2025\/12\/154__hpa00001_tif.png",700,800,false],"portfolio_item-masonry":["https:\/\/trading.hhg.vn\/wp-content\/uploads\/2025\/12\/154__hpa00001_tif.png",600,686,false],"portfolio_item-masonry@2x":["https:\/\/trading.hhg.vn\/wp-content\/uploads\/2025\/12\/154__hpa00001_tif.png",1200,1372,false],"portfolio_item-thumbnail_cinema":["https:\/\/trading.hhg.vn\/wp-content\/uploads\/2025\/12\/154__hpa00001_tif.png",293,335,false],"portfolio_item-thumbnail_portrait":["https:\/\/trading.hhg.vn\/wp-content\/uploads\/2025\/12\/154__hpa00001_tif.png",600,686,false],"portfolio_item-thumbnail_portrait@2x":["https:\/\/trading.hhg.vn\/wp-content\/uploads\/2025\/12\/154__hpa00001_tif.png",1200,1372,false],"portfolio_item-thumbnail_square":["https:\/\/trading.hhg.vn\/wp-content\/uploads\/2025\/12\/154__hpa00001_tif.png",700,800,false]},"_links":{"self":[{"href":"https:\/\/trading.hhg.vn\/en\/wp-json\/wp\/v2\/product\/123831","targetHints":{"allow":["GET"]}}],"collection":[{"href":"https:\/\/trading.hhg.vn\/en\/wp-json\/wp\/v2\/product"}],"about":[{"href":"https:\/\/trading.hhg.vn\/en\/wp-json\/wp\/v2\/types\/product"}],"replies":[{"embeddable":true,"href":"https:\/\/trading.hhg.vn\/en\/wp-json\/wp\/v2\/comments?post=123831"}],"version-history":[{"count":0,"href":"https:\/\/trading.hhg.vn\/en\/wp-json\/wp\/v2\/product\/123831\/revisions"}],"wp:featuredmedia":[{"embeddable":true,"href":"https:\/\/trading.hhg.vn\/en\/wp-json\/wp\/v2\/media\/123181"}],"wp:attachment":[{"href":"https:\/\/trading.hhg.vn\/en\/wp-json\/wp\/v2\/media?parent=123831"}],"wp:term":[{"taxonomy":"product_cat","embeddable":true,"href":"https:\/\/trading.hhg.vn\/en\/wp-json\/wp\/v2\/product_cat?post=123831"},{"taxonomy":"product_tag","embeddable":true,"href":"https:\/\/trading.hhg.vn\/en\/wp-json\/wp\/v2\/product_tag?post=123831"}],"curies":[{"name":"wp","href":"https:\/\/api.w.org\/{rel}","templated":true}]}}