{"id":124052,"date":"2025-12-11T10:30:49","date_gmt":"2025-12-11T03:30:49","guid":{"rendered":"https:\/\/trading.hhg.vn\/product\/tam-chan-nuoc-cho-bo-tron-am-san-phong-tam\/"},"modified":"2025-12-20T16:06:50","modified_gmt":"2025-12-20T09:06:50","slug":"tam-chan-nuoc-cho-bo-tron-am-san-phong-tam","status":"publish","type":"product","link":"https:\/\/trading.hhg.vn\/en\/s\u1ea3n-ph\u1ea9m\/tam-chan-nuoc-cho-bo-tron-am-san-phong-tam\/","title":{"rendered":"T\u1ea5m ch\u1eb7n n\u01b0\u1edbc cho b\u1ed9 tr\u1ed9n \u00e2m s\u00e0n ph\u00f2ng t\u1eafm"},"content":{"rendered":"","protected":false},"excerpt":{"rendered":"<p>Kh\u00e1m ph\u00e1 s\u1ef1 tinh t\u1ebf trong t\u1eebng chi ti\u1ebft v\u1edbi t\u1ea5m ch\u1eb7n n\u01b0\u1edbc \u00e2m s\u00e0n, m\u1ed9t gi\u1ea3i ph\u00e1p ho\u00e0n h\u1ea3o cho b\u1ed9 tr\u1ed9n ph\u00f2ng t\u1eafm hi\u1ec7n \u0111\u1ea1i. Thi\u1ebft k\u1ebf t\u1ed1i gi\u1ea3n nh\u01b0ng \u0111\u1ea7y c\u00f4ng n\u0103ng, s\u1ea3n ph\u1ea9m n\u00e0y kh\u00f4ng ch\u1ec9 ng\u0103n ch\u1eb7n n\u01b0\u1edbc hi\u1ec7u qu\u1ea3 m\u00e0 c\u00f2n n\u00e2ng t\u1ea7m kh\u00f4ng gian c\u1ee7a b\u1ea1n. V\u1edbi ch\u1ea5t li\u1ec7u cao c\u1ea5p v\u00e0 ho\u00e0n thi\u1ec7n t\u1ec9 m\u1ec9, m\u1ed7i tr\u1ea3i nghi\u1ec7m s\u1eed d\u1ee5ng s\u1ebd l\u00e0 m\u1ed9t kho\u1ea3nh kh\u1eafc th\u01b0 gi\u00e3n tuy\u1ec7t \u0111\u1ed1i, n\u01a1i s\u1ef1 ti\u1ec7n nghi h\u00f2a quy\u1ec7n c\u00f9ng v\u1ebb \u0111\u1eb9p sang tr\u1ecdng, ki\u1ebfn t\u1ea1o n\u00ean chu\u1ea9n m\u1ef1c m\u1edbi cho ph\u00f2ng t\u1eafm \u0111\u1eb3ng c\u1ea5p.<\/p>\n","protected":false},"featured_media":124050,"comment_status":"open","ping_status":"closed","template":"","meta":{"_acf_changed":false},"product_cat":[887],"product_tag":[],"class_list":{"0":"post-124052","1":"product","2":"type-product","3":"status-publish","4":"has-post-thumbnail","6":"product_cat-phu-kien-di-kem","8":"first","9":"instock","10":"shipping-taxable","11":"product-type-simple"},"acf":[],"featured_media_urls":{"thumbnail":["https:\/\/trading.hhg.vn\/wp-content\/uploads\/2025\/12\/154__hpb00753_tif-150x150.png",150,150,true],"medium":["https:\/\/trading.hhg.vn\/wp-content\/uploads\/2025\/12\/154__hpb00753_tif-263x300.png",263,300,true],"medium_large":["https:\/\/trading.hhg.vn\/wp-content\/uploads\/2025\/12\/154__hpb00753_tif-768x877.png",768,877,true],"large":["https:\/\/trading.hhg.vn\/wp-content\/uploads\/2025\/12\/154__hpb00753_tif-896x1024.png",896,1024,true],"1536x1536":["https:\/\/trading.hhg.vn\/wp-content\/uploads\/2025\/12\/154__hpb00753_tif.png",1011,1155,false],"2048x2048":["https:\/\/trading.hhg.vn\/wp-content\/uploads\/2025\/12\/154__hpb00753_tif.png",1011,1155,false],"woocommerce_thumbnail":["https:\/\/trading.hhg.vn\/wp-content\/uploads\/2025\/12\/154__hpb00753_tif-600x600.png",600,600,true],"woocommerce_single":["https:\/\/trading.hhg.vn\/wp-content\/uploads\/2025\/12\/154__hpb00753_tif.png",1011,1155,false],"woocommerce_gallery_thumbnail":["https:\/\/trading.hhg.vn\/wp-content\/uploads\/2025\/12\/154__hpb00753_tif-150x171.png",150,171,true],"portfolio_item-thumbnail":["https:\/\/trading.hhg.vn\/wp-content\/uploads\/2025\/12\/154__hpb00753_tif.png",350,400,false],"portfolio_item-thumbnail@2x":["https:\/\/trading.hhg.vn\/wp-content\/uploads\/2025\/12\/154__hpb00753_tif.png",700,800,false],"portfolio_item-masonry":["https:\/\/trading.hhg.vn\/wp-content\/uploads\/2025\/12\/154__hpb00753_tif.png",600,685,false],"portfolio_item-masonry@2x":["https:\/\/trading.hhg.vn\/wp-content\/uploads\/2025\/12\/154__hpb00753_tif.png",1011,1155,false],"portfolio_item-thumbnail_cinema":["https:\/\/trading.hhg.vn\/wp-content\/uploads\/2025\/12\/154__hpb00753_tif.png",293,335,false],"portfolio_item-thumbnail_portrait":["https:\/\/trading.hhg.vn\/wp-content\/uploads\/2025\/12\/154__hpb00753_tif.png",600,685,false],"portfolio_item-thumbnail_portrait@2x":["https:\/\/trading.hhg.vn\/wp-content\/uploads\/2025\/12\/154__hpb00753_tif.png",1011,1155,false],"portfolio_item-thumbnail_square":["https:\/\/trading.hhg.vn\/wp-content\/uploads\/2025\/12\/154__hpb00753_tif.png",700,800,false]},"_links":{"self":[{"href":"https:\/\/trading.hhg.vn\/en\/wp-json\/wp\/v2\/product\/124052","targetHints":{"allow":["GET"]}}],"collection":[{"href":"https:\/\/trading.hhg.vn\/en\/wp-json\/wp\/v2\/product"}],"about":[{"href":"https:\/\/trading.hhg.vn\/en\/wp-json\/wp\/v2\/types\/product"}],"replies":[{"embeddable":true,"href":"https:\/\/trading.hhg.vn\/en\/wp-json\/wp\/v2\/comments?post=124052"}],"version-history":[{"count":0,"href":"https:\/\/trading.hhg.vn\/en\/wp-json\/wp\/v2\/product\/124052\/revisions"}],"wp:featuredmedia":[{"embeddable":true,"href":"https:\/\/trading.hhg.vn\/en\/wp-json\/wp\/v2\/media\/124050"}],"wp:attachment":[{"href":"https:\/\/trading.hhg.vn\/en\/wp-json\/wp\/v2\/media?parent=124052"}],"wp:term":[{"taxonomy":"product_cat","embeddable":true,"href":"https:\/\/trading.hhg.vn\/en\/wp-json\/wp\/v2\/product_cat?post=124052"},{"taxonomy":"product_tag","embeddable":true,"href":"https:\/\/trading.hhg.vn\/en\/wp-json\/wp\/v2\/product_tag?post=124052"}],"curies":[{"name":"wp","href":"https:\/\/api.w.org\/{rel}","templated":true}]}}