{"id":124091,"date":"2025-12-11T11:02:34","date_gmt":"2025-12-11T04:02:34","guid":{"rendered":"https:\/\/trading.hhg.vn\/?post_type=product&#038;p=124091"},"modified":"2025-12-29T22:25:58","modified_gmt":"2025-12-29T15:25:58","slug":"gia-do-sen-tay-porter-s","status":"publish","type":"product","link":"https:\/\/trading.hhg.vn\/en\/s\u1ea3n-ph\u1ea9m\/gia-do-sen-tay-porter-s\/","title":{"rendered":"Gi\u00e1 \u0111\u1ee1 sen tay Porter S"},"content":{"rendered":"","protected":false},"excerpt":{"rendered":"<p>Gi\u00e1 \u0111\u1ee1 sen tay Porter S tinh t\u1ebf n\u00e2ng t\u1ea7m kh\u00f4ng gian ph\u00f2ng t\u1eafm, mang \u0111\u1ebfn v\u1ebb \u0111\u1eb9p t\u1ed1i gi\u1ea3n c\u00f9ng c\u00f4ng n\u0103ng v\u01b0\u1ee3t tr\u1ed9i. Thi\u1ebft k\u1ebf \u0111\u01b0\u1eddng n\u00e9t m\u1ec1m m\u1ea1i, \u00f4m tr\u1ecdn th\u00e2n sen, gi\u00fap vi\u1ec7c c\u1ea7m n\u1eafm v\u00e0 \u0111i\u1ec1u ch\u1ec9nh g\u00f3c \u0111\u1ed9 tr\u1edf n\u00ean d\u1ec5 d\u00e0ng, m\u01b0\u1ee3t m\u00e0. Tr\u1ea3i nghi\u1ec7m th\u01b0 gi\u00e3n tuy\u1ec7t \u0111\u1ed1i khi m\u1ecdi thao t\u00e1c \u0111\u1ec1u nh\u1eb9 nh\u00e0ng, tho\u1ea3i m\u00e1i, cho b\u1ea1n \u0111\u1eafm ch\u00ecm trong d\u00f2ng n\u01b0\u1edbc m\u00e1t l\u00e0nh sau m\u1ed7i ng\u00e0y d\u00e0i.<\/p>\n","protected":false},"featured_media":124112,"comment_status":"open","ping_status":"closed","template":"","meta":{"_acf_changed":false},"product_cat":[887],"product_tag":[],"class_list":{"0":"post-124091","1":"product","2":"type-product","3":"status-publish","4":"has-post-thumbnail","6":"product_cat-phu-kien-di-kem","7":"pa_mau-sac-chrome","8":"pa_mau-sac-chrome-den-xuoc","9":"pa_mau-sac-den-mo","10":"pa_mau-sac-dong-xuoc","11":"pa_mau-sac-trang-mo","12":"pa_mau-sac-vang-bong","14":"first","15":"instock","16":"shipping-taxable","17":"purchasable","18":"product-type-variable"},"acf":[],"featured_media_urls":{"thumbnail":["https:\/\/trading.hhg.vn\/wp-content\/uploads\/2025\/12\/154__apb01652_tif-150x150.png",150,150,true],"medium":["https:\/\/trading.hhg.vn\/wp-content\/uploads\/2025\/12\/154__apb01652_tif-262x300.png",262,300,true],"medium_large":["https:\/\/trading.hhg.vn\/wp-content\/uploads\/2025\/12\/154__apb01652_tif.png",671,767,false],"large":["https:\/\/trading.hhg.vn\/wp-content\/uploads\/2025\/12\/154__apb01652_tif.png",671,767,false],"1536x1536":["https:\/\/trading.hhg.vn\/wp-content\/uploads\/2025\/12\/154__apb01652_tif.png",671,767,false],"2048x2048":["https:\/\/trading.hhg.vn\/wp-content\/uploads\/2025\/12\/154__apb01652_tif.png",671,767,false],"woocommerce_thumbnail":["https:\/\/trading.hhg.vn\/wp-content\/uploads\/2025\/12\/154__apb01652_tif-600x600.png",600,600,true],"woocommerce_single":["https:\/\/trading.hhg.vn\/wp-content\/uploads\/2025\/12\/154__apb01652_tif.png",671,767,false],"woocommerce_gallery_thumbnail":["https:\/\/trading.hhg.vn\/wp-content\/uploads\/2025\/12\/154__apb01652_tif-150x171.png",150,171,true],"portfolio_item-thumbnail":["https:\/\/trading.hhg.vn\/wp-content\/uploads\/2025\/12\/154__apb01652_tif.png",350,400,false],"portfolio_item-thumbnail@2x":["https:\/\/trading.hhg.vn\/wp-content\/uploads\/2025\/12\/154__apb01652_tif.png",671,767,false],"portfolio_item-masonry":["https:\/\/trading.hhg.vn\/wp-content\/uploads\/2025\/12\/154__apb01652_tif.png",600,686,false],"portfolio_item-masonry@2x":["https:\/\/trading.hhg.vn\/wp-content\/uploads\/2025\/12\/154__apb01652_tif.png",671,767,false],"portfolio_item-thumbnail_cinema":["https:\/\/trading.hhg.vn\/wp-content\/uploads\/2025\/12\/154__apb01652_tif.png",293,335,false],"portfolio_item-thumbnail_portrait":["https:\/\/trading.hhg.vn\/wp-content\/uploads\/2025\/12\/154__apb01652_tif.png",600,686,false],"portfolio_item-thumbnail_portrait@2x":["https:\/\/trading.hhg.vn\/wp-content\/uploads\/2025\/12\/154__apb01652_tif.png",671,767,false],"portfolio_item-thumbnail_square":["https:\/\/trading.hhg.vn\/wp-content\/uploads\/2025\/12\/154__apb01652_tif.png",671,767,false]},"_links":{"self":[{"href":"https:\/\/trading.hhg.vn\/en\/wp-json\/wp\/v2\/product\/124091","targetHints":{"allow":["GET"]}}],"collection":[{"href":"https:\/\/trading.hhg.vn\/en\/wp-json\/wp\/v2\/product"}],"about":[{"href":"https:\/\/trading.hhg.vn\/en\/wp-json\/wp\/v2\/types\/product"}],"replies":[{"embeddable":true,"href":"https:\/\/trading.hhg.vn\/en\/wp-json\/wp\/v2\/comments?post=124091"}],"version-history":[{"count":1,"href":"https:\/\/trading.hhg.vn\/en\/wp-json\/wp\/v2\/product\/124091\/revisions"}],"predecessor-version":[{"id":124114,"href":"https:\/\/trading.hhg.vn\/en\/wp-json\/wp\/v2\/product\/124091\/revisions\/124114"}],"wp:featuredmedia":[{"embeddable":true,"href":"https:\/\/trading.hhg.vn\/en\/wp-json\/wp\/v2\/media\/124112"}],"wp:attachment":[{"href":"https:\/\/trading.hhg.vn\/en\/wp-json\/wp\/v2\/media?parent=124091"}],"wp:term":[{"taxonomy":"product_cat","embeddable":true,"href":"https:\/\/trading.hhg.vn\/en\/wp-json\/wp\/v2\/product_cat?post=124091"},{"taxonomy":"product_tag","embeddable":true,"href":"https:\/\/trading.hhg.vn\/en\/wp-json\/wp\/v2\/product_tag?post=124091"}],"curies":[{"name":"wp","href":"https:\/\/api.w.org\/{rel}","templated":true}]}}