{"id":125926,"date":"2025-12-12T21:12:43","date_gmt":"2025-12-12T14:12:43","guid":{"rendered":"https:\/\/trading.hhg.vn\/product\/thanh-truot-sen-comfort-110-cm-phai-trai-unica\/"},"modified":"2026-05-08T17:07:34","modified_gmt":"2026-05-08T10:07:34","slug":"thanh-truot-sen-comfort-110-cm-phai-trai-unica","status":"publish","type":"product","link":"https:\/\/trading.hhg.vn\/en\/s\u1ea3n-ph\u1ea9m\/thanh-truot-sen-comfort-110-cm-phai-trai-unica\/","title":{"rendered":"Thanh tr\u01b0\u1ee3t sen Comfort 110 cm ph\u1ea3i tr\u00e1i Unica"},"content":{"rendered":"","protected":false},"excerpt":{"rendered":"<p>Thanh tr\u01b0\u1ee3t sen Comfort 110 cm tr\u00e1i ph\u1ea3i Unica bi\u1ebfn kh\u00f4ng gian t\u1eafm th\u00e0nh tr\u1ea3i nghi\u1ec7m \u0111\u1ec9nh cao c\u1ee7a s\u1ef1 th\u01b0 th\u00e1i v\u00e0 ti\u1ec7n nghi. V\u1edbi thi\u1ebft k\u1ebf tinh x\u1ea3o, ch\u1ea5t li\u1ec7u b\u1ec1n b\u1ec9 v\u00e0 c\u00f4ng ngh\u1ec7 Unica \u0111\u1ed9c quy\u1ec1n, s\u1ea3n ph\u1ea9m n\u00e0y kh\u00f4ng ch\u1ec9 l\u00e0 m\u1ed9t ph\u1ee5 ki\u1ec7n m\u00e0 c\u00f2n l\u00e0 \u0111i\u1ec3m nh\u1ea5n sang tr\u1ecdng, n\u00e2ng t\u1ea7m phong c\u00e1ch n\u1ed9i th\u1ea5t ph\u00f2ng t\u1eafm. Tr\u1ea3i nghi\u1ec7m s\u1ef1 linh ho\u1ea1t ho\u00e0n h\u1ea3o khi \u0111i\u1ec1u ch\u1ec9nh v\u1ecb tr\u00ed tay sen, mang \u0111\u1ebfn c\u1ea3m gi\u00e1c tho\u1ea3i m\u00e1i t\u1ed1i \u01b0u cho m\u1ecdi th\u00e0nh vi\u00ean trong gia \u0111\u00ecnh.<\/p>\n","protected":false},"featured_media":125924,"comment_status":"open","ping_status":"closed","template":"","meta":{"_acf_changed":false},"product_cat":[887],"product_tag":[],"class_list":{"0":"post-125926","1":"product","2":"type-product","3":"status-publish","4":"has-post-thumbnail","6":"product_cat-phu-kien-di-kem","7":"pa_mau-sac-trang","9":"first","10":"instock","11":"shipping-taxable","12":"purchasable","13":"product-type-simple"},"acf":[],"_links":{"self":[{"href":"https:\/\/trading.hhg.vn\/en\/wp-json\/wp\/v2\/product\/125926","targetHints":{"allow":["GET"]}}],"collection":[{"href":"https:\/\/trading.hhg.vn\/en\/wp-json\/wp\/v2\/product"}],"about":[{"href":"https:\/\/trading.hhg.vn\/en\/wp-json\/wp\/v2\/types\/product"}],"replies":[{"embeddable":true,"href":"https:\/\/trading.hhg.vn\/en\/wp-json\/wp\/v2\/comments?post=125926"}],"version-history":[{"count":0,"href":"https:\/\/trading.hhg.vn\/en\/wp-json\/wp\/v2\/product\/125926\/revisions"}],"wp:featuredmedia":[{"embeddable":true,"href":"https:\/\/trading.hhg.vn\/en\/wp-json\/wp\/v2\/media\/125924"}],"wp:attachment":[{"href":"https:\/\/trading.hhg.vn\/en\/wp-json\/wp\/v2\/media?parent=125926"}],"wp:term":[{"taxonomy":"product_cat","embeddable":true,"href":"https:\/\/trading.hhg.vn\/en\/wp-json\/wp\/v2\/product_cat?post=125926"},{"taxonomy":"product_tag","embeddable":true,"href":"https:\/\/trading.hhg.vn\/en\/wp-json\/wp\/v2\/product_tag?post=125926"}],"curies":[{"name":"wp","href":"https:\/\/api.w.org\/{rel}","templated":true}]}}