{"id":126455,"date":"2025-12-13T03:28:28","date_gmt":"2025-12-12T20:28:28","guid":{"rendered":"https:\/\/trading.hhg.vn\/?post_type=product&#038;p=126455"},"modified":"2025-12-29T22:27:18","modified_gmt":"2025-12-29T15:27:18","slug":"van-cap-nuoc-gan-tuong-voi-van-chong-chay-nguoc-fixfit-fine-s","status":"publish","type":"product","link":"https:\/\/trading.hhg.vn\/en\/s\u1ea3n-ph\u1ea9m\/van-cap-nuoc-gan-tuong-voi-van-chong-chay-nguoc-fixfit-fine-s\/","title":{"rendered":"Van c\u1ea5p n\u01b0\u1edbc g\u1eafn t\u01b0\u1eddng v\u1edbi van ch\u1ed1ng ch\u1ea3y ng\u01b0\u1ee3c FixFit Fine S"},"content":{"rendered":"","protected":false},"excerpt":{"rendered":"<p>FixFit Fine S kh\u00f4ng ch\u1ec9 l\u00e0 van c\u1ea5p n\u01b0\u1edbc g\u1eafn t\u01b0\u1eddng, m\u00e0 c\u00f2n l\u00e0 \u0111i\u1ec3m nh\u1ea5n tinh t\u1ebf cho kh\u00f4ng gian ph\u00f2ng t\u1eafm \u0111\u01b0\u01a1ng \u0111\u1ea1i. V\u1edbi thi\u1ebft k\u1ebf t\u1ed1i gi\u1ea3n, tinh x\u1ea3o, t\u1eebng \u0111\u01b0\u1eddng n\u00e9t \u0111\u01b0\u1ee3c chau chu\u1ed1t t\u1ec9 m\u1ec9, FixFit Fine S mang \u0111\u1ebfn v\u1ebb \u0111\u1eb9p sang tr\u1ecdng, n\u00e2ng t\u1ea7m \u0111\u1eb3ng c\u1ea5p cho m\u1ecdi kh\u00f4ng gian. C\u00f4ng ngh\u1ec7 ch\u1ed1ng ch\u1ea3y ng\u01b0\u1ee3c ti\u00ean ti\u1ebfn \u0111\u1ea3m b\u1ea3o ngu\u1ed3n n\u01b0\u1edbc lu\u00f4n tinh khi\u1ebft, an to\u00e0n tuy\u1ec7t \u0111\u1ed1i, \u0111\u1ed3ng th\u1eddi mang l\u1ea1i tr\u1ea3i nghi\u1ec7m s\u1eed d\u1ee5ng \u00eam \u00e1i, m\u01b0\u1ee3t m\u00e0. FixFit Fine S, n\u01a1i s\u1ef1 ho\u00e0n h\u1ea3o c\u1ee7a thi\u1ebft k\u1ebf v\u00e0 c\u00f4ng n\u0103ng h\u00f2a quy\u1ec7n, t\u1ea1o n\u00ean m\u1ed9t ki\u1ec7t t\u00e1c v\u01b0\u1ee3t th\u1eddi gian.<\/p>\n","protected":false},"featured_media":126484,"comment_status":"open","ping_status":"closed","template":"","meta":{"_acf_changed":false},"product_cat":[887],"product_tag":[],"class_list":{"0":"post-126455","1":"product","2":"type-product","3":"status-publish","4":"has-post-thumbnail","6":"product_cat-phu-kien-di-kem","7":"pa_mau-sac-chrome","8":"pa_mau-sac-chrome-den-xuoc","9":"pa_mau-sac-den-mo","10":"pa_mau-sac-dong-xuoc","11":"pa_mau-sac-trang-mo","12":"pa_mau-sac-vang-bong","14":"first","15":"instock","16":"shipping-taxable","17":"product-type-variable"},"acf":[],"featured_media_urls":{"thumbnail":["https:\/\/trading.hhg.vn\/wp-content\/uploads\/2025\/12\/154__hpr07392_tif-150x150.png",150,150,true],"medium":["https:\/\/trading.hhg.vn\/wp-content\/uploads\/2025\/12\/154__hpr07392_tif-263x300.png",263,300,true],"medium_large":["https:\/\/trading.hhg.vn\/wp-content\/uploads\/2025\/12\/154__hpr07392_tif-768x878.png",768,878,true],"large":["https:\/\/trading.hhg.vn\/wp-content\/uploads\/2025\/12\/154__hpr07392_tif-896x1024.png",896,1024,true],"1536x1536":["https:\/\/trading.hhg.vn\/wp-content\/uploads\/2025\/12\/154__hpr07392_tif-1344x1536.png",1344,1536,true],"2048x2048":["https:\/\/trading.hhg.vn\/wp-content\/uploads\/2025\/12\/154__hpr07392_tif-1792x2048.png",1792,2048,true],"woocommerce_thumbnail":["https:\/\/trading.hhg.vn\/wp-content\/uploads\/2025\/12\/154__hpr07392_tif-600x600.png",600,600,true],"woocommerce_single":["https:\/\/trading.hhg.vn\/wp-content\/uploads\/2025\/12\/154__hpr07392_tif-1200x1371.png",1200,1371,true],"woocommerce_gallery_thumbnail":["https:\/\/trading.hhg.vn\/wp-content\/uploads\/2025\/12\/154__hpr07392_tif-150x171.png",150,171,true],"portfolio_item-thumbnail":["https:\/\/trading.hhg.vn\/wp-content\/uploads\/2025\/12\/154__hpr07392_tif-scaled.png",350,400,false],"portfolio_item-thumbnail@2x":["https:\/\/trading.hhg.vn\/wp-content\/uploads\/2025\/12\/154__hpr07392_tif-scaled.png",700,800,false],"portfolio_item-masonry":["https:\/\/trading.hhg.vn\/wp-content\/uploads\/2025\/12\/154__hpr07392_tif-scaled.png",600,686,false],"portfolio_item-masonry@2x":["https:\/\/trading.hhg.vn\/wp-content\/uploads\/2025\/12\/154__hpr07392_tif-scaled.png",1200,1371,false],"portfolio_item-thumbnail_cinema":["https:\/\/trading.hhg.vn\/wp-content\/uploads\/2025\/12\/154__hpr07392_tif-scaled.png",293,335,false],"portfolio_item-thumbnail_portrait":["https:\/\/trading.hhg.vn\/wp-content\/uploads\/2025\/12\/154__hpr07392_tif-scaled.png",600,686,false],"portfolio_item-thumbnail_portrait@2x":["https:\/\/trading.hhg.vn\/wp-content\/uploads\/2025\/12\/154__hpr07392_tif-scaled.png",1200,1371,false],"portfolio_item-thumbnail_square":["https:\/\/trading.hhg.vn\/wp-content\/uploads\/2025\/12\/154__hpr07392_tif-scaled.png",700,800,false]},"_links":{"self":[{"href":"https:\/\/trading.hhg.vn\/en\/wp-json\/wp\/v2\/product\/126455","targetHints":{"allow":["GET"]}}],"collection":[{"href":"https:\/\/trading.hhg.vn\/en\/wp-json\/wp\/v2\/product"}],"about":[{"href":"https:\/\/trading.hhg.vn\/en\/wp-json\/wp\/v2\/types\/product"}],"replies":[{"embeddable":true,"href":"https:\/\/trading.hhg.vn\/en\/wp-json\/wp\/v2\/comments?post=126455"}],"version-history":[{"count":1,"href":"https:\/\/trading.hhg.vn\/en\/wp-json\/wp\/v2\/product\/126455\/revisions"}],"predecessor-version":[{"id":126486,"href":"https:\/\/trading.hhg.vn\/en\/wp-json\/wp\/v2\/product\/126455\/revisions\/126486"}],"wp:featuredmedia":[{"embeddable":true,"href":"https:\/\/trading.hhg.vn\/en\/wp-json\/wp\/v2\/media\/126484"}],"wp:attachment":[{"href":"https:\/\/trading.hhg.vn\/en\/wp-json\/wp\/v2\/media?parent=126455"}],"wp:term":[{"taxonomy":"product_cat","embeddable":true,"href":"https:\/\/trading.hhg.vn\/en\/wp-json\/wp\/v2\/product_cat?post=126455"},{"taxonomy":"product_tag","embeddable":true,"href":"https:\/\/trading.hhg.vn\/en\/wp-json\/wp\/v2\/product_tag?post=126455"}],"curies":[{"name":"wp","href":"https:\/\/api.w.org\/{rel}","templated":true}]}}