{"id":126908,"date":"2025-12-13T06:09:38","date_gmt":"2025-12-12T23:09:38","guid":{"rendered":"https:\/\/trading.hhg.vn\/?post_type=product&#038;p=126908"},"modified":"2025-12-30T07:08:43","modified_gmt":"2025-12-30T00:08:43","slug":"thanh-truot-sen-90-cm-kem-gia-do-sen-tay-truot-nhe-va-day-sen-isiflex-160-cm-unica-e-puro","status":"publish","type":"product","link":"https:\/\/trading.hhg.vn\/en\/s\u1ea3n-ph\u1ea9m\/thanh-truot-sen-90-cm-kem-gia-do-sen-tay-truot-nhe-va-day-sen-isiflex-160-cm-unica-e-puro\/","title":{"rendered":"Thanh tr\u01b0\u1ee3t sen 90 cm k\u00e8m gi\u00e1 \u0111\u1ee1 sen tay tr\u01b0\u1ee3t nh\u1eb9 v\u00e0 d\u00e2y sen Isiflex 160 cm Unica E Puro"},"content":{"rendered":"","protected":false},"excerpt":{"rendered":"<p>\u0110\u1eafm m\u00ecnh v\u00e0o tr\u1ea3i nghi\u1ec7m th\u01b0 th\u00e1i v\u1edbi Unica E Puro. Thanh tr\u01b0\u1ee3t sen 90cm tinh t\u1ebf, k\u1ebft h\u1ee3p gi\u00e1 \u0111\u1ee1 sen tay l\u01b0\u1edbt nh\u1eb9 nh\u00e0ng, mang \u0111\u1ebfn s\u1ef1 \u0111i\u1ec1u ch\u1ec9nh ho\u00e0n h\u1ea3o cho m\u1ecdi nhu c\u1ea7u. D\u00e2y sen Isiflex 160cm linh ho\u1ea1t \u00f4m tr\u1ecdn kh\u00f4ng gian, ki\u1ebfn t\u1ea1o d\u00f2ng ch\u1ea3y \u00eam \u00e1i, \u0111\u00e1nh th\u1ee9c m\u1ecdi gi\u00e1c quan. M\u1ed7i chi ti\u1ebft \u0111\u1ec1u \u0111\u01b0\u1ee3c ch\u0103m ch\u00fat t\u1ec9 m\u1ec9, t\u1eeb thi\u1ebft k\u1ebf t\u1ed1i gi\u1ea3n \u0111\u1ebfn c\u00f4ng n\u0103ng v\u01b0\u1ee3t tr\u1ed9i, \u0111\u1ec3 m\u1ed7i kho\u1ea3nh kh\u1eafc d\u01b0\u1edbi v\u00f2i sen l\u00e0 m\u1ed9t li\u1ec7u tr\u00ecnh th\u01b0 gi\u00e3n \u0111\u00edch th\u1ef1c, n\u00e2ng t\u1ea7m kh\u00f4ng gian ph\u00f2ng t\u1eafm c\u1ee7a b\u1ea1n th\u00e0nh m\u1ed9t \u1ed1c \u0111\u1ea3o an y\u00ean.<\/p>\n","protected":false},"featured_media":127113,"comment_status":"open","ping_status":"closed","template":"","meta":{"_acf_changed":false},"product_cat":[887],"product_tag":[],"class_list":{"0":"post-126908","1":"product","2":"type-product","3":"status-publish","4":"has-post-thumbnail","6":"product_cat-phu-kien-di-kem","7":"pa_mau-sac-chrome","8":"pa_mau-sac-den-mo","9":"pa_mau-sac-dong-xuoc","10":"pa_mau-sac-trang-mo","12":"first","13":"instock","14":"shipping-taxable","15":"purchasable","16":"product-type-variable"},"acf":[],"featured_media_urls":{"thumbnail":["https:\/\/trading.hhg.vn\/wp-content\/uploads\/2025\/12\/154__hpr06155_tif-150x150.png",150,150,true],"medium":["https:\/\/trading.hhg.vn\/wp-content\/uploads\/2025\/12\/154__hpr06155_tif-263x300.png",263,300,true],"medium_large":["https:\/\/trading.hhg.vn\/wp-content\/uploads\/2025\/12\/154__hpr06155_tif-768x878.png",768,878,true],"large":["https:\/\/trading.hhg.vn\/wp-content\/uploads\/2025\/12\/154__hpr06155_tif-896x1024.png",896,1024,true],"1536x1536":["https:\/\/trading.hhg.vn\/wp-content\/uploads\/2025\/12\/154__hpr06155_tif-1344x1536.png",1344,1536,true],"2048x2048":["https:\/\/trading.hhg.vn\/wp-content\/uploads\/2025\/12\/154__hpr06155_tif-1792x2048.png",1792,2048,true],"woocommerce_thumbnail":["https:\/\/trading.hhg.vn\/wp-content\/uploads\/2025\/12\/154__hpr06155_tif-600x600.png",600,600,true],"woocommerce_single":["https:\/\/trading.hhg.vn\/wp-content\/uploads\/2025\/12\/154__hpr06155_tif-1200x1371.png",1200,1371,true],"woocommerce_gallery_thumbnail":["https:\/\/trading.hhg.vn\/wp-content\/uploads\/2025\/12\/154__hpr06155_tif-150x171.png",150,171,true],"portfolio_item-thumbnail":["https:\/\/trading.hhg.vn\/wp-content\/uploads\/2025\/12\/154__hpr06155_tif-scaled.png",350,400,false],"portfolio_item-thumbnail@2x":["https:\/\/trading.hhg.vn\/wp-content\/uploads\/2025\/12\/154__hpr06155_tif-scaled.png",700,800,false],"portfolio_item-masonry":["https:\/\/trading.hhg.vn\/wp-content\/uploads\/2025\/12\/154__hpr06155_tif-scaled.png",600,686,false],"portfolio_item-masonry@2x":["https:\/\/trading.hhg.vn\/wp-content\/uploads\/2025\/12\/154__hpr06155_tif-scaled.png",1200,1371,false],"portfolio_item-thumbnail_cinema":["https:\/\/trading.hhg.vn\/wp-content\/uploads\/2025\/12\/154__hpr06155_tif-scaled.png",293,335,false],"portfolio_item-thumbnail_portrait":["https:\/\/trading.hhg.vn\/wp-content\/uploads\/2025\/12\/154__hpr06155_tif-scaled.png",600,686,false],"portfolio_item-thumbnail_portrait@2x":["https:\/\/trading.hhg.vn\/wp-content\/uploads\/2025\/12\/154__hpr06155_tif-scaled.png",1200,1371,false],"portfolio_item-thumbnail_square":["https:\/\/trading.hhg.vn\/wp-content\/uploads\/2025\/12\/154__hpr06155_tif-scaled.png",700,800,false]},"_links":{"self":[{"href":"https:\/\/trading.hhg.vn\/en\/wp-json\/wp\/v2\/product\/126908","targetHints":{"allow":["GET"]}}],"collection":[{"href":"https:\/\/trading.hhg.vn\/en\/wp-json\/wp\/v2\/product"}],"about":[{"href":"https:\/\/trading.hhg.vn\/en\/wp-json\/wp\/v2\/types\/product"}],"replies":[{"embeddable":true,"href":"https:\/\/trading.hhg.vn\/en\/wp-json\/wp\/v2\/comments?post=126908"}],"version-history":[{"count":1,"href":"https:\/\/trading.hhg.vn\/en\/wp-json\/wp\/v2\/product\/126908\/revisions"}],"predecessor-version":[{"id":127115,"href":"https:\/\/trading.hhg.vn\/en\/wp-json\/wp\/v2\/product\/126908\/revisions\/127115"}],"wp:featuredmedia":[{"embeddable":true,"href":"https:\/\/trading.hhg.vn\/en\/wp-json\/wp\/v2\/media\/127113"}],"wp:attachment":[{"href":"https:\/\/trading.hhg.vn\/en\/wp-json\/wp\/v2\/media?parent=126908"}],"wp:term":[{"taxonomy":"product_cat","embeddable":true,"href":"https:\/\/trading.hhg.vn\/en\/wp-json\/wp\/v2\/product_cat?post=126908"},{"taxonomy":"product_tag","embeddable":true,"href":"https:\/\/trading.hhg.vn\/en\/wp-json\/wp\/v2\/product_tag?post=126908"}],"curies":[{"name":"wp","href":"https:\/\/api.w.org\/{rel}","templated":true}]}}