{"id":127032,"date":"2025-12-13T06:20:44","date_gmt":"2025-12-12T23:20:44","guid":{"rendered":"https:\/\/trading.hhg.vn\/product\/bo-noi-nhanh\/"},"modified":"2025-12-20T16:06:47","modified_gmt":"2025-12-20T09:06:47","slug":"bo-noi-nhanh","status":"publish","type":"product","link":"https:\/\/trading.hhg.vn\/en\/s\u1ea3n-ph\u1ea9m\/bo-noi-nhanh\/","title":{"rendered":"B\u1ed9 n\u1ed1i nhanh"},"content":{"rendered":"","protected":false},"excerpt":{"rendered":"<p>B\u1ed9 n\u1ed1i nhanh n\u00e0y kh\u00f4ng ch\u1ec9 \u0111\u01a1n thu\u1ea7n l\u00e0 ph\u1ee5 ki\u1ec7n, m\u00e0 l\u00e0 m\u1ed9t tuy\u00ean ng\u00f4n v\u1ec1 s\u1ef1 tinh gi\u1ea3n v\u00e0 hi\u1ec7u qu\u1ea3. T\u1eebng \u0111\u01b0\u1eddng n\u00e9t \u0111\u01b0\u1ee3c ch\u0103m ch\u00fat t\u1ec9 m\u1ec9, t\u1ea1o n\u00ean v\u1ebb \u0111\u1eb9p thanh l\u1ecbch, h\u00f2a quy\u1ec7n ho\u00e0n h\u1ea3o v\u00e0o kh\u00f4ng gian s\u1ed1ng hi\u1ec7n \u0111\u1ea1i. V\u1edbi thao t\u00e1c k\u1ebft n\u1ed1i t\u1ee9c th\u00ec, m\u1ecdi chuy\u1ec3n \u0111\u1ed9ng tr\u1edf n\u00ean li\u1ec1n m\u1ea1ch, lo\u1ea1i b\u1ecf s\u1ef1 r\u01b0\u1eddm r\u00e0 \u0111\u1ec3 b\u1ea1n t\u1eadn h\u01b0\u1edfng tr\u1ecdn v\u1eb9n t\u1eebng kho\u1ea3nh kh\u1eafc. \u0110\u00e2y l\u00e0 s\u1ef1 n\u00e2ng t\u1ea7m tr\u1ea3i nghi\u1ec7m, n\u01a1i c\u00f4ng n\u0103ng v\u01b0\u1ee3t tr\u1ed9i song h\u00e0nh c\u00f9ng thi\u1ebft k\u1ebf \u0111\u1eb3ng c\u1ea5p, mang \u0111\u1ebfn s\u1ef1 ti\u1ec7n nghi v\u01b0\u1ee3t xa mong \u0111\u1ee3i.<\/p>\n","protected":false},"featured_media":127030,"comment_status":"open","ping_status":"closed","template":"","meta":{"_acf_changed":false},"product_cat":[887],"product_tag":[],"class_list":{"0":"post-127032","1":"product","2":"type-product","3":"status-publish","4":"has-post-thumbnail","6":"product_cat-phu-kien-di-kem","7":"pa_mau-sac-den","9":"first","10":"instock","11":"shipping-taxable","12":"purchasable","13":"product-type-simple"},"acf":[],"featured_media_urls":{"thumbnail":["https:\/\/trading.hhg.vn\/wp-content\/uploads\/2025\/12\/154__hpb00760_tif-150x150.png",150,150,true],"medium":["https:\/\/trading.hhg.vn\/wp-content\/uploads\/2025\/12\/154__hpb00760_tif-263x300.png",263,300,true],"medium_large":["https:\/\/trading.hhg.vn\/wp-content\/uploads\/2025\/12\/154__hpb00760_tif-768x878.png",768,878,true],"large":["https:\/\/trading.hhg.vn\/wp-content\/uploads\/2025\/12\/154__hpb00760_tif-896x1024.png",896,1024,true],"1536x1536":["https:\/\/trading.hhg.vn\/wp-content\/uploads\/2025\/12\/154__hpb00760_tif-1344x1536.png",1344,1536,true],"2048x2048":["https:\/\/trading.hhg.vn\/wp-content\/uploads\/2025\/12\/154__hpb00760_tif-1792x2048.png",1792,2048,true],"woocommerce_thumbnail":["https:\/\/trading.hhg.vn\/wp-content\/uploads\/2025\/12\/154__hpb00760_tif-600x600.png",600,600,true],"woocommerce_single":["https:\/\/trading.hhg.vn\/wp-content\/uploads\/2025\/12\/154__hpb00760_tif-1200x1371.png",1200,1371,true],"woocommerce_gallery_thumbnail":["https:\/\/trading.hhg.vn\/wp-content\/uploads\/2025\/12\/154__hpb00760_tif-150x171.png",150,171,true],"portfolio_item-thumbnail":["https:\/\/trading.hhg.vn\/wp-content\/uploads\/2025\/12\/154__hpb00760_tif-scaled.png",350,400,false],"portfolio_item-thumbnail@2x":["https:\/\/trading.hhg.vn\/wp-content\/uploads\/2025\/12\/154__hpb00760_tif-scaled.png",700,800,false],"portfolio_item-masonry":["https:\/\/trading.hhg.vn\/wp-content\/uploads\/2025\/12\/154__hpb00760_tif-scaled.png",600,686,false],"portfolio_item-masonry@2x":["https:\/\/trading.hhg.vn\/wp-content\/uploads\/2025\/12\/154__hpb00760_tif-scaled.png",1200,1371,false],"portfolio_item-thumbnail_cinema":["https:\/\/trading.hhg.vn\/wp-content\/uploads\/2025\/12\/154__hpb00760_tif-scaled.png",293,335,false],"portfolio_item-thumbnail_portrait":["https:\/\/trading.hhg.vn\/wp-content\/uploads\/2025\/12\/154__hpb00760_tif-scaled.png",600,686,false],"portfolio_item-thumbnail_portrait@2x":["https:\/\/trading.hhg.vn\/wp-content\/uploads\/2025\/12\/154__hpb00760_tif-scaled.png",1200,1371,false],"portfolio_item-thumbnail_square":["https:\/\/trading.hhg.vn\/wp-content\/uploads\/2025\/12\/154__hpb00760_tif-scaled.png",700,800,false]},"_links":{"self":[{"href":"https:\/\/trading.hhg.vn\/en\/wp-json\/wp\/v2\/product\/127032","targetHints":{"allow":["GET"]}}],"collection":[{"href":"https:\/\/trading.hhg.vn\/en\/wp-json\/wp\/v2\/product"}],"about":[{"href":"https:\/\/trading.hhg.vn\/en\/wp-json\/wp\/v2\/types\/product"}],"replies":[{"embeddable":true,"href":"https:\/\/trading.hhg.vn\/en\/wp-json\/wp\/v2\/comments?post=127032"}],"version-history":[{"count":0,"href":"https:\/\/trading.hhg.vn\/en\/wp-json\/wp\/v2\/product\/127032\/revisions"}],"wp:featuredmedia":[{"embeddable":true,"href":"https:\/\/trading.hhg.vn\/en\/wp-json\/wp\/v2\/media\/127030"}],"wp:attachment":[{"href":"https:\/\/trading.hhg.vn\/en\/wp-json\/wp\/v2\/media?parent=127032"}],"wp:term":[{"taxonomy":"product_cat","embeddable":true,"href":"https:\/\/trading.hhg.vn\/en\/wp-json\/wp\/v2\/product_cat?post=127032"},{"taxonomy":"product_tag","embeddable":true,"href":"https:\/\/trading.hhg.vn\/en\/wp-json\/wp\/v2\/product_tag?post=127032"}],"curies":[{"name":"wp","href":"https:\/\/api.w.org\/{rel}","templated":true}]}}