{"id":127071,"date":"2025-12-13T06:22:13","date_gmt":"2025-12-12T23:22:13","guid":{"rendered":"https:\/\/trading.hhg.vn\/product\/mat-che-117-da-cam-thach-nero-marquina-axor-myedition\/"},"modified":"2025-12-20T16:07:00","modified_gmt":"2025-12-20T09:07:00","slug":"mat-che-117-da-cam-thach-nero-marquina-axor-myedition","status":"publish","type":"product","link":"https:\/\/trading.hhg.vn\/en\/s\u1ea3n-ph\u1ea9m\/mat-che-117-da-cam-thach-nero-marquina-axor-myedition\/","title":{"rendered":"M\u1eb7t che 117 \u0111\u00e1 c\u1ea9m th\u1ea1ch Nero Marquina AXOR MyEdition"},"content":{"rendered":"","protected":false},"excerpt":{"rendered":"<p>N\u00e2ng t\u1ea7m kh\u00f4ng gian s\u1ed1ng v\u1edbi m\u1eb7t che 117 \u0111\u00e1 c\u1ea9m th\u1ea1ch Nero Marquina AXOR MyEdition \u2013 bi\u1ec3u t\u01b0\u1ee3ng c\u1ee7a s\u1ef1 tinh t\u1ebf v\u00e0 \u0111\u1eb3ng c\u1ea5p. M\u1ed7i \u0111\u01b0\u1eddng v\u00e2n \u0111\u00e1 \u0111\u1ed9c \u0111\u00e1o h\u00f2a quy\u1ec7n c\u00f9ng thi\u1ebft k\u1ebf t\u1ed1i gi\u1ea3n, t\u1ea1o n\u00ean m\u1ed9t t\u00e1c ph\u1ea9m ngh\u1ec7 thu\u1eadt v\u01b0\u1ee3t th\u1eddi gian. Tr\u1ea3i nghi\u1ec7m s\u1ef1 sang tr\u1ecdng v\u00e0 ti\u1ec7n nghi t\u1ed1i \u01b0u, n\u01a1i m\u1ed7i l\u1ea7n ch\u1ea1m l\u00e0 m\u1ed9t c\u1ea3m gi\u00e1c \u00eam \u00e1i, \u0111\u00e1nh th\u1ee9c m\u1ecdi gi\u00e1c quan. AXOR MyEdition kh\u00f4ng ch\u1ec9 l\u00e0 thi\u1ebft b\u1ecb n\u1ed9i th\u1ea5t, m\u00e0 l\u00e0 tuy\u00ean ng\u00f4n phong c\u00e1ch, kh\u1eb3ng \u0111\u1ecbnh d\u1ea5u \u1ea5n c\u00e1 nh\u00e2n trong t\u1ed5 \u1ea5m c\u1ee7a b\u1ea1n.<\/p>\n","protected":false},"featured_media":120437,"comment_status":"open","ping_status":"closed","template":"","meta":{"_acf_changed":false},"product_cat":[887],"product_tag":[],"class_list":{"0":"post-127071","1":"product","2":"type-product","3":"status-publish","4":"has-post-thumbnail","6":"product_cat-phu-kien-di-kem","7":"pa_mau-sac-marble-nero-marquina","9":"first","10":"instock","11":"shipping-taxable","12":"purchasable","13":"product-type-simple"},"acf":[],"featured_media_urls":{"thumbnail":["https:\/\/trading.hhg.vn\/wp-content\/uploads\/2025\/12\/154__apr00171_tif-150x150.png",150,150,true],"medium":["https:\/\/trading.hhg.vn\/wp-content\/uploads\/2025\/12\/154__apr00171_tif-263x300.png",263,300,true],"medium_large":["https:\/\/trading.hhg.vn\/wp-content\/uploads\/2025\/12\/154__apr00171_tif-768x878.png",768,878,true],"large":["https:\/\/trading.hhg.vn\/wp-content\/uploads\/2025\/12\/154__apr00171_tif-896x1024.png",896,1024,true],"1536x1536":["https:\/\/trading.hhg.vn\/wp-content\/uploads\/2025\/12\/154__apr00171_tif-1344x1536.png",1344,1536,true],"2048x2048":["https:\/\/trading.hhg.vn\/wp-content\/uploads\/2025\/12\/154__apr00171_tif-1792x2048.png",1792,2048,true],"woocommerce_thumbnail":["https:\/\/trading.hhg.vn\/wp-content\/uploads\/2025\/12\/154__apr00171_tif-600x600.png",600,600,true],"woocommerce_single":["https:\/\/trading.hhg.vn\/wp-content\/uploads\/2025\/12\/154__apr00171_tif-1200x1371.png",1200,1371,true],"woocommerce_gallery_thumbnail":["https:\/\/trading.hhg.vn\/wp-content\/uploads\/2025\/12\/154__apr00171_tif-150x171.png",150,171,true],"portfolio_item-thumbnail":["https:\/\/trading.hhg.vn\/wp-content\/uploads\/2025\/12\/154__apr00171_tif-scaled.png",350,400,false],"portfolio_item-thumbnail@2x":["https:\/\/trading.hhg.vn\/wp-content\/uploads\/2025\/12\/154__apr00171_tif-scaled.png",700,800,false],"portfolio_item-masonry":["https:\/\/trading.hhg.vn\/wp-content\/uploads\/2025\/12\/154__apr00171_tif-scaled.png",600,686,false],"portfolio_item-masonry@2x":["https:\/\/trading.hhg.vn\/wp-content\/uploads\/2025\/12\/154__apr00171_tif-scaled.png",1200,1371,false],"portfolio_item-thumbnail_cinema":["https:\/\/trading.hhg.vn\/wp-content\/uploads\/2025\/12\/154__apr00171_tif-scaled.png",293,335,false],"portfolio_item-thumbnail_portrait":["https:\/\/trading.hhg.vn\/wp-content\/uploads\/2025\/12\/154__apr00171_tif-scaled.png",600,686,false],"portfolio_item-thumbnail_portrait@2x":["https:\/\/trading.hhg.vn\/wp-content\/uploads\/2025\/12\/154__apr00171_tif-scaled.png",1200,1371,false],"portfolio_item-thumbnail_square":["https:\/\/trading.hhg.vn\/wp-content\/uploads\/2025\/12\/154__apr00171_tif-scaled.png",700,800,false]},"_links":{"self":[{"href":"https:\/\/trading.hhg.vn\/en\/wp-json\/wp\/v2\/product\/127071","targetHints":{"allow":["GET"]}}],"collection":[{"href":"https:\/\/trading.hhg.vn\/en\/wp-json\/wp\/v2\/product"}],"about":[{"href":"https:\/\/trading.hhg.vn\/en\/wp-json\/wp\/v2\/types\/product"}],"replies":[{"embeddable":true,"href":"https:\/\/trading.hhg.vn\/en\/wp-json\/wp\/v2\/comments?post=127071"}],"version-history":[{"count":0,"href":"https:\/\/trading.hhg.vn\/en\/wp-json\/wp\/v2\/product\/127071\/revisions"}],"wp:featuredmedia":[{"embeddable":true,"href":"https:\/\/trading.hhg.vn\/en\/wp-json\/wp\/v2\/media\/120437"}],"wp:attachment":[{"href":"https:\/\/trading.hhg.vn\/en\/wp-json\/wp\/v2\/media?parent=127071"}],"wp:term":[{"taxonomy":"product_cat","embeddable":true,"href":"https:\/\/trading.hhg.vn\/en\/wp-json\/wp\/v2\/product_cat?post=127071"},{"taxonomy":"product_tag","embeddable":true,"href":"https:\/\/trading.hhg.vn\/en\/wp-json\/wp\/v2\/product_tag?post=127071"}],"curies":[{"name":"wp","href":"https:\/\/api.w.org\/{rel}","templated":true}]}}