{"id":12839,"date":"2025-11-19T08:55:29","date_gmt":"2025-11-19T01:55:29","guid":{"rendered":"https:\/\/trading.hhg.vn\/?post_type=product&#038;p=12839"},"modified":"2026-01-28T07:44:12","modified_gmt":"2026-01-28T00:44:12","slug":"voi-chau-mot-tay-gat-70-coolstart-co-bo-xa-nhan-kim-loai-zesis-s","status":"publish","type":"product","link":"https:\/\/trading.hhg.vn\/en\/s\u1ea3n-ph\u1ea9m\/voi-chau-mot-tay-gat-70-coolstart-co-bo-xa-nhan-kim-loai-zesis-s\/","title":{"rendered":"V\u00f2i ch\u1eadu m\u1ed9t tay g\u1ea1t 70 CoolStart c\u00f3 b\u1ed9 x\u1ea3 nh\u1ea5n kim lo\u1ea1i Zesis S"},"content":{"rendered":"<p><img fetchpriority=\"high\" decoding=\"async\" class=\"alignnone wp-image-7559 aligncenter\" src=\"http:\/\/trading.hhg.vn\/wp-content\/uploads\/2025\/11\/zesis.png\" alt=\"\" width=\"606\" height=\"454\" \/>D\u00f2ng s\u1ea3n ph\u1ea9m Hansgrohe\u202fZesis l\u00e0 l\u1ef1a ch\u1ecdn ho\u00e0n h\u1ea3o d\u00e0nh cho khu v\u1ef1c b\u1ebfp hi\u1ec7n \u0111\u1ea1i, mang \u0111\u1ebfn v\u1ebb \u0111\u1eb9p t\u1ed1i gi\u1ea3n v\u00e0 c\u00f4ng n\u0103ng \u0111a d\u1ea1ng. Thi\u1ebft k\u1ebf thanh l\u1ecbch v\u1edbi hai chi\u1ec1u cao ComfortZone v\u00e0 hai ch\u1ebf \u0111\u1ed9 phun (Aerated v\u00e0 Needle) gi\u00fap vi\u1ec7c r\u1eeda, l\u00e0m s\u1ea1ch v\u00e0 thao t\u00e1c tr\u1edf n\u00ean linh ho\u1ea1t.<\/p>\n<p>Zesis c\u00f3 ba t\u00f9y ch\u1ecdn ho\u00e0n thi\u1ec7n b\u1ec1 m\u1eb7t sang tr\u1ecdng: Chrome, Matte Black v\u00e0 Stainless Steel Finish, gi\u00fap b\u1ea1n d\u1ec5 d\u00e0ng ph\u1ed1i h\u1ee3p v\u1edbi phong c\u00e1ch b\u1ebfp v\u00e0 ph\u1ea7n c\u00f2n l\u1ea1i c\u1ee7a n\u1ed9i th\u1ea5t. B\u1ed9 v\u00f2i c\u00f2n s\u1eed d\u1ee5ng c\u00f4ng ngh\u1ec7 th\u00f4ng minh nh\u01b0 EcoSmart \u0111\u1ec3 ti\u1ebft ki\u1ec7m n\u01b0\u1edbc v\u00e0 CoolStart \u0111\u1ec3 h\u1ea1n ch\u1ebf s\u1eed d\u1ee5ng n\u01b0\u1edbc n\u00f3ng kh\u00f4ng c\u1ea7n thi\u1ebft \u2014 t\u1eeb \u0111\u00f3 gi\u1ea3m chi ph\u00ed v\u00e0 th\u00e2n thi\u1ec7n v\u1edbi m\u00f4i tr\u01b0\u1eddng.<\/p>\n<p>\u0110\u01b0\u1ee3c l\u1eafp \u0111\u1eb7t nhanh ch\u00f3ng v\u00e0 d\u1ec5 d\u00e0ng, Zesis l\u00e0 s\u1ef1 k\u1ebft h\u1ee3p gi\u1eefa thi\u1ebft k\u1ebf hi\u1ec7n \u0111\u1ea1i, hi\u1ec7u n\u0103ng cao v\u00e0 gi\u00e1 tr\u1ecb s\u1eed d\u1ee5ng l\u00e2u d\u00e0i \u2014 l\u1ef1a ch\u1ecdn \u0111\u00e1ng tin c\u1eady cho kh\u00f4ng gian b\u1ebfp tinh t\u1ebf.<\/p>\n","protected":false},"excerpt":{"rendered":"<p>V\u00f2i ch\u1eadu Zesis S 70 CoolStart v\u1edbi thi\u1ebft k\u1ebf m\u1ed9t tay g\u1ea1t t\u1ed1i gi\u1ea3n, tinh t\u1ebf, mang \u0111\u1ebfn v\u1ebb \u0111\u1eb9p hi\u1ec7n \u0111\u1ea1i cho kh\u00f4ng gian ph\u00f2ng t\u1eafm. C\u00f4ng ngh\u1ec7 CoolStart \u0111\u1ed9t ph\u00e1 gi\u00fap ti\u1ebft ki\u1ec7m n\u0103ng l\u01b0\u1ee3ng, ch\u1ec9 b\u1eadt n\u01b0\u1edbc n\u00f3ng khi c\u1ea7n, cho tr\u1ea3i nghi\u1ec7m s\u1eed d\u1ee5ng th\u00f4ng minh v\u00e0 th\u00e2n thi\u1ec7n m\u00f4i tr\u01b0\u1eddng. B\u1ed9 x\u1ea3 nh\u1ea5n kim lo\u1ea1i b\u1ec1n b\u1ec9, m\u01b0\u1ee3t m\u00e0 ho\u00e0n thi\u1ec7n v\u1ebb sang tr\u1ecdng, \u0111\u1ea3m b\u1ea3o m\u1ed7i l\u1ea7n ch\u1ea1m \u0111\u1ec1u l\u00e0 m\u1ed9t kho\u1ea3nh kh\u1eafc th\u01b0 th\u00e1i, n\u00e2ng t\u1ea7m \u0111\u1eb3ng c\u1ea5p s\u1ed1ng.<\/p>\n","protected":false},"featured_media":13125,"comment_status":"open","ping_status":"closed","template":"","meta":{"_acf_changed":false},"product_cat":[883],"product_tag":[],"class_list":{"0":"post-12839","1":"product","2":"type-product","3":"status-publish","4":"has-post-thumbnail","6":"product_cat-voi-chau-2","7":"pa_mau-sac-chrome","8":"pa_mau-sac-den-mo","10":"first","11":"instock","12":"shipping-taxable","13":"product-type-variable"},"acf":[],"featured_media_urls":{"thumbnail":["https:\/\/trading.hhg.vn\/wp-content\/uploads\/2025\/11\/154__hpr07842_tif-150x150.png",150,150,true],"medium":["https:\/\/trading.hhg.vn\/wp-content\/uploads\/2025\/11\/154__hpr07842_tif-263x300.png",263,300,true],"medium_large":["https:\/\/trading.hhg.vn\/wp-content\/uploads\/2025\/11\/154__hpr07842_tif-768x878.png",768,878,true],"large":["https:\/\/trading.hhg.vn\/wp-content\/uploads\/2025\/11\/154__hpr07842_tif-896x1024.png",896,1024,true],"1536x1536":["https:\/\/trading.hhg.vn\/wp-content\/uploads\/2025\/11\/154__hpr07842_tif.png",1260,1440,false],"2048x2048":["https:\/\/trading.hhg.vn\/wp-content\/uploads\/2025\/11\/154__hpr07842_tif.png",1260,1440,false],"woocommerce_thumbnail":["https:\/\/trading.hhg.vn\/wp-content\/uploads\/2025\/11\/154__hpr07842_tif-600x600.png",600,600,true],"woocommerce_single":["https:\/\/trading.hhg.vn\/wp-content\/uploads\/2025\/11\/154__hpr07842_tif-1200x1371.png",1200,1371,true],"woocommerce_gallery_thumbnail":["https:\/\/trading.hhg.vn\/wp-content\/uploads\/2025\/11\/154__hpr07842_tif-150x171.png",150,171,true],"portfolio_item-thumbnail":["https:\/\/trading.hhg.vn\/wp-content\/uploads\/2025\/11\/154__hpr07842_tif.png",350,400,false],"portfolio_item-thumbnail@2x":["https:\/\/trading.hhg.vn\/wp-content\/uploads\/2025\/11\/154__hpr07842_tif.png",700,800,false],"portfolio_item-masonry":["https:\/\/trading.hhg.vn\/wp-content\/uploads\/2025\/11\/154__hpr07842_tif.png",600,686,false],"portfolio_item-masonry@2x":["https:\/\/trading.hhg.vn\/wp-content\/uploads\/2025\/11\/154__hpr07842_tif.png",1200,1371,false],"portfolio_item-thumbnail_cinema":["https:\/\/trading.hhg.vn\/wp-content\/uploads\/2025\/11\/154__hpr07842_tif.png",293,335,false],"portfolio_item-thumbnail_portrait":["https:\/\/trading.hhg.vn\/wp-content\/uploads\/2025\/11\/154__hpr07842_tif.png",600,686,false],"portfolio_item-thumbnail_portrait@2x":["https:\/\/trading.hhg.vn\/wp-content\/uploads\/2025\/11\/154__hpr07842_tif.png",1200,1371,false],"portfolio_item-thumbnail_square":["https:\/\/trading.hhg.vn\/wp-content\/uploads\/2025\/11\/154__hpr07842_tif.png",700,800,false]},"_links":{"self":[{"href":"https:\/\/trading.hhg.vn\/en\/wp-json\/wp\/v2\/product\/12839","targetHints":{"allow":["GET"]}}],"collection":[{"href":"https:\/\/trading.hhg.vn\/en\/wp-json\/wp\/v2\/product"}],"about":[{"href":"https:\/\/trading.hhg.vn\/en\/wp-json\/wp\/v2\/types\/product"}],"replies":[{"embeddable":true,"href":"https:\/\/trading.hhg.vn\/en\/wp-json\/wp\/v2\/comments?post=12839"}],"version-history":[{"count":2,"href":"https:\/\/trading.hhg.vn\/en\/wp-json\/wp\/v2\/product\/12839\/revisions"}],"predecessor-version":[{"id":35299,"href":"https:\/\/trading.hhg.vn\/en\/wp-json\/wp\/v2\/product\/12839\/revisions\/35299"}],"wp:featuredmedia":[{"embeddable":true,"href":"https:\/\/trading.hhg.vn\/en\/wp-json\/wp\/v2\/media\/13125"}],"wp:attachment":[{"href":"https:\/\/trading.hhg.vn\/en\/wp-json\/wp\/v2\/media?parent=12839"}],"wp:term":[{"taxonomy":"product_cat","embeddable":true,"href":"https:\/\/trading.hhg.vn\/en\/wp-json\/wp\/v2\/product_cat?post=12839"},{"taxonomy":"product_tag","embeddable":true,"href":"https:\/\/trading.hhg.vn\/en\/wp-json\/wp\/v2\/product_tag?post=12839"}],"curies":[{"name":"wp","href":"https:\/\/api.w.org\/{rel}","templated":true}]}}