{"id":129204,"date":"2025-12-13T16:36:18","date_gmt":"2025-12-13T09:36:18","guid":{"rendered":"https:\/\/trading.hhg.vn\/?post_type=product&#038;p=129204"},"modified":"2025-12-30T07:08:31","modified_gmt":"2025-12-30T00:08:31","slug":"dau-cho-gan-tuong-tron-axor-starck","status":"publish","type":"product","link":"https:\/\/trading.hhg.vn\/en\/s\u1ea3n-ph\u1ea9m\/dau-cho-gan-tuong-tron-axor-starck\/","title":{"rendered":"\u0110\u1ea7u ch\u1edd g\u1eafn t\u01b0\u1eddng tr\u00f2n AXOR Starck"},"content":{"rendered":"","protected":false},"excerpt":{"rendered":"<p>V\u1edbi thi\u1ebft k\u1ebf t\u1ed1i gi\u1ea3n h\u00ecnh tr\u00f2n ho\u00e0n m\u1ef9, \u0111\u1ea7u ch\u1edd g\u1eafn t\u01b0\u1eddng AXOR Starck kh\u00f4ng ch\u1ec9 l\u00e0 ph\u1ee5 ki\u1ec7n m\u00e0 l\u00e0 tuy\u00ean ng\u00f4n v\u1ec1 v\u1ebb \u0111\u1eb9p tinh t\u1ebf. T\u00edch h\u1ee3p ho\u00e0n h\u1ea3o v\u00e0o m\u1ecdi kh\u00f4ng gian, s\u1ea3n ph\u1ea9m mang \u0111\u1ebfn c\u00f4ng n\u0103ng v\u01b0\u1ee3t tr\u1ed9i, d\u1ec5 d\u00e0ng k\u1ebft n\u1ed1i v\u00e0 \u0111\u1ea3m b\u1ea3o d\u00f2ng ch\u1ea3y \u1ed5n \u0111\u1ecbnh. M\u1ed7i ch\u1ea1m, m\u1ed7i tr\u1ea3i nghi\u1ec7m \u0111\u1ec1u n\u00e2ng t\u1ea7m gi\u00e1c quan, m\u1edf ra kh\u00f4ng gian s\u1ed1ng \u0111\u1eb3ng c\u1ea5p v\u00e0 \u0111\u1ea7y c\u1ea3m h\u1ee9ng.<\/p>\n","protected":false},"featured_media":124058,"comment_status":"open","ping_status":"closed","template":"","meta":{"_acf_changed":false},"product_cat":[887],"product_tag":[],"class_list":{"0":"post-129204","1":"product","2":"type-product","3":"status-publish","4":"has-post-thumbnail","6":"product_cat-phu-kien-di-kem","7":"pa_mau-sac-chrome","8":"pa_mau-sac-chrome-den-xuoc","9":"pa_mau-sac-dong-thau-xuoc","10":"pa_mau-sac-dong-xuoc","11":"pa_mau-sac-niken-xuoc","12":"pa_mau-sac-chrome-den-bong","13":"pa_mau-sac-thep-khong-gi","14":"pa_mau-sac-vang-bong","15":"pa_mau-sac-vang-hong-bong","16":"pa_mau-sac-vang-hong-xuoc","17":"pa_mau-sac-vang-xuoc","19":"first","20":"instock","21":"shipping-taxable","22":"purchasable","23":"product-type-variable"},"acf":[],"featured_media_urls":{"thumbnail":["https:\/\/trading.hhg.vn\/wp-content\/uploads\/2025\/12\/154__apr06602_tif-150x150.png",150,150,true],"medium":["https:\/\/trading.hhg.vn\/wp-content\/uploads\/2025\/12\/154__apr06602_tif-263x300.png",263,300,true],"medium_large":["https:\/\/trading.hhg.vn\/wp-content\/uploads\/2025\/12\/154__apr06602_tif-768x877.png",768,877,true],"large":["https:\/\/trading.hhg.vn\/wp-content\/uploads\/2025\/12\/154__apr06602_tif-896x1024.png",896,1024,true],"1536x1536":["https:\/\/trading.hhg.vn\/wp-content\/uploads\/2025\/12\/154__apr06602_tif.png",934,1067,false],"2048x2048":["https:\/\/trading.hhg.vn\/wp-content\/uploads\/2025\/12\/154__apr06602_tif.png",934,1067,false],"woocommerce_thumbnail":["https:\/\/trading.hhg.vn\/wp-content\/uploads\/2025\/12\/154__apr06602_tif-600x600.png",600,600,true],"woocommerce_single":["https:\/\/trading.hhg.vn\/wp-content\/uploads\/2025\/12\/154__apr06602_tif.png",934,1067,false],"woocommerce_gallery_thumbnail":["https:\/\/trading.hhg.vn\/wp-content\/uploads\/2025\/12\/154__apr06602_tif-150x171.png",150,171,true],"portfolio_item-thumbnail":["https:\/\/trading.hhg.vn\/wp-content\/uploads\/2025\/12\/154__apr06602_tif.png",350,400,false],"portfolio_item-thumbnail@2x":["https:\/\/trading.hhg.vn\/wp-content\/uploads\/2025\/12\/154__apr06602_tif.png",700,800,false],"portfolio_item-masonry":["https:\/\/trading.hhg.vn\/wp-content\/uploads\/2025\/12\/154__apr06602_tif.png",600,685,false],"portfolio_item-masonry@2x":["https:\/\/trading.hhg.vn\/wp-content\/uploads\/2025\/12\/154__apr06602_tif.png",934,1067,false],"portfolio_item-thumbnail_cinema":["https:\/\/trading.hhg.vn\/wp-content\/uploads\/2025\/12\/154__apr06602_tif.png",293,335,false],"portfolio_item-thumbnail_portrait":["https:\/\/trading.hhg.vn\/wp-content\/uploads\/2025\/12\/154__apr06602_tif.png",600,685,false],"portfolio_item-thumbnail_portrait@2x":["https:\/\/trading.hhg.vn\/wp-content\/uploads\/2025\/12\/154__apr06602_tif.png",934,1067,false],"portfolio_item-thumbnail_square":["https:\/\/trading.hhg.vn\/wp-content\/uploads\/2025\/12\/154__apr06602_tif.png",700,800,false]},"_links":{"self":[{"href":"https:\/\/trading.hhg.vn\/en\/wp-json\/wp\/v2\/product\/129204","targetHints":{"allow":["GET"]}}],"collection":[{"href":"https:\/\/trading.hhg.vn\/en\/wp-json\/wp\/v2\/product"}],"about":[{"href":"https:\/\/trading.hhg.vn\/en\/wp-json\/wp\/v2\/types\/product"}],"replies":[{"embeddable":true,"href":"https:\/\/trading.hhg.vn\/en\/wp-json\/wp\/v2\/comments?post=129204"}],"version-history":[{"count":2,"href":"https:\/\/trading.hhg.vn\/en\/wp-json\/wp\/v2\/product\/129204\/revisions"}],"predecessor-version":[{"id":145758,"href":"https:\/\/trading.hhg.vn\/en\/wp-json\/wp\/v2\/product\/129204\/revisions\/145758"}],"wp:featuredmedia":[{"embeddable":true,"href":"https:\/\/trading.hhg.vn\/en\/wp-json\/wp\/v2\/media\/124058"}],"wp:attachment":[{"href":"https:\/\/trading.hhg.vn\/en\/wp-json\/wp\/v2\/media?parent=129204"}],"wp:term":[{"taxonomy":"product_cat","embeddable":true,"href":"https:\/\/trading.hhg.vn\/en\/wp-json\/wp\/v2\/product_cat?post=129204"},{"taxonomy":"product_tag","embeddable":true,"href":"https:\/\/trading.hhg.vn\/en\/wp-json\/wp\/v2\/product_tag?post=129204"}],"curies":[{"name":"wp","href":"https:\/\/api.w.org\/{rel}","templated":true}]}}