{"id":130745,"date":"2025-12-14T03:54:37","date_gmt":"2025-12-13T20:54:37","guid":{"rendered":"https:\/\/trading.hhg.vn\/product\/phu-kien-bu-chieu-cao-raindrain-spot\/"},"modified":"2025-12-20T16:06:45","modified_gmt":"2025-12-20T09:06:45","slug":"phu-kien-bu-chieu-cao-raindrain-spot","status":"publish","type":"product","link":"https:\/\/trading.hhg.vn\/en\/s\u1ea3n-ph\u1ea9m\/phu-kien-bu-chieu-cao-raindrain-spot\/","title":{"rendered":"Ph\u1ee5 ki\u1ec7n b\u00f9 chi\u1ec1u cao  RainDrain Spot"},"content":{"rendered":"","protected":false},"excerpt":{"rendered":"<p>Ph\u1ee5 ki\u1ec7n b\u00f9 chi\u1ec1u cao RainDrain Spot l\u00e0 gi\u1ea3i ph\u00e1p tinh t\u1ebf n\u00e2ng t\u1ea7m ti\u1ec7n \u00edch cho kh\u00f4ng gian s\u1ed1ng hi\u1ec7n \u0111\u1ea1i. V\u1edbi thi\u1ebft k\u1ebf t\u1ed1i gi\u1ea3n, c\u00f4ng n\u0103ng v\u01b0\u1ee3t tr\u1ed9i, s\u1ea3n ph\u1ea9m seamlessly h\u00f2a m\u00ecnh v\u00e0o m\u1ecdi ki\u1ebfn tr\u00fac, ki\u1ebfn t\u1ea1o d\u00f2ng ch\u1ea3y \u00eam \u0111\u1ec1m, tho\u00e1t n\u01b0\u1edbc hi\u1ec7u qu\u1ea3 v\u00e0 b\u1ec1n b\u1ec9. Tr\u1ea3i nghi\u1ec7m s\u1eed d\u1ee5ng \u0111\u01b0\u1ee3c t\u1ed1i \u01b0u h\u00f3a, mang \u0111\u1ebfn s\u1ef1 an t\u00e2m v\u00e0 h\u00e0i l\u00f2ng tr\u1ecdn v\u1eb9n.<\/p>\n","protected":false},"featured_media":130743,"comment_status":"open","ping_status":"closed","template":"","meta":{"_acf_changed":false},"product_cat":[887],"product_tag":[],"class_list":{"0":"post-130745","1":"product","2":"type-product","3":"status-publish","4":"has-post-thumbnail","6":"product_cat-phu-kien-di-kem","8":"first","9":"instock","10":"shipping-taxable","11":"purchasable","12":"product-type-simple"},"acf":[],"featured_media_urls":{"thumbnail":["https:\/\/trading.hhg.vn\/wp-content\/uploads\/2025\/12\/154__hpr03600_tif-150x150.png",150,150,true],"medium":["https:\/\/trading.hhg.vn\/wp-content\/uploads\/2025\/12\/154__hpr03600_tif-262x300.png",262,300,true],"medium_large":["https:\/\/trading.hhg.vn\/wp-content\/uploads\/2025\/12\/154__hpr03600_tif-768x878.png",768,878,true],"large":["https:\/\/trading.hhg.vn\/wp-content\/uploads\/2025\/12\/154__hpr03600_tif-896x1024.png",896,1024,true],"1536x1536":["https:\/\/trading.hhg.vn\/wp-content\/uploads\/2025\/12\/154__hpr03600_tif.png",984,1125,false],"2048x2048":["https:\/\/trading.hhg.vn\/wp-content\/uploads\/2025\/12\/154__hpr03600_tif.png",984,1125,false],"woocommerce_thumbnail":["https:\/\/trading.hhg.vn\/wp-content\/uploads\/2025\/12\/154__hpr03600_tif-600x600.png",600,600,true],"woocommerce_single":["https:\/\/trading.hhg.vn\/wp-content\/uploads\/2025\/12\/154__hpr03600_tif.png",984,1125,false],"woocommerce_gallery_thumbnail":["https:\/\/trading.hhg.vn\/wp-content\/uploads\/2025\/12\/154__hpr03600_tif-150x171.png",150,171,true],"portfolio_item-thumbnail":["https:\/\/trading.hhg.vn\/wp-content\/uploads\/2025\/12\/154__hpr03600_tif.png",350,400,false],"portfolio_item-thumbnail@2x":["https:\/\/trading.hhg.vn\/wp-content\/uploads\/2025\/12\/154__hpr03600_tif.png",700,800,false],"portfolio_item-masonry":["https:\/\/trading.hhg.vn\/wp-content\/uploads\/2025\/12\/154__hpr03600_tif.png",600,686,false],"portfolio_item-masonry@2x":["https:\/\/trading.hhg.vn\/wp-content\/uploads\/2025\/12\/154__hpr03600_tif.png",984,1125,false],"portfolio_item-thumbnail_cinema":["https:\/\/trading.hhg.vn\/wp-content\/uploads\/2025\/12\/154__hpr03600_tif.png",293,335,false],"portfolio_item-thumbnail_portrait":["https:\/\/trading.hhg.vn\/wp-content\/uploads\/2025\/12\/154__hpr03600_tif.png",600,686,false],"portfolio_item-thumbnail_portrait@2x":["https:\/\/trading.hhg.vn\/wp-content\/uploads\/2025\/12\/154__hpr03600_tif.png",984,1125,false],"portfolio_item-thumbnail_square":["https:\/\/trading.hhg.vn\/wp-content\/uploads\/2025\/12\/154__hpr03600_tif.png",700,800,false]},"_links":{"self":[{"href":"https:\/\/trading.hhg.vn\/en\/wp-json\/wp\/v2\/product\/130745","targetHints":{"allow":["GET"]}}],"collection":[{"href":"https:\/\/trading.hhg.vn\/en\/wp-json\/wp\/v2\/product"}],"about":[{"href":"https:\/\/trading.hhg.vn\/en\/wp-json\/wp\/v2\/types\/product"}],"replies":[{"embeddable":true,"href":"https:\/\/trading.hhg.vn\/en\/wp-json\/wp\/v2\/comments?post=130745"}],"version-history":[{"count":0,"href":"https:\/\/trading.hhg.vn\/en\/wp-json\/wp\/v2\/product\/130745\/revisions"}],"wp:featuredmedia":[{"embeddable":true,"href":"https:\/\/trading.hhg.vn\/en\/wp-json\/wp\/v2\/media\/130743"}],"wp:attachment":[{"href":"https:\/\/trading.hhg.vn\/en\/wp-json\/wp\/v2\/media?parent=130745"}],"wp:term":[{"taxonomy":"product_cat","embeddable":true,"href":"https:\/\/trading.hhg.vn\/en\/wp-json\/wp\/v2\/product_cat?post=130745"},{"taxonomy":"product_tag","embeddable":true,"href":"https:\/\/trading.hhg.vn\/en\/wp-json\/wp\/v2\/product_tag?post=130745"}],"curies":[{"name":"wp","href":"https:\/\/api.w.org\/{rel}","templated":true}]}}