{"id":133504,"date":"2025-12-16T08:16:25","date_gmt":"2025-12-16T01:16:25","guid":{"rendered":"https:\/\/trading.hhg.vn\/product\/mat-che-lap-dat-axor-citterio\/"},"modified":"2025-12-20T16:06:43","modified_gmt":"2025-12-20T09:06:43","slug":"mat-che-lap-dat-axor-citterio","status":"publish","type":"product","link":"https:\/\/trading.hhg.vn\/en\/s\u1ea3n-ph\u1ea9m\/mat-che-lap-dat-axor-citterio\/","title":{"rendered":"M\u1eb7t che l\u1eafp \u0111\u1eb7t AXOR Citterio"},"content":{"rendered":"","protected":false},"excerpt":{"rendered":"<p>N\u00e2ng t\u1ea7m kh\u00f4ng gian s\u1ed1ng v\u1edbi m\u1eb7t che l\u1eafp \u0111\u1eb7t AXOR Citterio, n\u01a1i tinh hoa thi\u1ebft k\u1ebf \u00dd h\u00f2a quy\u1ec7n c\u00f9ng c\u00f4ng n\u0103ng v\u01b0\u1ee3t tr\u1ed9i. M\u1ed7i \u0111\u01b0\u1eddng n\u00e9t \u0111\u1ec1u \u0111\u01b0\u1ee3c chau chu\u1ed1t t\u1ec9 m\u1ec9, t\u1ea1o n\u00ean v\u1ebb \u0111\u1eb9p v\u01b0\u1ee3t th\u1eddi gian, \u0111\u1eb3ng c\u1ea5p v\u00e0 \u0111\u1ea7y tinh t\u1ebf. Tr\u1ea3i nghi\u1ec7m s\u1ef1 ti\u1ec7n nghi t\u1ed1i \u01b0u, d\u1ec5 d\u00e0ng l\u1eafp \u0111\u1eb7t v\u00e0 s\u1eed d\u1ee5ng, bi\u1ebfn m\u1ed7i kho\u1ea3nh kh\u1eafc trong ph\u00f2ng t\u1eafm th\u00e0nh m\u1ed9t nghi th\u1ee9c th\u01b0 gi\u00e3n, t\u00e1i t\u1ea1o n\u0103ng l\u01b0\u1ee3ng. AXOR Citterio kh\u00f4ng ch\u1ec9 l\u00e0 s\u1ea3n ph\u1ea9m, m\u00e0 l\u00e0 tuy\u00ean ng\u00f4n phong c\u00e1ch s\u1ed1ng, n\u00e2ng cao gi\u00e1 tr\u1ecb th\u1ea9m m\u1ef9 v\u00e0 tr\u1ea3i nghi\u1ec7m c\u00e1 nh\u00e2n c\u1ee7a b\u1ea1n.<\/p>\n","protected":false},"featured_media":133502,"comment_status":"open","ping_status":"closed","template":"","meta":{"_acf_changed":false},"product_cat":[887],"product_tag":[],"class_list":{"0":"post-133504","1":"product","2":"type-product","3":"status-publish","4":"has-post-thumbnail","6":"product_cat-phu-kien-di-kem","8":"first","9":"instock","10":"shipping-taxable","11":"purchasable","12":"product-type-simple"},"acf":[],"featured_media_urls":{"thumbnail":["https:\/\/trading.hhg.vn\/wp-content\/uploads\/2025\/12\/154__hpb00873_tif-150x150.png",150,150,true],"medium":["https:\/\/trading.hhg.vn\/wp-content\/uploads\/2025\/12\/154__hpb00873_tif-263x300.png",263,300,true],"medium_large":["https:\/\/trading.hhg.vn\/wp-content\/uploads\/2025\/12\/154__hpb00873_tif-768x877.png",768,877,true],"large":["https:\/\/trading.hhg.vn\/wp-content\/uploads\/2025\/12\/154__hpb00873_tif-896x1024.png",896,1024,true],"1536x1536":["https:\/\/trading.hhg.vn\/wp-content\/uploads\/2025\/12\/154__hpb00873_tif.png",1017,1162,false],"2048x2048":["https:\/\/trading.hhg.vn\/wp-content\/uploads\/2025\/12\/154__hpb00873_tif.png",1017,1162,false],"woocommerce_thumbnail":["https:\/\/trading.hhg.vn\/wp-content\/uploads\/2025\/12\/154__hpb00873_tif-600x600.png",600,600,true],"woocommerce_single":["https:\/\/trading.hhg.vn\/wp-content\/uploads\/2025\/12\/154__hpb00873_tif.png",1017,1162,false],"woocommerce_gallery_thumbnail":["https:\/\/trading.hhg.vn\/wp-content\/uploads\/2025\/12\/154__hpb00873_tif-150x171.png",150,171,true],"portfolio_item-thumbnail":["https:\/\/trading.hhg.vn\/wp-content\/uploads\/2025\/12\/154__hpb00873_tif.png",350,400,false],"portfolio_item-thumbnail@2x":["https:\/\/trading.hhg.vn\/wp-content\/uploads\/2025\/12\/154__hpb00873_tif.png",700,800,false],"portfolio_item-masonry":["https:\/\/trading.hhg.vn\/wp-content\/uploads\/2025\/12\/154__hpb00873_tif.png",600,686,false],"portfolio_item-masonry@2x":["https:\/\/trading.hhg.vn\/wp-content\/uploads\/2025\/12\/154__hpb00873_tif.png",1017,1162,false],"portfolio_item-thumbnail_cinema":["https:\/\/trading.hhg.vn\/wp-content\/uploads\/2025\/12\/154__hpb00873_tif.png",293,335,false],"portfolio_item-thumbnail_portrait":["https:\/\/trading.hhg.vn\/wp-content\/uploads\/2025\/12\/154__hpb00873_tif.png",600,686,false],"portfolio_item-thumbnail_portrait@2x":["https:\/\/trading.hhg.vn\/wp-content\/uploads\/2025\/12\/154__hpb00873_tif.png",1017,1162,false],"portfolio_item-thumbnail_square":["https:\/\/trading.hhg.vn\/wp-content\/uploads\/2025\/12\/154__hpb00873_tif.png",700,800,false]},"_links":{"self":[{"href":"https:\/\/trading.hhg.vn\/en\/wp-json\/wp\/v2\/product\/133504","targetHints":{"allow":["GET"]}}],"collection":[{"href":"https:\/\/trading.hhg.vn\/en\/wp-json\/wp\/v2\/product"}],"about":[{"href":"https:\/\/trading.hhg.vn\/en\/wp-json\/wp\/v2\/types\/product"}],"replies":[{"embeddable":true,"href":"https:\/\/trading.hhg.vn\/en\/wp-json\/wp\/v2\/comments?post=133504"}],"version-history":[{"count":1,"href":"https:\/\/trading.hhg.vn\/en\/wp-json\/wp\/v2\/product\/133504\/revisions"}],"predecessor-version":[{"id":140826,"href":"https:\/\/trading.hhg.vn\/en\/wp-json\/wp\/v2\/product\/133504\/revisions\/140826"}],"wp:featuredmedia":[{"embeddable":true,"href":"https:\/\/trading.hhg.vn\/en\/wp-json\/wp\/v2\/media\/133502"}],"wp:attachment":[{"href":"https:\/\/trading.hhg.vn\/en\/wp-json\/wp\/v2\/media?parent=133504"}],"wp:term":[{"taxonomy":"product_cat","embeddable":true,"href":"https:\/\/trading.hhg.vn\/en\/wp-json\/wp\/v2\/product_cat?post=133504"},{"taxonomy":"product_tag","embeddable":true,"href":"https:\/\/trading.hhg.vn\/en\/wp-json\/wp\/v2\/product_tag?post=133504"}],"curies":[{"name":"wp","href":"https:\/\/api.w.org\/{rel}","templated":true}]}}