{"id":133572,"date":"2025-12-16T08:19:09","date_gmt":"2025-12-16T01:19:09","guid":{"rendered":"https:\/\/trading.hhg.vn\/?post_type=product&#038;p=133572"},"modified":"2025-12-30T07:08:30","modified_gmt":"2025-12-30T00:08:30","slug":"van-cap-nuoc-gan-tuong-co-van-mot-chieu-fixfit-fine-q","status":"publish","type":"product","link":"https:\/\/trading.hhg.vn\/en\/s\u1ea3n-ph\u1ea9m\/van-cap-nuoc-gan-tuong-co-van-mot-chieu-fixfit-fine-q\/","title":{"rendered":"Van c\u1ea5p n\u01b0\u1edbc g\u1eafn t\u01b0\u1eddng c\u00f3 van m\u1ed9t chi\u1ec1u FixFit Fine Q"},"content":{"rendered":"","protected":false},"excerpt":{"rendered":"<p>Van c\u1ea5p n\u01b0\u1edbc g\u1eafn t\u01b0\u1eddng FixFit Fine Q kh\u00f4ng ch\u1ec9 l\u00e0 ph\u1ee5 ki\u1ec7n m\u00e0 l\u00e0 tuy\u00ean ng\u00f4n v\u1ec1 tinh t\u1ebf. V\u1edbi thi\u1ebft k\u1ebf \u00e2m t\u01b0\u1eddng g\u1ecdn g\u00e0ng, s\u1ea3n ph\u1ea9m h\u00f2a m\u00ecnh ho\u00e0n h\u1ea3o v\u00e0o kh\u00f4ng gian hi\u1ec7n \u0111\u1ea1i, gi\u1ea3i ph\u00f3ng m\u1ecdi v\u01b0\u1edbng v\u00edu. Van m\u1ed9t chi\u1ec1u t\u00edch h\u1ee3p \u0111\u1ea3m b\u1ea3o d\u00f2ng ch\u1ea3y \u1ed5n \u0111\u1ecbnh, ng\u0103n ch\u1eb7n s\u1ef1 c\u1ed1 tr\u00e0n ng\u01b0\u1ee3c, mang \u0111\u1ebfn tr\u1ea3i nghi\u1ec7m s\u1eed d\u1ee5ng an to\u00e0n v\u00e0 th\u00f4ng su\u1ed1t. FixFit Fine Q l\u00e0 s\u1ef1 k\u1ebft h\u1ee3p ho\u00e0n h\u1ea3o gi\u1eefa c\u00f4ng n\u0103ng v\u01b0\u1ee3t tr\u1ed9i v\u00e0 th\u1ea9m m\u1ef9 \u0111\u1ec9nh cao, n\u00e2ng t\u1ea7m \u0111\u1eb3ng c\u1ea5p cho m\u1ecdi kh\u00f4ng gian s\u1ed1ng.<\/p>\n","protected":false},"featured_media":127984,"comment_status":"open","ping_status":"closed","template":"","meta":{"_acf_changed":false},"product_cat":[887],"product_tag":[],"class_list":{"0":"post-133572","1":"product","2":"type-product","3":"status-publish","4":"has-post-thumbnail","6":"product_cat-phu-kien-di-kem","7":"pa_mau-sac-chrome","8":"pa_mau-sac-chrome-den-xuoc","9":"pa_mau-sac-den-mo","10":"pa_mau-sac-dong-xuoc","11":"pa_mau-sac-trang-mo","12":"pa_mau-sac-vang-bong","14":"first","15":"instock","16":"shipping-taxable","17":"product-type-variable"},"acf":[],"featured_media_urls":{"thumbnail":["https:\/\/trading.hhg.vn\/wp-content\/uploads\/2025\/12\/154__hpr07408_tif-150x150.png",150,150,true],"medium":["https:\/\/trading.hhg.vn\/wp-content\/uploads\/2025\/12\/154__hpr07408_tif-263x300.png",263,300,true],"medium_large":["https:\/\/trading.hhg.vn\/wp-content\/uploads\/2025\/12\/154__hpr07408_tif-768x878.png",768,878,true],"large":["https:\/\/trading.hhg.vn\/wp-content\/uploads\/2025\/12\/154__hpr07408_tif-896x1024.png",896,1024,true],"1536x1536":["https:\/\/trading.hhg.vn\/wp-content\/uploads\/2025\/12\/154__hpr07408_tif-1344x1536.png",1344,1536,true],"2048x2048":["https:\/\/trading.hhg.vn\/wp-content\/uploads\/2025\/12\/154__hpr07408_tif-1792x2048.png",1792,2048,true],"woocommerce_thumbnail":["https:\/\/trading.hhg.vn\/wp-content\/uploads\/2025\/12\/154__hpr07408_tif-600x600.png",600,600,true],"woocommerce_single":["https:\/\/trading.hhg.vn\/wp-content\/uploads\/2025\/12\/154__hpr07408_tif-1200x1371.png",1200,1371,true],"woocommerce_gallery_thumbnail":["https:\/\/trading.hhg.vn\/wp-content\/uploads\/2025\/12\/154__hpr07408_tif-150x171.png",150,171,true],"portfolio_item-thumbnail":["https:\/\/trading.hhg.vn\/wp-content\/uploads\/2025\/12\/154__hpr07408_tif-scaled.png",350,400,false],"portfolio_item-thumbnail@2x":["https:\/\/trading.hhg.vn\/wp-content\/uploads\/2025\/12\/154__hpr07408_tif-scaled.png",700,800,false],"portfolio_item-masonry":["https:\/\/trading.hhg.vn\/wp-content\/uploads\/2025\/12\/154__hpr07408_tif-scaled.png",600,686,false],"portfolio_item-masonry@2x":["https:\/\/trading.hhg.vn\/wp-content\/uploads\/2025\/12\/154__hpr07408_tif-scaled.png",1200,1371,false],"portfolio_item-thumbnail_cinema":["https:\/\/trading.hhg.vn\/wp-content\/uploads\/2025\/12\/154__hpr07408_tif-scaled.png",293,335,false],"portfolio_item-thumbnail_portrait":["https:\/\/trading.hhg.vn\/wp-content\/uploads\/2025\/12\/154__hpr07408_tif-scaled.png",600,686,false],"portfolio_item-thumbnail_portrait@2x":["https:\/\/trading.hhg.vn\/wp-content\/uploads\/2025\/12\/154__hpr07408_tif-scaled.png",1200,1371,false],"portfolio_item-thumbnail_square":["https:\/\/trading.hhg.vn\/wp-content\/uploads\/2025\/12\/154__hpr07408_tif-scaled.png",700,800,false]},"_links":{"self":[{"href":"https:\/\/trading.hhg.vn\/en\/wp-json\/wp\/v2\/product\/133572","targetHints":{"allow":["GET"]}}],"collection":[{"href":"https:\/\/trading.hhg.vn\/en\/wp-json\/wp\/v2\/product"}],"about":[{"href":"https:\/\/trading.hhg.vn\/en\/wp-json\/wp\/v2\/types\/product"}],"replies":[{"embeddable":true,"href":"https:\/\/trading.hhg.vn\/en\/wp-json\/wp\/v2\/comments?post=133572"}],"version-history":[{"count":1,"href":"https:\/\/trading.hhg.vn\/en\/wp-json\/wp\/v2\/product\/133572\/revisions"}],"predecessor-version":[{"id":133757,"href":"https:\/\/trading.hhg.vn\/en\/wp-json\/wp\/v2\/product\/133572\/revisions\/133757"}],"wp:featuredmedia":[{"embeddable":true,"href":"https:\/\/trading.hhg.vn\/en\/wp-json\/wp\/v2\/media\/127984"}],"wp:attachment":[{"href":"https:\/\/trading.hhg.vn\/en\/wp-json\/wp\/v2\/media?parent=133572"}],"wp:term":[{"taxonomy":"product_cat","embeddable":true,"href":"https:\/\/trading.hhg.vn\/en\/wp-json\/wp\/v2\/product_cat?post=133572"},{"taxonomy":"product_tag","embeddable":true,"href":"https:\/\/trading.hhg.vn\/en\/wp-json\/wp\/v2\/product_tag?post=133572"}],"curies":[{"name":"wp","href":"https:\/\/api.w.org\/{rel}","templated":true}]}}