{"id":133937,"date":"2025-12-16T08:34:59","date_gmt":"2025-12-16T01:34:59","guid":{"rendered":"https:\/\/trading.hhg.vn\/?post_type=product&#038;p=133937"},"modified":"2026-05-08T17:07:59","modified_gmt":"2026-05-08T10:07:59","slug":"thanh-truot-sen-e-90-cm-kem-day-sen-isiflex-160-cm-unica","status":"publish","type":"product","link":"https:\/\/trading.hhg.vn\/en\/s\u1ea3n-ph\u1ea9m\/thanh-truot-sen-e-90-cm-kem-day-sen-isiflex-160-cm-unica\/","title":{"rendered":"Thanh tr\u01b0\u1ee3t sen E 90 cm k\u00e8m d\u00e2y sen Isiflex 160 cm Unica"},"content":{"rendered":"","protected":false},"excerpt":{"rendered":"<p>Thanh tr\u01b0\u1ee3t sen E 90cm Unica l\u00e0 bi\u1ec3u t\u01b0\u1ee3ng c\u1ee7a tinh hoa thi\u1ebft k\u1ebf, k\u1ebft h\u1ee3p ho\u00e0n h\u1ea3o gi\u1eefa v\u1ebb \u0111\u1eb9p t\u1ed1i gi\u1ea3n v\u00e0 c\u00f4ng n\u0103ng v\u01b0\u1ee3t tr\u1ed9i. V\u1edbi ch\u1ea5t li\u1ec7u cao c\u1ea5p v\u00e0 ho\u00e0n thi\u1ec7n tinh x\u1ea3o, m\u1ed7i \u0111\u01b0\u1eddng n\u00e9t \u0111\u1ec1u to\u00e1t l\u00ean s\u1ef1 sang tr\u1ecdng, n\u00e2ng t\u1ea7m kh\u00f4ng gian ph\u00f2ng t\u1eafm. C\u00f9ng d\u00e2y sen Isiflex 160cm linh ho\u1ea1t, b\u1ea1n s\u1ebd t\u1eadn h\u01b0\u1edfng tr\u1ea3i nghi\u1ec7m th\u01b0 gi\u00e3n \u0111\u00edch th\u1ef1c, d\u1ec5 d\u00e0ng \u0111i\u1ec1u ch\u1ec9nh \u0111\u1ed9 cao v\u00e0 g\u00f3c phun, mang \u0111\u1ebfn s\u1ef1 tho\u1ea3i m\u00e1i t\u1ed1i \u0111a cho m\u1ecdi th\u00e0nh vi\u00ean trong gia \u0111\u00ecnh. Unica kh\u00f4ng ch\u1ec9 l\u00e0 thi\u1ebft b\u1ecb n\u1ed9i th\u1ea5t, m\u00e0 l\u00e0 tuy\u00ean ng\u00f4n v\u1ec1 phong c\u00e1ch s\u1ed1ng tinh t\u1ebf v\u00e0 ti\u1ec7n nghi \u0111\u1ec9nh cao.<\/p>\n","protected":false},"featured_media":133944,"comment_status":"open","ping_status":"closed","template":"","meta":{"_acf_changed":false},"product_cat":[887],"product_tag":[],"class_list":{"0":"post-133937","1":"product","2":"type-product","3":"status-publish","4":"has-post-thumbnail","6":"product_cat-phu-kien-di-kem","7":"pa_mau-sac-chrome","8":"pa_mau-sac-trang","10":"first","11":"instock","12":"shipping-taxable","13":"purchasable","14":"product-type-variable"},"acf":[],"_links":{"self":[{"href":"https:\/\/trading.hhg.vn\/en\/wp-json\/wp\/v2\/product\/133937","targetHints":{"allow":["GET"]}}],"collection":[{"href":"https:\/\/trading.hhg.vn\/en\/wp-json\/wp\/v2\/product"}],"about":[{"href":"https:\/\/trading.hhg.vn\/en\/wp-json\/wp\/v2\/types\/product"}],"replies":[{"embeddable":true,"href":"https:\/\/trading.hhg.vn\/en\/wp-json\/wp\/v2\/comments?post=133937"}],"version-history":[{"count":1,"href":"https:\/\/trading.hhg.vn\/en\/wp-json\/wp\/v2\/product\/133937\/revisions"}],"predecessor-version":[{"id":133946,"href":"https:\/\/trading.hhg.vn\/en\/wp-json\/wp\/v2\/product\/133937\/revisions\/133946"}],"wp:featuredmedia":[{"embeddable":true,"href":"https:\/\/trading.hhg.vn\/en\/wp-json\/wp\/v2\/media\/133944"}],"wp:attachment":[{"href":"https:\/\/trading.hhg.vn\/en\/wp-json\/wp\/v2\/media?parent=133937"}],"wp:term":[{"taxonomy":"product_cat","embeddable":true,"href":"https:\/\/trading.hhg.vn\/en\/wp-json\/wp\/v2\/product_cat?post=133937"},{"taxonomy":"product_tag","embeddable":true,"href":"https:\/\/trading.hhg.vn\/en\/wp-json\/wp\/v2\/product_tag?post=133937"}],"curies":[{"name":"wp","href":"https:\/\/api.w.org\/{rel}","templated":true}]}}