{"id":133943,"date":"2025-12-16T08:35:12","date_gmt":"2025-12-16T01:35:12","guid":{"rendered":"https:\/\/trading.hhg.vn\/product\/mat-bich-gan-tuong-hansgrohe\/"},"modified":"2025-12-20T16:06:35","modified_gmt":"2025-12-20T09:06:35","slug":"mat-bich-gan-tuong-hansgrohe","status":"publish","type":"product","link":"https:\/\/trading.hhg.vn\/en\/s\u1ea3n-ph\u1ea9m\/mat-bich-gan-tuong-hansgrohe\/","title":{"rendered":"M\u1eb7t b\u00edch g\u1eafn t\u01b0\u1eddng hansgrohe"},"content":{"rendered":"","protected":false},"excerpt":{"rendered":"<p>M\u1eb7t b\u00edch g\u1eafn t\u01b0\u1eddng Hansgrohe kh\u00f4ng ch\u1ec9 l\u00e0 m\u1ed9t ph\u1ee5 ki\u1ec7n, m\u00e0 l\u00e0 tuy\u00ean ng\u00f4n tinh t\u1ebf cho kh\u00f4ng gian ph\u00f2ng t\u1eafm hi\u1ec7n \u0111\u1ea1i. V\u1edbi thi\u1ebft k\u1ebf t\u1ed1i gi\u1ea3n, \u0111\u01b0\u1eddng n\u00e9t thanh l\u1ecbch v\u00e0 v\u1eadt li\u1ec7u cao c\u1ea5p, s\u1ea3n ph\u1ea9m n\u00e0y h\u00f2a quy\u1ec7n ho\u00e0n h\u1ea3o v\u00e0o ki\u1ebfn tr\u00fac, t\u1ea1o n\u00ean m\u1ed9t t\u1ed5ng th\u1ec3 li\u1ec1n m\u1ea1ch v\u00e0 sang tr\u1ecdng. C\u00f4ng n\u0103ng v\u01b0\u1ee3t tr\u1ed9i c\u1ee7a Hansgrohe \u0111\u01b0\u1ee3c th\u1ec3 hi\u1ec7n qua s\u1ef1 \u1ed5n \u0111\u1ecbnh v\u00e0 b\u1ec1n b\u1ec9, \u0111\u1ea3m b\u1ea3o t\u1eebng tr\u1ea3i nghi\u1ec7m s\u1eed d\u1ee5ng \u0111\u1ec1u m\u01b0\u1ee3t m\u00e0 v\u00e0 an t\u00e2m. \u0110\u00e2y kh\u00f4ng ch\u1ec9 l\u00e0 \u0111i\u1ec3m t\u1ef1a v\u1eefng ch\u1eafc cho c\u00e1c thi\u1ebft b\u1ecb, m\u00e0 c\u00f2n l\u00e0 n\u00e9t ch\u1ea5m ph\u00e1 kh\u1eb3ng \u0111\u1ecbnh gu th\u1ea9m m\u1ef9 tinh t\u1ebf c\u1ee7a gia ch\u1ee7.<\/p>\n","protected":false},"featured_media":133941,"comment_status":"open","ping_status":"closed","template":"","meta":{"_acf_changed":false},"product_cat":[887],"product_tag":[],"class_list":{"0":"post-133943","1":"product","2":"type-product","3":"status-publish","4":"has-post-thumbnail","6":"product_cat-phu-kien-di-kem","7":"pa_mau-sac-chrome","9":"first","10":"instock","11":"shipping-taxable","12":"product-type-simple"},"acf":[],"featured_media_urls":{"thumbnail":["https:\/\/trading.hhg.vn\/wp-content\/uploads\/2025\/12\/154__hpb01188_tif-150x150.png",150,150,true],"medium":["https:\/\/trading.hhg.vn\/wp-content\/uploads\/2025\/12\/154__hpb01188_tif-263x300.png",263,300,true],"medium_large":["https:\/\/trading.hhg.vn\/wp-content\/uploads\/2025\/12\/154__hpb01188_tif-768x878.png",768,878,true],"large":["https:\/\/trading.hhg.vn\/wp-content\/uploads\/2025\/12\/154__hpb01188_tif-896x1024.png",896,1024,true],"1536x1536":["https:\/\/trading.hhg.vn\/wp-content\/uploads\/2025\/12\/154__hpb01188_tif.png",987,1128,false],"2048x2048":["https:\/\/trading.hhg.vn\/wp-content\/uploads\/2025\/12\/154__hpb01188_tif.png",987,1128,false],"woocommerce_thumbnail":["https:\/\/trading.hhg.vn\/wp-content\/uploads\/2025\/12\/154__hpb01188_tif-600x600.png",600,600,true],"woocommerce_single":["https:\/\/trading.hhg.vn\/wp-content\/uploads\/2025\/12\/154__hpb01188_tif.png",987,1128,false],"woocommerce_gallery_thumbnail":["https:\/\/trading.hhg.vn\/wp-content\/uploads\/2025\/12\/154__hpb01188_tif-150x171.png",150,171,true],"portfolio_item-thumbnail":["https:\/\/trading.hhg.vn\/wp-content\/uploads\/2025\/12\/154__hpb01188_tif.png",350,400,false],"portfolio_item-thumbnail@2x":["https:\/\/trading.hhg.vn\/wp-content\/uploads\/2025\/12\/154__hpb01188_tif.png",700,800,false],"portfolio_item-masonry":["https:\/\/trading.hhg.vn\/wp-content\/uploads\/2025\/12\/154__hpb01188_tif.png",600,686,false],"portfolio_item-masonry@2x":["https:\/\/trading.hhg.vn\/wp-content\/uploads\/2025\/12\/154__hpb01188_tif.png",987,1128,false],"portfolio_item-thumbnail_cinema":["https:\/\/trading.hhg.vn\/wp-content\/uploads\/2025\/12\/154__hpb01188_tif.png",293,335,false],"portfolio_item-thumbnail_portrait":["https:\/\/trading.hhg.vn\/wp-content\/uploads\/2025\/12\/154__hpb01188_tif.png",600,686,false],"portfolio_item-thumbnail_portrait@2x":["https:\/\/trading.hhg.vn\/wp-content\/uploads\/2025\/12\/154__hpb01188_tif.png",987,1128,false],"portfolio_item-thumbnail_square":["https:\/\/trading.hhg.vn\/wp-content\/uploads\/2025\/12\/154__hpb01188_tif.png",700,800,false]},"_links":{"self":[{"href":"https:\/\/trading.hhg.vn\/en\/wp-json\/wp\/v2\/product\/133943","targetHints":{"allow":["GET"]}}],"collection":[{"href":"https:\/\/trading.hhg.vn\/en\/wp-json\/wp\/v2\/product"}],"about":[{"href":"https:\/\/trading.hhg.vn\/en\/wp-json\/wp\/v2\/types\/product"}],"replies":[{"embeddable":true,"href":"https:\/\/trading.hhg.vn\/en\/wp-json\/wp\/v2\/comments?post=133943"}],"version-history":[{"count":1,"href":"https:\/\/trading.hhg.vn\/en\/wp-json\/wp\/v2\/product\/133943\/revisions"}],"predecessor-version":[{"id":140824,"href":"https:\/\/trading.hhg.vn\/en\/wp-json\/wp\/v2\/product\/133943\/revisions\/140824"}],"wp:featuredmedia":[{"embeddable":true,"href":"https:\/\/trading.hhg.vn\/en\/wp-json\/wp\/v2\/media\/133941"}],"wp:attachment":[{"href":"https:\/\/trading.hhg.vn\/en\/wp-json\/wp\/v2\/media?parent=133943"}],"wp:term":[{"taxonomy":"product_cat","embeddable":true,"href":"https:\/\/trading.hhg.vn\/en\/wp-json\/wp\/v2\/product_cat?post=133943"},{"taxonomy":"product_tag","embeddable":true,"href":"https:\/\/trading.hhg.vn\/en\/wp-json\/wp\/v2\/product_tag?post=133943"}],"curies":[{"name":"wp","href":"https:\/\/api.w.org\/{rel}","templated":true}]}}