{"id":134012,"date":"2025-12-16T08:38:07","date_gmt":"2025-12-16T01:38:07","guid":{"rendered":"https:\/\/trading.hhg.vn\/?post_type=product&#038;p=134012"},"modified":"2025-12-30T07:08:37","modified_gmt":"2025-12-30T00:08:37","slug":"mat-che-200-bang-kim-loai-axor-myedition","status":"publish","type":"product","link":"https:\/\/trading.hhg.vn\/en\/s\u1ea3n-ph\u1ea9m\/mat-che-200-bang-kim-loai-axor-myedition\/","title":{"rendered":"M\u1eb7t che 200 b\u1eb1ng kim lo\u1ea1i AXOR MyEdition"},"content":{"rendered":"","protected":false},"excerpt":{"rendered":"<p>M\u1eb7t che AXOR MyEdition 200 b\u1eb1ng kim lo\u1ea1i l\u00e0 tuy\u00ean ng\u00f4n v\u1ec1 v\u1ebb \u0111\u1eb9p t\u1ed1i gi\u1ea3n v\u00e0 c\u00f4ng n\u0103ng v\u01b0\u1ee3t tr\u1ed9i. Thi\u1ebft k\u1ebf ph\u1eb3ng tuy\u1ec7t m\u1ef9, h\u00f2a quy\u1ec7n tinh t\u1ebf v\u00e0o m\u1ecdi kh\u00f4ng gian, mang \u0111\u1ebfn tr\u1ea3i nghi\u1ec7m th\u1ecb gi\u00e1c thanh l\u1ecbch v\u00e0 sang tr\u1ecdng. Ch\u1ea5t li\u1ec7u kim lo\u1ea1i cao c\u1ea5p kh\u00f4ng ch\u1ec9 \u0111\u1ea3m b\u1ea3o \u0111\u1ed9 b\u1ec1n v\u01b0\u1ee3t th\u1eddi gian m\u00e0 c\u00f2n t\u00f4n vinh \u0111\u1eb3ng c\u1ea5p, bi\u1ebfn t\u1eebng kho\u1ea3nh kh\u1eafc ch\u1ea1m v\u00e0o th\u00e0nh ni\u1ec1m vui. S\u1ef1 k\u1ebft h\u1ee3p ho\u00e0n h\u1ea3o gi\u1eefa h\u00ecnh th\u1ee9c v\u00e0 c\u00f4ng n\u0103ng, n\u00e2ng t\u1ea7m kh\u00f4ng gian ph\u00f2ng t\u1eafm c\u1ee7a b\u1ea1n l\u00ean m\u1ed9t t\u1ea7m cao m\u1edbi.<\/p>\n","protected":false},"featured_media":134015,"comment_status":"open","ping_status":"closed","template":"","meta":{"_acf_changed":false},"product_cat":[887],"product_tag":[],"class_list":{"0":"post-134012","1":"product","2":"type-product","3":"status-publish","4":"has-post-thumbnail","6":"product_cat-phu-kien-di-kem","7":"pa_mau-sac-chrome","8":"pa_mau-sac-chrome-den-xuoc","9":"pa_mau-sac-den-mo","10":"pa_mau-sac-dong-thau-xuoc","11":"pa_mau-sac-dong-xuoc","12":"pa_mau-sac-niken-xuoc","13":"pa_mau-sac-chrome-den-bong","14":"pa_mau-sac-thep-khong-gi","15":"pa_mau-sac-vang-bong","16":"pa_mau-sac-vang-hong-bong","17":"pa_mau-sac-vang-hong-xuoc","18":"pa_mau-sac-vang-xuoc","19":"pa_mau-sac-niken-bong","21":"first","22":"instock","23":"shipping-taxable","24":"purchasable","25":"product-type-variable"},"acf":[],"featured_media_urls":{"thumbnail":["https:\/\/trading.hhg.vn\/wp-content\/uploads\/2025\/12\/154__apr06441_tif-150x150.png",150,150,true],"medium":["https:\/\/trading.hhg.vn\/wp-content\/uploads\/2025\/12\/154__apr06441_tif-263x300.png",263,300,true],"medium_large":["https:\/\/trading.hhg.vn\/wp-content\/uploads\/2025\/12\/154__apr06441_tif-768x878.png",768,878,true],"large":["https:\/\/trading.hhg.vn\/wp-content\/uploads\/2025\/12\/154__apr06441_tif-896x1024.png",896,1024,true],"1536x1536":["https:\/\/trading.hhg.vn\/wp-content\/uploads\/2025\/12\/154__apr06441_tif-1344x1536.png",1344,1536,true],"2048x2048":["https:\/\/trading.hhg.vn\/wp-content\/uploads\/2025\/12\/154__apr06441_tif-1792x2048.png",1792,2048,true],"woocommerce_thumbnail":["https:\/\/trading.hhg.vn\/wp-content\/uploads\/2025\/12\/154__apr06441_tif-600x600.png",600,600,true],"woocommerce_single":["https:\/\/trading.hhg.vn\/wp-content\/uploads\/2025\/12\/154__apr06441_tif-1200x1371.png",1200,1371,true],"woocommerce_gallery_thumbnail":["https:\/\/trading.hhg.vn\/wp-content\/uploads\/2025\/12\/154__apr06441_tif-150x171.png",150,171,true],"portfolio_item-thumbnail":["https:\/\/trading.hhg.vn\/wp-content\/uploads\/2025\/12\/154__apr06441_tif-scaled.png",350,400,false],"portfolio_item-thumbnail@2x":["https:\/\/trading.hhg.vn\/wp-content\/uploads\/2025\/12\/154__apr06441_tif-scaled.png",700,800,false],"portfolio_item-masonry":["https:\/\/trading.hhg.vn\/wp-content\/uploads\/2025\/12\/154__apr06441_tif-scaled.png",600,686,false],"portfolio_item-masonry@2x":["https:\/\/trading.hhg.vn\/wp-content\/uploads\/2025\/12\/154__apr06441_tif-scaled.png",1200,1371,false],"portfolio_item-thumbnail_cinema":["https:\/\/trading.hhg.vn\/wp-content\/uploads\/2025\/12\/154__apr06441_tif-scaled.png",293,335,false],"portfolio_item-thumbnail_portrait":["https:\/\/trading.hhg.vn\/wp-content\/uploads\/2025\/12\/154__apr06441_tif-scaled.png",600,686,false],"portfolio_item-thumbnail_portrait@2x":["https:\/\/trading.hhg.vn\/wp-content\/uploads\/2025\/12\/154__apr06441_tif-scaled.png",1200,1371,false],"portfolio_item-thumbnail_square":["https:\/\/trading.hhg.vn\/wp-content\/uploads\/2025\/12\/154__apr06441_tif-scaled.png",700,800,false]},"_links":{"self":[{"href":"https:\/\/trading.hhg.vn\/en\/wp-json\/wp\/v2\/product\/134012","targetHints":{"allow":["GET"]}}],"collection":[{"href":"https:\/\/trading.hhg.vn\/en\/wp-json\/wp\/v2\/product"}],"about":[{"href":"https:\/\/trading.hhg.vn\/en\/wp-json\/wp\/v2\/types\/product"}],"replies":[{"embeddable":true,"href":"https:\/\/trading.hhg.vn\/en\/wp-json\/wp\/v2\/comments?post=134012"}],"version-history":[{"count":1,"href":"https:\/\/trading.hhg.vn\/en\/wp-json\/wp\/v2\/product\/134012\/revisions"}],"predecessor-version":[{"id":134017,"href":"https:\/\/trading.hhg.vn\/en\/wp-json\/wp\/v2\/product\/134012\/revisions\/134017"}],"wp:featuredmedia":[{"embeddable":true,"href":"https:\/\/trading.hhg.vn\/en\/wp-json\/wp\/v2\/media\/134015"}],"wp:attachment":[{"href":"https:\/\/trading.hhg.vn\/en\/wp-json\/wp\/v2\/media?parent=134012"}],"wp:term":[{"taxonomy":"product_cat","embeddable":true,"href":"https:\/\/trading.hhg.vn\/en\/wp-json\/wp\/v2\/product_cat?post=134012"},{"taxonomy":"product_tag","embeddable":true,"href":"https:\/\/trading.hhg.vn\/en\/wp-json\/wp\/v2\/product_tag?post=134012"}],"curies":[{"name":"wp","href":"https:\/\/api.w.org\/{rel}","templated":true}]}}