{"id":134114,"date":"2025-12-16T08:44:13","date_gmt":"2025-12-16T01:44:13","guid":{"rendered":"https:\/\/trading.hhg.vn\/?post_type=product&#038;p=134114"},"modified":"2025-12-20T16:06:57","modified_gmt":"2025-12-20T09:06:57","slug":"mat-che-245-bang-kinh-axor-myedition","status":"publish","type":"product","link":"https:\/\/trading.hhg.vn\/en\/s\u1ea3n-ph\u1ea9m\/mat-che-245-bang-kinh-axor-myedition\/","title":{"rendered":"M\u1eb7t che 245 b\u1eb1ng k\u00ednh AXOR MyEdition"},"content":{"rendered":"","protected":false},"excerpt":{"rendered":"<p>M\u1eb7t che 245 b\u1eb1ng k\u00ednh AXOR MyEdition l\u00e0 \u0111i\u1ec3m nh\u1ea5n tinh t\u1ebf cho kh\u00f4ng gian s\u1ed1ng hi\u1ec7n \u0111\u1ea1i. T\u1eebng \u0111\u01b0\u1eddng n\u00e9t \u0111\u01b0\u1ee3c c\u1eaft g\u1ecdt chu\u1ea9n x\u00e1c, ph\u1ea3n chi\u1ebfu \u00e1nh s\u00e1ng d\u1ecbu nh\u1eb9, t\u1ea1o n\u00ean hi\u1ec7u \u1ee9ng th\u1ecb gi\u00e1c m\u00ea ho\u1eb7c. V\u01b0\u1ee3t l\u00ean tr\u00ean m\u1ed9t thi\u1ebft b\u1ecb \u0111\u01a1n thu\u1ea7n, \u0111\u00e2y l\u00e0 t\u00e1c ph\u1ea9m ngh\u1ec7 thu\u1eadt t\u00f4 \u0111i\u1ec3m cho kh\u00f4ng gian, mang l\u1ea1i tr\u1ea3i nghi\u1ec7m ch\u1ea1m v\u00e0 nh\u00ecn \u0111\u1ed9c \u0111\u00e1o, n\u00e2ng t\u1ea7m phong c\u00e1ch s\u1ed1ng c\u1ee7a gia ch\u1ee7.<\/p>\n","protected":false},"featured_media":134061,"comment_status":"open","ping_status":"closed","template":"","meta":{"_acf_changed":false},"product_cat":[887],"product_tag":[],"class_list":{"0":"post-134114","1":"product","2":"type-product","3":"status-publish","4":"has-post-thumbnail","6":"product_cat-phu-kien-di-kem","7":"pa_mau-sac-mirror","9":"first","10":"instock","11":"shipping-taxable","12":"product-type-variable"},"acf":[],"featured_media_urls":{"thumbnail":["https:\/\/trading.hhg.vn\/wp-content\/uploads\/2025\/12\/154__apr00173_tif-150x150.png",150,150,true],"medium":["https:\/\/trading.hhg.vn\/wp-content\/uploads\/2025\/12\/154__apr00173_tif-263x300.png",263,300,true],"medium_large":["https:\/\/trading.hhg.vn\/wp-content\/uploads\/2025\/12\/154__apr00173_tif-768x878.png",768,878,true],"large":["https:\/\/trading.hhg.vn\/wp-content\/uploads\/2025\/12\/154__apr00173_tif-896x1024.png",896,1024,true],"1536x1536":["https:\/\/trading.hhg.vn\/wp-content\/uploads\/2025\/12\/154__apr00173_tif-1344x1536.png",1344,1536,true],"2048x2048":["https:\/\/trading.hhg.vn\/wp-content\/uploads\/2025\/12\/154__apr00173_tif-1792x2048.png",1792,2048,true],"woocommerce_thumbnail":["https:\/\/trading.hhg.vn\/wp-content\/uploads\/2025\/12\/154__apr00173_tif-600x600.png",600,600,true],"woocommerce_single":["https:\/\/trading.hhg.vn\/wp-content\/uploads\/2025\/12\/154__apr00173_tif-1200x1371.png",1200,1371,true],"woocommerce_gallery_thumbnail":["https:\/\/trading.hhg.vn\/wp-content\/uploads\/2025\/12\/154__apr00173_tif-150x171.png",150,171,true],"portfolio_item-thumbnail":["https:\/\/trading.hhg.vn\/wp-content\/uploads\/2025\/12\/154__apr00173_tif-scaled.png",350,400,false],"portfolio_item-thumbnail@2x":["https:\/\/trading.hhg.vn\/wp-content\/uploads\/2025\/12\/154__apr00173_tif-scaled.png",700,800,false],"portfolio_item-masonry":["https:\/\/trading.hhg.vn\/wp-content\/uploads\/2025\/12\/154__apr00173_tif-scaled.png",600,686,false],"portfolio_item-masonry@2x":["https:\/\/trading.hhg.vn\/wp-content\/uploads\/2025\/12\/154__apr00173_tif-scaled.png",1200,1371,false],"portfolio_item-thumbnail_cinema":["https:\/\/trading.hhg.vn\/wp-content\/uploads\/2025\/12\/154__apr00173_tif-scaled.png",293,335,false],"portfolio_item-thumbnail_portrait":["https:\/\/trading.hhg.vn\/wp-content\/uploads\/2025\/12\/154__apr00173_tif-scaled.png",600,686,false],"portfolio_item-thumbnail_portrait@2x":["https:\/\/trading.hhg.vn\/wp-content\/uploads\/2025\/12\/154__apr00173_tif-scaled.png",1200,1371,false],"portfolio_item-thumbnail_square":["https:\/\/trading.hhg.vn\/wp-content\/uploads\/2025\/12\/154__apr00173_tif-scaled.png",700,800,false]},"_links":{"self":[{"href":"https:\/\/trading.hhg.vn\/en\/wp-json\/wp\/v2\/product\/134114","targetHints":{"allow":["GET"]}}],"collection":[{"href":"https:\/\/trading.hhg.vn\/en\/wp-json\/wp\/v2\/product"}],"about":[{"href":"https:\/\/trading.hhg.vn\/en\/wp-json\/wp\/v2\/types\/product"}],"replies":[{"embeddable":true,"href":"https:\/\/trading.hhg.vn\/en\/wp-json\/wp\/v2\/comments?post=134114"}],"version-history":[{"count":1,"href":"https:\/\/trading.hhg.vn\/en\/wp-json\/wp\/v2\/product\/134114\/revisions"}],"predecessor-version":[{"id":134188,"href":"https:\/\/trading.hhg.vn\/en\/wp-json\/wp\/v2\/product\/134114\/revisions\/134188"}],"wp:featuredmedia":[{"embeddable":true,"href":"https:\/\/trading.hhg.vn\/en\/wp-json\/wp\/v2\/media\/134061"}],"wp:attachment":[{"href":"https:\/\/trading.hhg.vn\/en\/wp-json\/wp\/v2\/media?parent=134114"}],"wp:term":[{"taxonomy":"product_cat","embeddable":true,"href":"https:\/\/trading.hhg.vn\/en\/wp-json\/wp\/v2\/product_cat?post=134114"},{"taxonomy":"product_tag","embeddable":true,"href":"https:\/\/trading.hhg.vn\/en\/wp-json\/wp\/v2\/product_tag?post=134114"}],"curies":[{"name":"wp","href":"https:\/\/api.w.org\/{rel}","templated":true}]}}