{"id":134148,"date":"2025-12-16T08:45:24","date_gmt":"2025-12-16T01:45:24","guid":{"rendered":"https:\/\/trading.hhg.vn\/?post_type=product&#038;p=134148"},"modified":"2025-12-29T22:26:39","modified_gmt":"2025-12-29T15:26:39","slug":"day-sen-kim-loai-1-60-m","status":"publish","type":"product","link":"https:\/\/trading.hhg.vn\/en\/s\u1ea3n-ph\u1ea9m\/day-sen-kim-loai-1-60-m\/","title":{"rendered":"D\u00e2y sen kim lo\u1ea1i 1.60 m"},"content":{"rendered":"","protected":false},"excerpt":{"rendered":"<p>D\u00e2y sen kim lo\u1ea1i 1.60m c\u1ee7a ch\u00fang t\u00f4i l\u00e0 s\u1ef1 k\u1ebft h\u1ee3p ho\u00e0n h\u1ea3o gi\u1eefa v\u1ebb \u0111\u1eb9p tinh t\u1ebf v\u00e0 \u0111\u1ed9 b\u1ec1n v\u01b0\u1ee3t tr\u1ed9i. Thi\u1ebft k\u1ebf s\u00e1ng b\u00f3ng, d\u1ebbo dai gi\u00fap b\u1ea1n d\u1ec5 d\u00e0ng \u0111i\u1ec1u ch\u1ec9nh, mang l\u1ea1i tr\u1ea3i nghi\u1ec7m t\u1eafm th\u01b0 th\u00e1i v\u00e0 ti\u1ec7n nghi nh\u1ea5t. M\u1ed7i s\u1ee3i kim lo\u1ea1i \u0111\u01b0\u1ee3c \u0111an xen t\u1ec9 m\u1ec9, kh\u00f4ng ch\u1ec9 \u0111\u1ea3m b\u1ea3o c\u00f4ng n\u0103ng b\u1ec1n b\u1ec9 theo th\u1eddi gian m\u00e0 c\u00f2n t\u00f4n l\u00ean v\u1ebb sang tr\u1ecdng cho kh\u00f4ng gian ph\u00f2ng t\u1eafm, ki\u1ebfn t\u1ea1o nh\u1eefng kho\u1ea3nh kh\u1eafc th\u01b0 gi\u00e3n \u0111\u1ec9nh cao m\u1ed7i ng\u00e0y.<\/p>\n","protected":false},"featured_media":123493,"comment_status":"open","ping_status":"closed","template":"","meta":{"_acf_changed":false},"product_cat":[887],"product_tag":[],"class_list":{"0":"post-134148","1":"product","2":"type-product","3":"status-publish","4":"has-post-thumbnail","6":"product_cat-phu-kien-di-kem","7":"pa_mau-sac-chrome","8":"pa_mau-sac-chrome-den-xuoc","9":"pa_mau-sac-dong-thau-xuoc","10":"pa_mau-sac-dong-xuoc","11":"pa_mau-sac-niken-xuoc","12":"pa_mau-sac-chrome-den-bong","13":"pa_mau-sac-thep-khong-gi","14":"pa_mau-sac-vang-bong","15":"pa_mau-sac-vang-hong-bong","16":"pa_mau-sac-vang-hong-xuoc","17":"pa_mau-sac-vang-xuoc","18":"pa_mau-sac-niken-bong","20":"first","21":"instock","22":"shipping-taxable","23":"purchasable","24":"product-type-variable"},"acf":[],"featured_media_urls":{"thumbnail":["https:\/\/trading.hhg.vn\/wp-content\/uploads\/2025\/12\/154__hpb01072_tif-150x150.png",150,150,true],"medium":["https:\/\/trading.hhg.vn\/wp-content\/uploads\/2025\/12\/154__hpb01072_tif-263x300.png",263,300,true],"medium_large":["https:\/\/trading.hhg.vn\/wp-content\/uploads\/2025\/12\/154__hpb01072_tif-768x878.png",768,878,true],"large":["https:\/\/trading.hhg.vn\/wp-content\/uploads\/2025\/12\/154__hpb01072_tif-896x1024.png",896,1024,true],"1536x1536":["https:\/\/trading.hhg.vn\/wp-content\/uploads\/2025\/12\/154__hpb01072_tif-1344x1536.png",1344,1536,true],"2048x2048":["https:\/\/trading.hhg.vn\/wp-content\/uploads\/2025\/12\/154__hpb01072_tif.png",1542,1762,false],"woocommerce_thumbnail":["https:\/\/trading.hhg.vn\/wp-content\/uploads\/2025\/12\/154__hpb01072_tif-600x600.png",600,600,true],"woocommerce_single":["https:\/\/trading.hhg.vn\/wp-content\/uploads\/2025\/12\/154__hpb01072_tif-1200x1371.png",1200,1371,true],"woocommerce_gallery_thumbnail":["https:\/\/trading.hhg.vn\/wp-content\/uploads\/2025\/12\/154__hpb01072_tif-150x171.png",150,171,true],"portfolio_item-thumbnail":["https:\/\/trading.hhg.vn\/wp-content\/uploads\/2025\/12\/154__hpb01072_tif.png",350,400,false],"portfolio_item-thumbnail@2x":["https:\/\/trading.hhg.vn\/wp-content\/uploads\/2025\/12\/154__hpb01072_tif.png",700,800,false],"portfolio_item-masonry":["https:\/\/trading.hhg.vn\/wp-content\/uploads\/2025\/12\/154__hpb01072_tif.png",600,686,false],"portfolio_item-masonry@2x":["https:\/\/trading.hhg.vn\/wp-content\/uploads\/2025\/12\/154__hpb01072_tif.png",1200,1371,false],"portfolio_item-thumbnail_cinema":["https:\/\/trading.hhg.vn\/wp-content\/uploads\/2025\/12\/154__hpb01072_tif.png",293,335,false],"portfolio_item-thumbnail_portrait":["https:\/\/trading.hhg.vn\/wp-content\/uploads\/2025\/12\/154__hpb01072_tif.png",600,686,false],"portfolio_item-thumbnail_portrait@2x":["https:\/\/trading.hhg.vn\/wp-content\/uploads\/2025\/12\/154__hpb01072_tif.png",1200,1371,false],"portfolio_item-thumbnail_square":["https:\/\/trading.hhg.vn\/wp-content\/uploads\/2025\/12\/154__hpb01072_tif.png",700,800,false]},"_links":{"self":[{"href":"https:\/\/trading.hhg.vn\/en\/wp-json\/wp\/v2\/product\/134148","targetHints":{"allow":["GET"]}}],"collection":[{"href":"https:\/\/trading.hhg.vn\/en\/wp-json\/wp\/v2\/product"}],"about":[{"href":"https:\/\/trading.hhg.vn\/en\/wp-json\/wp\/v2\/types\/product"}],"replies":[{"embeddable":true,"href":"https:\/\/trading.hhg.vn\/en\/wp-json\/wp\/v2\/comments?post=134148"}],"version-history":[{"count":1,"href":"https:\/\/trading.hhg.vn\/en\/wp-json\/wp\/v2\/product\/134148\/revisions"}],"predecessor-version":[{"id":134216,"href":"https:\/\/trading.hhg.vn\/en\/wp-json\/wp\/v2\/product\/134148\/revisions\/134216"}],"wp:featuredmedia":[{"embeddable":true,"href":"https:\/\/trading.hhg.vn\/en\/wp-json\/wp\/v2\/media\/123493"}],"wp:attachment":[{"href":"https:\/\/trading.hhg.vn\/en\/wp-json\/wp\/v2\/media?parent=134148"}],"wp:term":[{"taxonomy":"product_cat","embeddable":true,"href":"https:\/\/trading.hhg.vn\/en\/wp-json\/wp\/v2\/product_cat?post=134148"},{"taxonomy":"product_tag","embeddable":true,"href":"https:\/\/trading.hhg.vn\/en\/wp-json\/wp\/v2\/product_tag?post=134148"}],"curies":[{"name":"wp","href":"https:\/\/api.w.org\/{rel}","templated":true}]}}