{"id":134325,"date":"2025-12-16T08:57:31","date_gmt":"2025-12-16T01:57:31","guid":{"rendered":"https:\/\/trading.hhg.vn\/?post_type=product&#038;p=134325"},"modified":"2025-12-30T07:09:56","modified_gmt":"2025-12-30T00:09:56","slug":"gia-do-sen-tay-dang-tron-axor-showersolutions","status":"publish","type":"product","link":"https:\/\/trading.hhg.vn\/en\/s\u1ea3n-ph\u1ea9m\/gia-do-sen-tay-dang-tron-axor-showersolutions\/","title":{"rendered":"Gi\u00e1 \u0111\u1ee1 sen tay d\u1ea1ng tr\u00f2n AXOR ShowerSolutions"},"content":{"rendered":"","protected":false},"excerpt":{"rendered":"<p>Gi\u00e1 \u0111\u1ee1 sen tay AXOR ShowerSolutions kh\u00f4ng ch\u1ec9 l\u00e0 m\u1ed9t ph\u1ee5 ki\u1ec7n, m\u00e0 l\u00e0 tuy\u00ean ng\u00f4n tinh t\u1ebf cho kh\u00f4ng gian t\u1eafm \u0111\u1eb3ng c\u1ea5p. Thi\u1ebft k\u1ebf tr\u00f2n t\u1ed1i gi\u1ea3n, m\u01b0\u1ee3t m\u00e0 \u00f4m tr\u1ecdn sen tay, mang \u0111\u1ebfn v\u1ebb \u0111\u1eb9p hi\u1ec7n \u0111\u1ea1i v\u00e0 sang tr\u1ecdng. C\u00f4ng n\u0103ng v\u01b0\u1ee3t tr\u1ed9i cho ph\u00e9p \u0111i\u1ec1u ch\u1ec9nh linh ho\u1ea1t, \u0111\u1ea3m b\u1ea3o tr\u1ea3i nghi\u1ec7m t\u1eafm th\u01b0 gi\u00e3n ho\u00e0n h\u1ea3o. M\u1ed7i l\u1ea7n ch\u1ea1m l\u00e0 m\u1ed9t c\u1ea3m gi\u00e1c \u00eam \u00e1i, n\u00e2ng niu, bi\u1ebfn kho\u1ea3nh kh\u1eafc th\u01b0\u1eddng nh\u1eadt th\u00e0nh nghi th\u1ee9c ch\u0103m s\u00f3c b\u1ea3n th\u00e2n \u0111\u1ea7y phong c\u00e1ch.<\/p>\n","protected":false},"featured_media":134366,"comment_status":"open","ping_status":"closed","template":"","meta":{"_acf_changed":false},"product_cat":[887],"product_tag":[],"class_list":{"0":"post-134325","1":"product","2":"type-product","3":"status-publish","4":"has-post-thumbnail","6":"product_cat-phu-kien-di-kem","7":"pa_mau-sac-chrome","8":"pa_mau-sac-chrome-den-xuoc","9":"pa_mau-sac-den-mo","10":"pa_mau-sac-dong-thau-xuoc","11":"pa_mau-sac-dong-xuoc","12":"pa_mau-sac-niken-xuoc","13":"pa_mau-sac-thep-khong-gi","14":"pa_mau-sac-vang-bong","15":"pa_mau-sac-vang-hong-xuoc","16":"pa_mau-sac-vang-xuoc","18":"first","19":"instock","20":"shipping-taxable","21":"purchasable","22":"product-type-variable"},"acf":[],"featured_media_urls":{"thumbnail":["https:\/\/trading.hhg.vn\/wp-content\/uploads\/2025\/12\/154__apr03771_tif-150x150.png",150,150,true],"medium":["https:\/\/trading.hhg.vn\/wp-content\/uploads\/2025\/12\/154__apr03771_tif-263x300.png",263,300,true],"medium_large":["https:\/\/trading.hhg.vn\/wp-content\/uploads\/2025\/12\/154__apr03771_tif-768x877.png",768,877,true],"large":["https:\/\/trading.hhg.vn\/wp-content\/uploads\/2025\/12\/154__apr03771_tif-896x1024.png",896,1024,true],"1536x1536":["https:\/\/trading.hhg.vn\/wp-content\/uploads\/2025\/12\/154__apr03771_tif.png",934,1067,false],"2048x2048":["https:\/\/trading.hhg.vn\/wp-content\/uploads\/2025\/12\/154__apr03771_tif.png",934,1067,false],"woocommerce_thumbnail":["https:\/\/trading.hhg.vn\/wp-content\/uploads\/2025\/12\/154__apr03771_tif-600x600.png",600,600,true],"woocommerce_single":["https:\/\/trading.hhg.vn\/wp-content\/uploads\/2025\/12\/154__apr03771_tif.png",934,1067,false],"woocommerce_gallery_thumbnail":["https:\/\/trading.hhg.vn\/wp-content\/uploads\/2025\/12\/154__apr03771_tif-150x171.png",150,171,true],"portfolio_item-thumbnail":["https:\/\/trading.hhg.vn\/wp-content\/uploads\/2025\/12\/154__apr03771_tif.png",350,400,false],"portfolio_item-thumbnail@2x":["https:\/\/trading.hhg.vn\/wp-content\/uploads\/2025\/12\/154__apr03771_tif.png",700,800,false],"portfolio_item-masonry":["https:\/\/trading.hhg.vn\/wp-content\/uploads\/2025\/12\/154__apr03771_tif.png",600,685,false],"portfolio_item-masonry@2x":["https:\/\/trading.hhg.vn\/wp-content\/uploads\/2025\/12\/154__apr03771_tif.png",934,1067,false],"portfolio_item-thumbnail_cinema":["https:\/\/trading.hhg.vn\/wp-content\/uploads\/2025\/12\/154__apr03771_tif.png",293,335,false],"portfolio_item-thumbnail_portrait":["https:\/\/trading.hhg.vn\/wp-content\/uploads\/2025\/12\/154__apr03771_tif.png",600,685,false],"portfolio_item-thumbnail_portrait@2x":["https:\/\/trading.hhg.vn\/wp-content\/uploads\/2025\/12\/154__apr03771_tif.png",934,1067,false],"portfolio_item-thumbnail_square":["https:\/\/trading.hhg.vn\/wp-content\/uploads\/2025\/12\/154__apr03771_tif.png",700,800,false]},"_links":{"self":[{"href":"https:\/\/trading.hhg.vn\/en\/wp-json\/wp\/v2\/product\/134325","targetHints":{"allow":["GET"]}}],"collection":[{"href":"https:\/\/trading.hhg.vn\/en\/wp-json\/wp\/v2\/product"}],"about":[{"href":"https:\/\/trading.hhg.vn\/en\/wp-json\/wp\/v2\/types\/product"}],"replies":[{"embeddable":true,"href":"https:\/\/trading.hhg.vn\/en\/wp-json\/wp\/v2\/comments?post=134325"}],"version-history":[{"count":1,"href":"https:\/\/trading.hhg.vn\/en\/wp-json\/wp\/v2\/product\/134325\/revisions"}],"predecessor-version":[{"id":134368,"href":"https:\/\/trading.hhg.vn\/en\/wp-json\/wp\/v2\/product\/134325\/revisions\/134368"}],"wp:featuredmedia":[{"embeddable":true,"href":"https:\/\/trading.hhg.vn\/en\/wp-json\/wp\/v2\/media\/134366"}],"wp:attachment":[{"href":"https:\/\/trading.hhg.vn\/en\/wp-json\/wp\/v2\/media?parent=134325"}],"wp:term":[{"taxonomy":"product_cat","embeddable":true,"href":"https:\/\/trading.hhg.vn\/en\/wp-json\/wp\/v2\/product_cat?post=134325"},{"taxonomy":"product_tag","embeddable":true,"href":"https:\/\/trading.hhg.vn\/en\/wp-json\/wp\/v2\/product_tag?post=134325"}],"curies":[{"name":"wp","href":"https:\/\/api.w.org\/{rel}","templated":true}]}}